{"id":4533,"date":"2021-03-13T16:32:32","date_gmt":"2021-03-13T15:32:32","guid":{"rendered":"https:\/\/mayflower-capital.de\/?page_id=4533"},"modified":"2025-03-28T15:12:51","modified_gmt":"2025-03-28T14:12:51","slug":"nachhaltigkeit-esg","status":"publish","type":"page","link":"https:\/\/mayflower-capital.de\/nds-de\/nachhaltigkeit-esg\/","title":{"rendered":"Nachhaltigkeit (ESG)"},"content":{"rendered":"\t\t<div data-elementor-type=\"wp-page\" data-elementor-id=\"4533\" class=\"elementor elementor-4533\" data-elementor-post-type=\"page\">\n\t\t\t\t<div class=\"elementor-element elementor-element-4cf37946 e-flex e-con-boxed e-con e-parent\" data-id=\"4cf37946\" data-element_type=\"container\" data-e-type=\"container\">\n\t\t\t\t\t<div class=\"e-con-inner\">\n\t\t\t\t<div class=\"elementor-element elementor-element-59e74e1d textblock-full-width-margin-left elementor-widget elementor-widget-text-editor\" data-id=\"59e74e1d\" data-element_type=\"widget\" data-e-type=\"widget\" data-widget_type=\"text-editor.default\">\n\t\t\t\t<div class=\"elementor-widget-container\">\n\t\t\t\t\t\t\t\t\t<h2>Nachhaltigkeit bei der Mayflower Capital AG<\/h2><p>Zum 10. M\u00e4rz 2021 trat die EU-Verordnung \u00fcber \u201enachhaltigkeitsbezogene Offenlegungspflichten im Finanzdienstleistungssektor\u201d (TVO) in Kraft, mit der Europa einen weiteren Schritt beim wichtigen Zukunftsthema Nachhaltigkeit geht. Die TVO basiert auf dem EU-Aktionsplan f\u00fcr ein nachhaltiges Finanzwesen.<\/p><p>Nachfolgend m\u00f6chten wir Sie \u00fcber unseren Umgang mit dem Thema Nachhaltigkeit (ESG), das f\u00fcr uns und unsere Mayflower-Partner einen hohen Stellenwert hat, informieren.<\/p>\t\t\t\t\t\t\t\t<\/div>\n\t\t\t\t<\/div>\n\t\t\t\t<div class=\"elementor-element elementor-element-a37336e textblock-full-width-margin-left elementor-widget elementor-widget-text-editor\" data-id=\"a37336e\" data-element_type=\"widget\" data-e-type=\"widget\" data-widget_type=\"text-editor.default\">\n\t\t\t\t<div class=\"elementor-widget-container\">\n\t\t\t\t\t\t\t\t\t<h3>I. Grunds\u00e4tzliches\/Was sind Nachhaltigkeitsrisiken?<\/h3><p>Als Nachhaltigkeitsrisiken, auch ESG-Risiken genannt, werden Ereignisse oder Bedingungen aus den drei Bereichen <strong>Umwelt (Environment), Soziales (Social) und Unternehmensf\u00fchrung (Governance)<\/strong> bezeichnet, deren Eintreten Auswirkungen auf den Wert einer Anlage haben k\u00f6nnten. Diese Risiken k\u00f6nnen einzelne Unternehmen genauso wie ganze Branchen oder Regionen betreffen.<\/p><p>Beispiele f\u00fcr Nachhaltigkeitsrisiken, die sich aus den drei Bereichen ergeben k\u00f6nnten:<\/p><ul><li>Umwelt:\u00a0In Folge des Klimawandels k\u00f6nnten vermehrt auftretende Extremwetterereignisse ein Risiko darstellen. Dieses Risiko wird auch physisches Risiko genannt. Ein Beispiel hierf\u00fcr w\u00e4re eine extreme Trockenperiode in einer bestimmten Region, Hochwasser oder \u00dcberschwemmungen.<\/li><li>Soziales:\u00a0Im Bereich des Sozialen k\u00f6nnten sich Risiken zum Beispiel aus der Nichteinhaltung von Menschenrechten, Gleichberechtigung oder des Gesundheitsschutzes ergeben.<\/li><li>Unternehmensf\u00fchrung:\u00a0Beispiele f\u00fcr Risiken im Bereich der Unternehmensf\u00fchrung sind etwa die Nichteinhaltung der Steuerehrlichkeit oder Korruption in Unternehmen.<\/li><\/ul>\t\t\t\t\t\t\t\t<\/div>\n\t\t\t\t<\/div>\n\t\t\t\t<div class=\"elementor-element elementor-element-4fa9557 textblock-full-width-margin-left elementor-widget elementor-widget-text-editor\" data-id=\"4fa9557\" data-element_type=\"widget\" data-e-type=\"widget\" data-widget_type=\"text-editor.default\">\n\t\t\t\t<div class=\"elementor-widget-container\">\n\t\t\t\t\t\t\t\t\t<h3>II. Mayflower-Capital-Strategie zur Einbeziehung von Nachhaltigkeitsrisiken bei der (Versicherungs-)Anlage- und Finanzanlageberatung<\/h3><p>Die folgenden Kernbereiche spielen f\u00fcr uns im Rahmen der Ber\u00fccksichtigung von Nachhaltigkeitsrisiken eine entscheidende Rolle:<\/p><ul><li>die Auswahl der Produktpartner und deren Produktportfolio<\/li><li>die (Versicherungs-)Anlage- und Finanzanlageberatung an sich<\/li><\/ul><p>Im Einzelnen:<\/p><h5>1. Auswahl Produktpartner und deren Produktportfolio<\/h5><p>All unsere Produktpartner im Bereich (Versicherungs-)Anlage- und Finanzanlageberatung w\u00e4hlen wir sehr sorgsam aus.<\/p><p>Unser Management und unsere ausgew\u00e4hlten Kollegen und Mitarbeiter suchen hierbei den stetigen Austausch mit unseren (potentiellen) Produktpartnern, um ESG-relevante Themen zu er\u00f6rtern und zu diskutieren. Ziel ist es, deren Umgang mit diesen Themen zu kennen und im Blick zu haben.<\/p><p>Dabei achten wir darauf, mit Produktpartnern zusammen zu arbeiten, die permanent an der Weiterentwicklung und Optimierung ihres ESG-bezogenen Verhaltens und ihrer Best Practices arbeiten. Diese Produktpartner genie\u00dfen unser Vertrauen.<\/p><p>Dasselbe gilt f\u00fcr das Produktportfolio. Auch hier achten wir bei der Auswahl der Produkte darauf, dass ESG-Kriterien und Aspekte f\u00fcr nachhaltiges Investieren in die Investmentanalysen einflie\u00dfen und f\u00fcr die Entscheidungen unserer Kunden herangezogen werden k\u00f6nnen.<\/p><h5>2. Nachhaltigkeitsrisiken im Rahmen unserer Beratungst\u00e4tigkeit (Art. 3 TVO)<\/h5><p>Wir sind stolz darauf, in der (Versicherungs-)Anlage- und Finanzanlageberatung auf ein gro\u00dfes Produktportfolio zugreifen zu k\u00f6nnen.<\/p><p>Um Nachhaltigkeitsrisiken in unsere <a href=\"https:\/\/mayflower-capital.de\/beratung-services\/beratung\/\">Beratung<\/a> einzubeziehen, werden im Rahmen der Auswahl unserer Produktpartner und deren Produkte im Wesentlichen die uns zur Verf\u00fcgung gestellten Informationen ber\u00fccksichtigt. Produktpartner, die erkennbar keine Strategie zur Einbeziehung von Nachhaltigkeitsrisiken in ihre Investitionsentscheidungen haben, werden ggf. nicht angeboten.<\/p><p>Im Rahmen der Beratung wird ggf. gesondert dargestellt, wenn die Ber\u00fccksichtigung der Nachhaltigkeitsrisiken bei der Investmententscheidung erkennbare Vor- bzw. Nachteile f\u00fcr den Kunden bedeuten.<\/p><p>Um die Bewertung von Nachhaltigkeitsrisiken vorzunehmen, nutzen wir auch zus\u00e4tzliche Informationen von Dienstleistern, Verb\u00e4nden oder Organisationen, die sich auf die Beurteilung dieser Risiken spezialisiert haben.<\/p><p>\u00dcber die Ber\u00fccksichtigung von Nachhaltigkeitsrisiken bei Investitionsentscheidungen des jeweiligen Produktpartners informiert dieser dar\u00fcber hinaus mit seinen vorvertraglichen Informationen.<\/p><p>Fragen k\u00f6nnen unsere Kunden im Vorfeld eines m\u00f6glichen Abschlusses nat\u00fcrlich jederzeit stellen \u2013 mehr noch: diese sind sogar gew\u00fcnscht.<\/p><h6><strong>a.<\/strong> Einzelheiten<strong> zur (Versicherungs-)Anlageberatung:<\/strong><\/h6><p>Im Rahmen unseres Beratungsprozesses stehen Produkte mit Nachhaltigkeitsfokus zur Verf\u00fcgung, die ein bestehendes Bed\u00fcrfnis unserer Kunden, Produkte erwerben zu k\u00f6nnen, die bestimmte Umwelt- und\/oder soziale und\/oder gesellschaftliche Aspekte, befriedigen.<\/p><p>Diese Versicherungsanlage- und Altersvorsorgeprodukte k\u00f6nnen geeignet sein, abh\u00e4ngig von den Anlagezielen, den Anlageerfahrungen oder der Risikotoleranz der Kunden.<\/p><h6>b. Einzelheiten zur Finanzanlageberatung<\/h6><p>Wir k\u00f6nnen ein bestehendes Bed\u00fcrfnis unserer Kunden, in Produkte zu investieren, die einen st\u00e4rkeren Nachhaltigkeitsfokus haben, befriedigen.<\/p><p>So stehen unseren Kunden Investmentfonds zur Verf\u00fcgung, die nach Art. 6 der EU-Offenlegungsverordnung einzuordnen sind und bei denen ein grunds\u00e4tzliches ESG-Research der Produktanbieter ber\u00fccksichtigt wird.<\/p><p>Dar\u00fcber hinaus k\u00f6nnen wir unseren Kunden auf deren Wunsch hin auch eine Auswahl explizit nachhaltiger Fonds gem. Art. 8 der EU-Offenlegungsverordnung anbieten, die ihren Fokus auf Umwelt- und\/oder soziale und\/oder gesellschaftliche Aspekte legen.<\/p><p>Die Investments k\u00f6nnen im Rahmen der Anlageberatung geeignet sein, abh\u00e4ngig von den Anlagezielen, den Anlageerfahrungen oder dem Rendite-Risiko-Profil der Kunden.<\/p><p>Grunds\u00e4tzlich wird auch in Bezug auf Nachhaltigkeitsrisiken eine m\u00f6glichst breite Streuung (Diversifizierung) der Anlage in Finanzanlageprodukte oder ggf. auch innerhalb eines Finanzanlageproduktes empfohlen.<\/p>\t\t\t\t\t\t\t\t<\/div>\n\t\t\t\t<\/div>\n\t\t\t\t<div class=\"elementor-element elementor-element-568dc53 textblock-full-width-margin-left elementor-widget elementor-widget-text-editor\" data-id=\"568dc53\" data-element_type=\"widget\" data-e-type=\"widget\" data-widget_type=\"text-editor.default\">\n\t\t\t\t<div class=\"elementor-widget-container\">\n\t\t\t\t\t\t\t\t\t<h3>III. Ber\u00fccksichtigung nachteiliger Auswirkungen auf Nachhaltigkeitsfaktoren (Art. 4 TVO)<\/h3><p>Nachhaltigkeitsrisiken k\u00f6nnen naturgem\u00e4\u00df sowohl positive als auch negative Einfl\u00fcsse auf die k\u00fcnftige Wertentwicklung haben. Wichtig ist daher, dass den Risiken Aufmerksamkeit geschenkt wird.<\/p><p>Die Identifizierung der Nachhaltigkeitsrisiken erfolgt in erster Linie durch den Produktpartner, auf deren Informationen wir, wie bereits geschildert, zur\u00fcckgreifen.<\/p><p>Im Rahmen der Beratung werden die wichtigsten nachteiligen Auswirkungen von Investitionsentscheidungen auf Nachhaltigkeitsfaktoren ber\u00fccksichtigt. Wir weisen darauf hin, dass derzeit eine Ber\u00fccksichtigung auf Grund sich aufbauender, aber aktuell noch ggf. rudiment\u00e4rer Informationen durch die Produktpartner lediglich bedingt erfolgen kann.<\/p><p>Die Ber\u00fccksichtigung erfolgt auf Basis der uns zur Verf\u00fcgung gestellten Informationen, die wir unseren Kunden zur Verf\u00fcgung stellen und mit diesen er\u00f6rtern.<\/p><p>Wir nehmen keine eigene Einstufung und Auswahl von Produkten anhand von Nachhaltigkeitsindikatoren vor (z. B. \u00fcber eine Rangfolge- und Auswahlmethode), da diese Einstufung aus unserer Sicht nur durch die Produktpartner erfolgen kann.<\/p>\t\t\t\t\t\t\t\t<\/div>\n\t\t\t\t<\/div>\n\t\t\t\t<div class=\"elementor-element elementor-element-108fac1 textblock-full-width-margin-left elementor-widget elementor-widget-text-editor\" data-id=\"108fac1\" data-element_type=\"widget\" data-e-type=\"widget\" data-widget_type=\"text-editor.default\">\n\t\t\t\t<div class=\"elementor-widget-container\">\n\t\t\t\t\t\t\t\t\t<h3>IV. Verg\u00fctungspolitik und Nachhaltigkeitsrisiken (Art. 5 TVO)<\/h3><p>Die Verg\u00fctung f\u00fcr die Vermittlung von Versicherungsanlage- und Finanzanlageprodukten wird grunds\u00e4tzlich nicht von den Nachhaltigkeitsrisiken beeinflusst.<\/p>\t\t\t\t\t\t\t\t<\/div>\n\t\t\t\t<\/div>\n\t\t\t\t\t<\/div>\n\t\t\t\t<\/div>\n\t\t\t\t<\/div>\n\t\t","protected":false},"excerpt":{"rendered":"<p>Nachhaltigkeit bei der Mayflower Capital AG Zum 10. M\u00e4rz 2021 trat die EU-Verordnung \u00fcber \u201enachhaltigkeitsbezogene Offenlegungspflichten im Finanzdienstleistungssektor\u201d (TVO) in Kraft, mit der Europa einen weiteren Schritt beim wichtigen Zukunftsthema Nachhaltigkeit geht. Die TVO basiert auf dem EU-Aktionsplan f\u00fcr ein nachhaltiges Finanzwesen. Nachfolgend m\u00f6chten wir Sie \u00fcber unseren Umgang mit dem Thema Nachhaltigkeit (ESG), das [&hellip;]<\/p>\n","protected":false},"author":1,"featured_media":3280,"parent":0,"menu_order":0,"comment_status":"closed","ping_status":"closed","template":"","meta":{"_acf_changed":false,"footnotes":""},"folder":[835],"class_list":["post-4533","page","type-page","status-publish","has-post-thumbnail","hentry"],"acf":[],"yoast_head":"<!-- This site is optimized with the Yoast SEO plugin v27.4 - https:\/\/yoast.com\/product\/yoast-seo-wordpress\/ -->\n<title>Nachhaltigkeit (ESG) - Mayflower Capital<\/title>\n<meta name=\"description\" content=\"Mayflower Capital integriert Nachhaltigkeit und ESG-Kriterien in Finanzberatung und Investitionen f\u00fcr verantwortungsbewusste Kunden.\" \/>\n<meta name=\"robots\" content=\"index, follow, max-snippet:-1, max-image-preview:large, max-video-preview:-1\" \/>\n<link rel=\"canonical\" href=\"https:\/\/mayflower-capital.de\/nachhaltigkeit-esg\/\" \/>\n<meta property=\"og:locale\" content=\"en_US\" \/>\n<meta property=\"og:type\" content=\"article\" \/>\n<meta property=\"og:title\" content=\"Nachhaltigkeit (ESG) - Mayflower Capital\" \/>\n<meta property=\"og:description\" content=\"Mayflower Capital integriert Nachhaltigkeit und ESG-Kriterien in Finanzberatung und Investitionen f\u00fcr verantwortungsbewusste Kunden.\" \/>\n<meta property=\"og:url\" content=\"https:\/\/mayflower-capital.de\/nachhaltigkeit-esg\/\" \/>\n<meta property=\"og:site_name\" content=\"Mayflower Capital\" \/>\n<meta property=\"article:publisher\" content=\"https:\/\/www.facebook.com\/MayflowerCapital\" \/>\n<meta property=\"article:modified_time\" content=\"2025-03-28T14:12:51+00:00\" \/>\n<meta property=\"og:image\" content=\"https:\/\/mayflower-capital.de\/wp-content\/uploads\/2020\/09\/downloads.jpg\" \/>\n\t<meta property=\"og:image:width\" content=\"1920\" \/>\n\t<meta property=\"og:image:height\" content=\"823\" \/>\n\t<meta property=\"og:image:type\" content=\"image\/jpeg\" \/>\n<meta name=\"twitter:card\" content=\"summary_large_image\" \/>\n<meta name=\"twitter:label1\" content=\"Est. reading time\" \/>\n\t<meta name=\"twitter:data1\" content=\"5 minutes\" \/>\n<script type=\"application\/ld+json\" class=\"yoast-schema-graph\">{\"@context\":\"https:\\\/\\\/schema.org\",\"@graph\":[{\"@type\":\"WebPage\",\"@id\":\"https:\\\/\\\/mayflower-capital.de\\\/nachhaltigkeit-esg\\\/\",\"url\":\"https:\\\/\\\/mayflower-capital.de\\\/nachhaltigkeit-esg\\\/\",\"name\":\"Nachhaltigkeit (ESG) - Mayflower Capital\",\"isPartOf\":{\"@id\":\"https:\\\/\\\/mayflower-capital.de\\\/#website\"},\"primaryImageOfPage\":{\"@id\":\"https:\\\/\\\/mayflower-capital.de\\\/nachhaltigkeit-esg\\\/#primaryimage\"},\"image\":{\"@id\":\"https:\\\/\\\/mayflower-capital.de\\\/nachhaltigkeit-esg\\\/#primaryimage\"},\"thumbnailUrl\":\"https:\\\/\\\/mayflower-capital.de\\\/wp-content\\\/uploads\\\/2020\\\/09\\\/downloads.jpg\",\"datePublished\":\"2021-03-13T15:32:32+00:00\",\"dateModified\":\"2025-03-28T14:12:51+00:00\",\"description\":\"Mayflower Capital integriert Nachhaltigkeit und ESG-Kriterien in Finanzberatung und Investitionen f\u00fcr verantwortungsbewusste Kunden.\",\"breadcrumb\":{\"@id\":\"https:\\\/\\\/mayflower-capital.de\\\/nachhaltigkeit-esg\\\/#breadcrumb\"},\"inLanguage\":\"nds-DE\",\"potentialAction\":[{\"@type\":\"ReadAction\",\"target\":[\"https:\\\/\\\/mayflower-capital.de\\\/nachhaltigkeit-esg\\\/\"]}]},{\"@type\":\"ImageObject\",\"inLanguage\":\"nds-DE\",\"@id\":\"https:\\\/\\\/mayflower-capital.de\\\/nachhaltigkeit-esg\\\/#primaryimage\",\"url\":\"https:\\\/\\\/mayflower-capital.de\\\/wp-content\\\/uploads\\\/2020\\\/09\\\/downloads.jpg\",\"contentUrl\":\"https:\\\/\\\/mayflower-capital.de\\\/wp-content\\\/uploads\\\/2020\\\/09\\\/downloads.jpg\",\"width\":1920,\"height\":823,\"caption\":\"Mayflower Capital: Downloads\"},{\"@type\":\"BreadcrumbList\",\"@id\":\"https:\\\/\\\/mayflower-capital.de\\\/nachhaltigkeit-esg\\\/#breadcrumb\",\"itemListElement\":[{\"@type\":\"ListItem\",\"position\":1,\"name\":\"Home\",\"item\":\"https:\\\/\\\/mayflower-capital.de\\\/nds-de\\\/home\\\/\"},{\"@type\":\"ListItem\",\"position\":2,\"name\":\"Nachhaltigkeit (ESG)\"}]},{\"@type\":\"WebSite\",\"@id\":\"https:\\\/\\\/mayflower-capital.de\\\/#website\",\"url\":\"https:\\\/\\\/mayflower-capital.de\\\/\",\"name\":\"Mayflower Capital\",\"description\":\"Die unabh\u00e4ngige Finanzberatung\",\"publisher\":{\"@id\":\"https:\\\/\\\/mayflower-capital.de\\\/#organization\"},\"potentialAction\":[{\"@type\":\"SearchAction\",\"target\":{\"@type\":\"EntryPoint\",\"urlTemplate\":\"https:\\\/\\\/mayflower-capital.de\\\/?s={search_term_string}\"},\"query-input\":{\"@type\":\"PropertyValueSpecification\",\"valueRequired\":true,\"valueName\":\"search_term_string\"}}],\"inLanguage\":\"nds-DE\"},{\"@type\":\"Organization\",\"@id\":\"https:\\\/\\\/mayflower-capital.de\\\/#organization\",\"name\":\"Mayflower Capital\",\"url\":\"https:\\\/\\\/mayflower-capital.de\\\/\",\"logo\":{\"@type\":\"ImageObject\",\"inLanguage\":\"nds-DE\",\"@id\":\"https:\\\/\\\/mayflower-capital.de\\\/#\\\/schema\\\/logo\\\/image\\\/\",\"url\":\"https:\\\/\\\/mayflower-capital.de\\\/wp-content\\\/uploads\\\/2023\\\/09\\\/Logo_Mayflower_RGB.svg\",\"contentUrl\":\"https:\\\/\\\/mayflower-capital.de\\\/wp-content\\\/uploads\\\/2023\\\/09\\\/Logo_Mayflower_RGB.svg\",\"width\":272,\"height\":149,\"caption\":\"Mayflower Capital\"},\"image\":{\"@id\":\"https:\\\/\\\/mayflower-capital.de\\\/#\\\/schema\\\/logo\\\/image\\\/\"},\"sameAs\":[\"https:\\\/\\\/www.facebook.com\\\/MayflowerCapital\",\"https:\\\/\\\/www.instagram.com\\\/mayflowercapital\\\/\",\"https:\\\/\\\/www.linkedin.com\\\/company\\\/mayflowercapital-ag\\\/\"]}]}<\/script>\n<!-- \/ Yoast SEO plugin. -->","yoast_head_json":{"title":"Nachhaltigkeit (ESG) - Mayflower Capital","description":"Mayflower Capital integriert Nachhaltigkeit und ESG-Kriterien in Finanzberatung und Investitionen f\u00fcr verantwortungsbewusste Kunden.","robots":{"index":"index","follow":"follow","max-snippet":"max-snippet:-1","max-image-preview":"max-image-preview:large","max-video-preview":"max-video-preview:-1"},"canonical":"https:\/\/mayflower-capital.de\/nachhaltigkeit-esg\/","og_locale":"en_US","og_type":"article","og_title":"Nachhaltigkeit (ESG) - Mayflower Capital","og_description":"Mayflower Capital integriert Nachhaltigkeit und ESG-Kriterien in Finanzberatung und Investitionen f\u00fcr verantwortungsbewusste Kunden.","og_url":"https:\/\/mayflower-capital.de\/nachhaltigkeit-esg\/","og_site_name":"Mayflower Capital","article_publisher":"https:\/\/www.facebook.com\/MayflowerCapital","article_modified_time":"2025-03-28T14:12:51+00:00","og_image":[{"width":1920,"height":823,"url":"https:\/\/mayflower-capital.de\/wp-content\/uploads\/2020\/09\/downloads.jpg","type":"image\/jpeg"}],"twitter_card":"summary_large_image","twitter_misc":{"Est. reading time":"5 minutes"},"schema":{"@context":"https:\/\/schema.org","@graph":[{"@type":"WebPage","@id":"https:\/\/mayflower-capital.de\/nachhaltigkeit-esg\/","url":"https:\/\/mayflower-capital.de\/nachhaltigkeit-esg\/","name":"Nachhaltigkeit (ESG) - Mayflower Capital","isPartOf":{"@id":"https:\/\/mayflower-capital.de\/#website"},"primaryImageOfPage":{"@id":"https:\/\/mayflower-capital.de\/nachhaltigkeit-esg\/#primaryimage"},"image":{"@id":"https:\/\/mayflower-capital.de\/nachhaltigkeit-esg\/#primaryimage"},"thumbnailUrl":"https:\/\/mayflower-capital.de\/wp-content\/uploads\/2020\/09\/downloads.jpg","datePublished":"2021-03-13T15:32:32+00:00","dateModified":"2025-03-28T14:12:51+00:00","description":"Mayflower Capital integriert Nachhaltigkeit und ESG-Kriterien in Finanzberatung und Investitionen f\u00fcr verantwortungsbewusste Kunden.","breadcrumb":{"@id":"https:\/\/mayflower-capital.de\/nachhaltigkeit-esg\/#breadcrumb"},"inLanguage":"nds-DE","potentialAction":[{"@type":"ReadAction","target":["https:\/\/mayflower-capital.de\/nachhaltigkeit-esg\/"]}]},{"@type":"ImageObject","inLanguage":"nds-DE","@id":"https:\/\/mayflower-capital.de\/nachhaltigkeit-esg\/#primaryimage","url":"https:\/\/mayflower-capital.de\/wp-content\/uploads\/2020\/09\/downloads.jpg","contentUrl":"https:\/\/mayflower-capital.de\/wp-content\/uploads\/2020\/09\/downloads.jpg","width":1920,"height":823,"caption":"Mayflower Capital: Downloads"},{"@type":"BreadcrumbList","@id":"https:\/\/mayflower-capital.de\/nachhaltigkeit-esg\/#breadcrumb","itemListElement":[{"@type":"ListItem","position":1,"name":"Home","item":"https:\/\/mayflower-capital.de\/nds-de\/home\/"},{"@type":"ListItem","position":2,"name":"Nachhaltigkeit (ESG)"}]},{"@type":"WebSite","@id":"https:\/\/mayflower-capital.de\/#website","url":"https:\/\/mayflower-capital.de\/","name":"Mayflower Capital","description":"Die unabh\u00e4ngige Finanzberatung","publisher":{"@id":"https:\/\/mayflower-capital.de\/#organization"},"potentialAction":[{"@type":"SearchAction","target":{"@type":"EntryPoint","urlTemplate":"https:\/\/mayflower-capital.de\/?s={search_term_string}"},"query-input":{"@type":"PropertyValueSpecification","valueRequired":true,"valueName":"search_term_string"}}],"inLanguage":"nds-DE"},{"@type":"Organization","@id":"https:\/\/mayflower-capital.de\/#organization","name":"Mayflower Capital","url":"https:\/\/mayflower-capital.de\/","logo":{"@type":"ImageObject","inLanguage":"nds-DE","@id":"https:\/\/mayflower-capital.de\/#\/schema\/logo\/image\/","url":"https:\/\/mayflower-capital.de\/wp-content\/uploads\/2023\/09\/Logo_Mayflower_RGB.svg","contentUrl":"https:\/\/mayflower-capital.de\/wp-content\/uploads\/2023\/09\/Logo_Mayflower_RGB.svg","width":272,"height":149,"caption":"Mayflower Capital"},"image":{"@id":"https:\/\/mayflower-capital.de\/#\/schema\/logo\/image\/"},"sameAs":["https:\/\/www.facebook.com\/MayflowerCapital","https:\/\/www.instagram.com\/mayflowercapital\/","https:\/\/www.linkedin.com\/company\/mayflowercapital-ag\/"]}]}},"_links":{"self":[{"href":"https:\/\/mayflower-capital.de\/nds-de\/wp-json\/wp\/v2\/pages\/4533","targetHints":{"allow":["GET"]}}],"collection":[{"href":"https:\/\/mayflower-capital.de\/nds-de\/wp-json\/wp\/v2\/pages"}],"about":[{"href":"https:\/\/mayflower-capital.de\/nds-de\/wp-json\/wp\/v2\/types\/page"}],"author":[{"embeddable":true,"href":"https:\/\/mayflower-capital.de\/nds-de\/wp-json\/wp\/v2\/users\/1"}],"replies":[{"embeddable":true,"href":"https:\/\/mayflower-capital.de\/nds-de\/wp-json\/wp\/v2\/comments?post=4533"}],"version-history":[{"count":1,"href":"https:\/\/mayflower-capital.de\/nds-de\/wp-json\/wp\/v2\/pages\/4533\/revisions"}],"predecessor-version":[{"id":8527,"href":"https:\/\/mayflower-capital.de\/nds-de\/wp-json\/wp\/v2\/pages\/4533\/revisions\/8527"}],"wp:featuredmedia":[{"embeddable":true,"href":"https:\/\/mayflower-capital.de\/nds-de\/wp-json\/wp\/v2\/media\/3280"}],"wp:attachment":[{"href":"https:\/\/mayflower-capital.de\/nds-de\/wp-json\/wp\/v2\/media?parent=4533"}],"wp:term":[{"taxonomy":"folder","embeddable":true,"href":"https:\/\/mayflower-capital.de\/nds-de\/wp-json\/wp\/v2\/folder?post=4533"}],"curies":[{"name":"wp","href":"https:\/\/api.w.org\/{rel}","templated":true}]}}