{"id":22908,"date":"2025-06-30T17:30:25","date_gmt":"2025-06-30T15:30:25","guid":{"rendered":"https:\/\/mayflower-capital.de\/?page_id=22908"},"modified":"2025-07-01T11:20:27","modified_gmt":"2025-07-01T09:20:27","slug":"erklaerung-zur-barrierefreiheit","status":"publish","type":"page","link":"https:\/\/mayflower-capital.de\/nds-de\/erklaerung-zur-barrierefreiheit\/","title":{"rendered":"Erkl\u00e4rung zur Barrierefreiheit"},"content":{"rendered":"\t\t<div data-elementor-type=\"wp-page\" data-elementor-id=\"22908\" class=\"elementor elementor-22908\" data-elementor-post-type=\"page\">\n\t\t\t\t<div class=\"elementor-element elementor-element-6896ba11 e-flex e-con-boxed e-con e-parent\" data-id=\"6896ba11\" data-element_type=\"container\" data-e-type=\"container\">\n\t\t\t\t\t<div class=\"e-con-inner\">\n\t\t\t\t<div class=\"elementor-element elementor-element-3c88f902 elementor-widget elementor-widget-text-editor\" data-id=\"3c88f902\" data-element_type=\"widget\" data-e-type=\"widget\" data-widget_type=\"text-editor.default\">\n\t\t\t\t<div class=\"elementor-widget-container\">\n\t\t\t\t\t\t\t\t\t<h2><strong>Barrierefreiheitserkl\u00e4rung (Stand: Juni 2025)<\/strong><\/h2>\n<p>Die Mayflower Capital AG verpflichtet sich, die Barrierefreiheit dieser Webseite\u00a0sicherzustellen und allen Nutzern einen gleichberechtigten Zugang zu Informationen und Funktionen zu erm\u00f6glichen. Dabei orientieren wir uns an den Anforderungen des Barrierefreiheitsst\u00e4rkungsgesetzes (BFSG), der EU-Richtlinie (EU) 2019\/882, sowie den\u00a0Web Content Accessibility Guidelines\u00a0(WCAG) 2.2, mindestens auf Konformit\u00e4tsstufe AA.<\/p>\n<p><strong>\u00a0<\/strong><\/p>\n<h2><strong>Unsere Bem\u00fchungen zur Unterst\u00fctzung der Barrierefreiheit<\/strong><\/h2>\n<ul>\n<li>Klare Ziele und Verantwortlichkeiten zur barrierearmen Gestaltung und Entwicklung dieser\u00a0Webseite und unserer Dienstleistungen<\/li>\n<li>Regelm\u00e4\u00dfige Pr\u00fcfung und Weiterentwicklung dieser Webseite\u00a0zur Optimierung der Zug\u00e4nglichkeit.<\/li>\n<li>Qualit\u00e4tssicherung durch Feedback und Meldefunktionen<\/li>\n<\/ul>\n<p>\u00a0<\/p>\n<h2><strong>Stand der Umsetzung<\/strong><\/h2>\n<p>Unsere\u00a0Webseite ist weitestgehend mit den Anforderungen geltender Gesetze, sowie den\u00a0Web Content Accessibility Guidelines\u00a0(WCAG) 2.2 vereinbar.<\/p>\n<p><strong>\u00a0<\/strong><\/p>\n<h2><strong>Nicht barrierefreie Inhalte<\/strong><\/h2>\n<p>Die nachstehenden Inhalte und Funktionen entsprechen derzeit noch nicht den WCAG 2.2-Kriterien in der Konformit\u00e4tsstufe AA. Wir arbeiten weiterhin an L\u00f6sungen and stellen zeitnah Aktualisierungen zur Verf\u00fcgung:<\/p>\n<ul>\n<li>Keine barrierefreien PDFS \u00a0<\/li>\n<\/ul>\n<p><strong>\u00a0<\/strong><\/p>\n<h2><strong>Barriere melden<\/strong><\/h2>\n<p>Wir freuen uns \u00fcber Hinweise, um die Barrierefreiheit unserer\u00a0Webseite\u00a0weiter zu verbessern. <strong>Hinweise richten Sie bitte direkt an: info@mayflower-capital.de.<\/strong><a href=\"mailto:info@definet.de\">mailto:info@definet.de<\/a><\/p>\n<p>\u00a0<\/p>\n<p>Sie k\u00f6nnen uns auch per Post, Fax oder telefonisch kontaktieren:<\/p>\n<p><strong>\u00a0<\/strong><\/p>\n<p><strong>Mayflower Capital AG<br \/>Helfmann-Park 8<br \/>D-65760 Eschborn<\/strong><\/p>\n<p><strong>Fon: +49 (0) 6196 \u2013 58 68 -0<br \/>Fax: +49 (0) 6196 \u2013 58 68 -440<\/strong><\/p>\n<p>\u00a0<\/p>\n<p>Bei der Kontaktaufnahme via\u00a0E-Mail\u00a0werden die angegebenen personenbezogenen Daten auf Basis Ihrer Einwilligung an uns zur Bearbeitung Ihrer Anfrage\/ Verwendung des Inhalts zur Qualit\u00e4tssicherungszwecken verarbeitet (Rechtsgrundlage ist Art. 6 Abs. 1 S. 1 lit. a DSGVO). Weitere Informationen dazu befinden sich in unserer Datenschutzerkl\u00e4rung.<\/p>\n<p><strong>\u00a0<\/strong><\/p>\n<h2><strong>Schlichtungsverfahren<\/strong><\/h2>\n<p>Falls Sie keine zufriedenstellende R\u00fcckmeldung von uns erhalten, k\u00f6nnen Sie sich an die zust\u00e4ndige Schlichtungsstelle wenden:<\/p>\n<p><strong>Schlichtungsstelle nach dem Behindertengleichstellungsgesetz<br \/>bei dem Beauftragten der Bundesregierung f\u00fcr die Belange von Menschen mit Behinderungen<\/strong><\/p>\n<p>Mauerstra\u00dfe 53<br \/>10117\u00a0Berlin<\/p>\n<p>Telefon: +49 \u2013 (0)30 18 527-2805<br \/>Fax: +49 \u2013(0)30 18 527-2901<\/p>\n<p>E-Mail:\u00a0<a href=\"mailto:info@schlichtungsstelle-bgg.de\">info(at)schlichtungsstelle-bgg.de<\/a><br \/>Internet:\u00a0<a href=\"http:\/\/www.schlichtungsstelle-bgg.de\/\" target=\"_blank\">www.schlichtungsstelle-bgg.de<\/a><\/p>\n<p><strong>\u00a0<\/strong><\/p>\n<h2><strong>Erstellung dieser Erkl\u00e4rung zur Barrierefreiheit<\/strong><\/h2>\n<p>Diese Erkl\u00e4rung wurde am 30. Juni 2025 zuletzt aktualisiert.<\/p>\n<p>Die Einsch\u00e4tzung basiert auf der im Juni 2025 zuletzt ausgef\u00fchrten Selbstbewertung.<\/p>\n<p>Die j\u00e4hrlich gesetzlich vorgeschriebene Aktualisierung der Erkl\u00e4rung der Barrierefreiheit wird ausnahmslos umgesetzt.<\/p>\n<p>Art.\u00a07\u00a0Abs.\u00a01 lit. c der Richtlinie (EU) 2016\/2101 sieht vor, dass bei erfolglosem Feedback ein Durchsetzungsverfahren in Anspruch genommen werden kann und dieses in der Erkl\u00e4rung zur Barrierefreiheit zu benennen ist. Diese Regelung wurde dadurch umgesetzt, dass nach \u00a7 12b\u00a0Abs.\u00a02\u00a0Nr. 3\u00a0BGG\u00a0auf das Schlichtungsverfahren bei der Schlichtungsstelle\u00a0BGG\u00a0als Durchsetzungsverfahren in der Erkl\u00e4rung hinzuweisen ist.<br \/><br \/><\/p>\n<p>\u00a0<\/p>\n<p>\u00a0<\/p>\t\t\t\t\t\t\t\t<\/div>\n\t\t\t\t<\/div>\n\t\t\t\t\t<\/div>\n\t\t\t\t<\/div>\n\t\t\t\t<\/div>\n\t\t","protected":false},"excerpt":{"rendered":"<p>Barrierefreiheitserkl\u00e4rung (Stand: Juni 2025) Die Mayflower Capital AG verpflichtet sich, die Barrierefreiheit dieser Webseite\u00a0sicherzustellen und allen Nutzern einen gleichberechtigten Zugang zu Informationen und Funktionen zu erm\u00f6glichen. Dabei orientieren wir uns an den Anforderungen des Barrierefreiheitsst\u00e4rkungsgesetzes (BFSG), der EU-Richtlinie (EU) 2019\/882, sowie den\u00a0Web Content Accessibility Guidelines\u00a0(WCAG) 2.2, mindestens auf Konformit\u00e4tsstufe AA. \u00a0 Unsere Bem\u00fchungen zur Unterst\u00fctzung [&hellip;]<\/p>\n","protected":false},"author":16,"featured_media":0,"parent":0,"menu_order":0,"comment_status":"closed","ping_status":"closed","template":"","meta":{"_acf_changed":false,"footnotes":""},"folder":[908],"class_list":["post-22908","page","type-page","status-publish","hentry"],"acf":[],"yoast_head":"<!-- This site is optimized with the Yoast SEO plugin v27.4 - https:\/\/yoast.com\/product\/yoast-seo-wordpress\/ -->\n<title>Erkl\u00e4rung zur Barrierefreiheit - Mayflower Capital<\/title>\n<meta name=\"description\" content=\"Barrierefreie Erkl\u00e4rung zur Finanzberatung der Mayflower Capital AG f\u00fcr Akademiker und Privatkunden in Deutschland.\" \/>\n<meta name=\"robots\" content=\"index, follow, max-snippet:-1, max-image-preview:large, max-video-preview:-1\" \/>\n<link rel=\"canonical\" href=\"https:\/\/mayflower-capital.de\/erklaerung-zur-barrierefreiheit\/\" \/>\n<meta property=\"og:locale\" content=\"en_US\" \/>\n<meta property=\"og:type\" content=\"article\" \/>\n<meta property=\"og:title\" content=\"Erkl\u00e4rung zur Barrierefreiheit - Mayflower Capital\" \/>\n<meta property=\"og:description\" content=\"Barrierefreie Erkl\u00e4rung zur Finanzberatung der Mayflower Capital AG f\u00fcr Akademiker und Privatkunden in Deutschland.\" \/>\n<meta property=\"og:url\" content=\"https:\/\/mayflower-capital.de\/erklaerung-zur-barrierefreiheit\/\" \/>\n<meta property=\"og:site_name\" content=\"Mayflower Capital\" \/>\n<meta property=\"article:publisher\" content=\"https:\/\/www.facebook.com\/MayflowerCapital\" \/>\n<meta property=\"article:modified_time\" content=\"2025-07-01T09:20:27+00:00\" \/>\n<meta name=\"twitter:card\" content=\"summary_large_image\" \/>\n<meta name=\"twitter:label1\" content=\"Est. reading time\" \/>\n\t<meta name=\"twitter:data1\" content=\"3 minutes\" \/>\n<script type=\"application\/ld+json\" class=\"yoast-schema-graph\">{\"@context\":\"https:\\\/\\\/schema.org\",\"@graph\":[{\"@type\":\"WebPage\",\"@id\":\"https:\\\/\\\/mayflower-capital.de\\\/erklaerung-zur-barrierefreiheit\\\/\",\"url\":\"https:\\\/\\\/mayflower-capital.de\\\/erklaerung-zur-barrierefreiheit\\\/\",\"name\":\"Erkl\u00e4rung zur Barrierefreiheit - Mayflower Capital\",\"isPartOf\":{\"@id\":\"https:\\\/\\\/mayflower-capital.de\\\/#website\"},\"datePublished\":\"2025-06-30T15:30:25+00:00\",\"dateModified\":\"2025-07-01T09:20:27+00:00\",\"description\":\"Barrierefreie Erkl\u00e4rung zur Finanzberatung der Mayflower Capital AG f\u00fcr Akademiker und Privatkunden in Deutschland.\",\"breadcrumb\":{\"@id\":\"https:\\\/\\\/mayflower-capital.de\\\/erklaerung-zur-barrierefreiheit\\\/#breadcrumb\"},\"inLanguage\":\"nds-DE\",\"potentialAction\":[{\"@type\":\"ReadAction\",\"target\":[\"https:\\\/\\\/mayflower-capital.de\\\/erklaerung-zur-barrierefreiheit\\\/\"]}]},{\"@type\":\"BreadcrumbList\",\"@id\":\"https:\\\/\\\/mayflower-capital.de\\\/erklaerung-zur-barrierefreiheit\\\/#breadcrumb\",\"itemListElement\":[{\"@type\":\"ListItem\",\"position\":1,\"name\":\"Home\",\"item\":\"https:\\\/\\\/mayflower-capital.de\\\/nds-de\\\/home\\\/\"},{\"@type\":\"ListItem\",\"position\":2,\"name\":\"Erkl\u00e4rung zur Barrierefreiheit\"}]},{\"@type\":\"WebSite\",\"@id\":\"https:\\\/\\\/mayflower-capital.de\\\/#website\",\"url\":\"https:\\\/\\\/mayflower-capital.de\\\/\",\"name\":\"Mayflower Capital\",\"description\":\"Die unabh\u00e4ngige Finanzberatung\",\"publisher\":{\"@id\":\"https:\\\/\\\/mayflower-capital.de\\\/#organization\"},\"potentialAction\":[{\"@type\":\"SearchAction\",\"target\":{\"@type\":\"EntryPoint\",\"urlTemplate\":\"https:\\\/\\\/mayflower-capital.de\\\/?s={search_term_string}\"},\"query-input\":{\"@type\":\"PropertyValueSpecification\",\"valueRequired\":true,\"valueName\":\"search_term_string\"}}],\"inLanguage\":\"nds-DE\"},{\"@type\":\"Organization\",\"@id\":\"https:\\\/\\\/mayflower-capital.de\\\/#organization\",\"name\":\"Mayflower Capital\",\"url\":\"https:\\\/\\\/mayflower-capital.de\\\/\",\"logo\":{\"@type\":\"ImageObject\",\"inLanguage\":\"nds-DE\",\"@id\":\"https:\\\/\\\/mayflower-capital.de\\\/#\\\/schema\\\/logo\\\/image\\\/\",\"url\":\"https:\\\/\\\/mayflower-capital.de\\\/wp-content\\\/uploads\\\/2023\\\/09\\\/Logo_Mayflower_RGB.svg\",\"contentUrl\":\"https:\\\/\\\/mayflower-capital.de\\\/wp-content\\\/uploads\\\/2023\\\/09\\\/Logo_Mayflower_RGB.svg\",\"width\":272,\"height\":149,\"caption\":\"Mayflower Capital\"},\"image\":{\"@id\":\"https:\\\/\\\/mayflower-capital.de\\\/#\\\/schema\\\/logo\\\/image\\\/\"},\"sameAs\":[\"https:\\\/\\\/www.facebook.com\\\/MayflowerCapital\",\"https:\\\/\\\/www.instagram.com\\\/mayflowercapital\\\/\",\"https:\\\/\\\/www.linkedin.com\\\/company\\\/mayflowercapital-ag\\\/\"]}]}<\/script>\n<!-- \/ Yoast SEO plugin. -->","yoast_head_json":{"title":"Erkl\u00e4rung zur Barrierefreiheit - Mayflower Capital","description":"Barrierefreie Erkl\u00e4rung zur Finanzberatung der Mayflower Capital AG f\u00fcr Akademiker und Privatkunden in Deutschland.","robots":{"index":"index","follow":"follow","max-snippet":"max-snippet:-1","max-image-preview":"max-image-preview:large","max-video-preview":"max-video-preview:-1"},"canonical":"https:\/\/mayflower-capital.de\/erklaerung-zur-barrierefreiheit\/","og_locale":"en_US","og_type":"article","og_title":"Erkl\u00e4rung zur Barrierefreiheit - Mayflower Capital","og_description":"Barrierefreie Erkl\u00e4rung zur Finanzberatung der Mayflower Capital AG f\u00fcr Akademiker und Privatkunden in Deutschland.","og_url":"https:\/\/mayflower-capital.de\/erklaerung-zur-barrierefreiheit\/","og_site_name":"Mayflower Capital","article_publisher":"https:\/\/www.facebook.com\/MayflowerCapital","article_modified_time":"2025-07-01T09:20:27+00:00","twitter_card":"summary_large_image","twitter_misc":{"Est. reading time":"3 minutes"},"schema":{"@context":"https:\/\/schema.org","@graph":[{"@type":"WebPage","@id":"https:\/\/mayflower-capital.de\/erklaerung-zur-barrierefreiheit\/","url":"https:\/\/mayflower-capital.de\/erklaerung-zur-barrierefreiheit\/","name":"Erkl\u00e4rung zur Barrierefreiheit - Mayflower Capital","isPartOf":{"@id":"https:\/\/mayflower-capital.de\/#website"},"datePublished":"2025-06-30T15:30:25+00:00","dateModified":"2025-07-01T09:20:27+00:00","description":"Barrierefreie Erkl\u00e4rung zur Finanzberatung der Mayflower Capital AG f\u00fcr Akademiker und Privatkunden in Deutschland.","breadcrumb":{"@id":"https:\/\/mayflower-capital.de\/erklaerung-zur-barrierefreiheit\/#breadcrumb"},"inLanguage":"nds-DE","potentialAction":[{"@type":"ReadAction","target":["https:\/\/mayflower-capital.de\/erklaerung-zur-barrierefreiheit\/"]}]},{"@type":"BreadcrumbList","@id":"https:\/\/mayflower-capital.de\/erklaerung-zur-barrierefreiheit\/#breadcrumb","itemListElement":[{"@type":"ListItem","position":1,"name":"Home","item":"https:\/\/mayflower-capital.de\/nds-de\/home\/"},{"@type":"ListItem","position":2,"name":"Erkl\u00e4rung zur Barrierefreiheit"}]},{"@type":"WebSite","@id":"https:\/\/mayflower-capital.de\/#website","url":"https:\/\/mayflower-capital.de\/","name":"Mayflower Capital","description":"Die unabh\u00e4ngige Finanzberatung","publisher":{"@id":"https:\/\/mayflower-capital.de\/#organization"},"potentialAction":[{"@type":"SearchAction","target":{"@type":"EntryPoint","urlTemplate":"https:\/\/mayflower-capital.de\/?s={search_term_string}"},"query-input":{"@type":"PropertyValueSpecification","valueRequired":true,"valueName":"search_term_string"}}],"inLanguage":"nds-DE"},{"@type":"Organization","@id":"https:\/\/mayflower-capital.de\/#organization","name":"Mayflower Capital","url":"https:\/\/mayflower-capital.de\/","logo":{"@type":"ImageObject","inLanguage":"nds-DE","@id":"https:\/\/mayflower-capital.de\/#\/schema\/logo\/image\/","url":"https:\/\/mayflower-capital.de\/wp-content\/uploads\/2023\/09\/Logo_Mayflower_RGB.svg","contentUrl":"https:\/\/mayflower-capital.de\/wp-content\/uploads\/2023\/09\/Logo_Mayflower_RGB.svg","width":272,"height":149,"caption":"Mayflower Capital"},"image":{"@id":"https:\/\/mayflower-capital.de\/#\/schema\/logo\/image\/"},"sameAs":["https:\/\/www.facebook.com\/MayflowerCapital","https:\/\/www.instagram.com\/mayflowercapital\/","https:\/\/www.linkedin.com\/company\/mayflowercapital-ag\/"]}]}},"_links":{"self":[{"href":"https:\/\/mayflower-capital.de\/nds-de\/wp-json\/wp\/v2\/pages\/22908","targetHints":{"allow":["GET"]}}],"collection":[{"href":"https:\/\/mayflower-capital.de\/nds-de\/wp-json\/wp\/v2\/pages"}],"about":[{"href":"https:\/\/mayflower-capital.de\/nds-de\/wp-json\/wp\/v2\/types\/page"}],"author":[{"embeddable":true,"href":"https:\/\/mayflower-capital.de\/nds-de\/wp-json\/wp\/v2\/users\/16"}],"replies":[{"embeddable":true,"href":"https:\/\/mayflower-capital.de\/nds-de\/wp-json\/wp\/v2\/comments?post=22908"}],"version-history":[{"count":5,"href":"https:\/\/mayflower-capital.de\/nds-de\/wp-json\/wp\/v2\/pages\/22908\/revisions"}],"predecessor-version":[{"id":22951,"href":"https:\/\/mayflower-capital.de\/nds-de\/wp-json\/wp\/v2\/pages\/22908\/revisions\/22951"}],"wp:attachment":[{"href":"https:\/\/mayflower-capital.de\/nds-de\/wp-json\/wp\/v2\/media?parent=22908"}],"wp:term":[{"taxonomy":"folder","embeddable":true,"href":"https:\/\/mayflower-capital.de\/nds-de\/wp-json\/wp\/v2\/folder?post=22908"}],"curies":[{"name":"wp","href":"https:\/\/api.w.org\/{rel}","templated":true}]}}