{"id":22006,"date":"2024-04-12T13:23:31","date_gmt":"2024-04-12T11:23:31","guid":{"rendered":"https:\/\/mayflower-capital.de\/erste-hilfe-referendariat\/team\/"},"modified":"2025-06-10T12:28:25","modified_gmt":"2025-06-10T10:28:25","slug":"team","status":"publish","type":"page","link":"https:\/\/mayflower-capital.de\/nds-de\/erste-hilfe-referendariat\/team\/","title":{"rendered":"Team"},"content":{"rendered":"\t\t<div data-elementor-type=\"wp-page\" data-elementor-id=\"22006\" class=\"elementor elementor-22006 elementor-9733\" data-elementor-post-type=\"page\">\n\t\t\t\t<div class=\"elementor-element elementor-element-7316acc e-flex e-con-boxed e-con e-parent\" data-id=\"7316acc\" data-element_type=\"container\" data-e-type=\"container\">\n\t\t\t\t\t<div class=\"e-con-inner\">\n\t\t\t\t<div class=\"elementor-element elementor-element-3466860 elementor-widget elementor-widget-heading\" data-id=\"3466860\" data-element_type=\"widget\" data-e-type=\"widget\" data-widget_type=\"heading.default\">\n\t\t\t\t<div class=\"elementor-widget-container\">\n\t\t\t\t\t<h4 class=\"elementor-heading-title elementor-size-default\">DAS TEAM<\/h4>\t\t\t\t<\/div>\n\t\t\t\t<\/div>\n\t\t\t\t<div class=\"elementor-element elementor-element-01fcda6 elementor-widget elementor-widget-heading\" data-id=\"01fcda6\" data-element_type=\"widget\" data-e-type=\"widget\" data-widget_type=\"heading.default\">\n\t\t\t\t<div class=\"elementor-widget-container\">\n\t\t\t\t\t<h2 class=\"elementor-heading-title elementor-size-default\">\u201e\u00dcBER UNS\u201c<\/h2>\t\t\t\t<\/div>\n\t\t\t\t<\/div>\n\t\t\t\t<div class=\"elementor-element elementor-element-903074c elementor-widget elementor-widget-text-editor\" data-id=\"903074c\" data-element_type=\"widget\" data-e-type=\"widget\" data-widget_type=\"text-editor.default\">\n\t\t\t\t<div class=\"elementor-widget-container\">\n\t\t\t\t\t\t\t\t\t<div class=\"eut-element eut-text textblock-full-width-margin-left\"><p>Wir, das sind <a href=\"https:\/\/mayflower-capital.de\/ueber-mayflower-capital\/partner\/philippe-lavies\/\">Philippe Lavies<\/a> und <a href=\"https:\/\/mayflower-capital.de\/ueber-mayflower-capital\/partner\/felix-paape\/\">Felix Paape<\/a>.<br>Als Spezialisten f\u00fcr den \u00d6ffentlichen Dienst konzentrieren wir uns auf Beamte und besonders auf Lehrer. Wir zeigen Ihnen, wie Sie schon w\u00e4hrend Ihres Studiums die Weichen richtig stellen k\u00f6nnen, um sp\u00e4ter im Berufsleben optimal aufgestellt zu sein \u2013 sowohl beim Start ins Referendariat als auch im Laufe Ihrer gesamten Karriere. Durch unsere langj\u00e4hrige Erfahrung mit Beamten und Lehrern kennen wir Ihre Fragen in jeder Phase Ihrer beruflichen Laufbahn und unterst\u00fctzen Sie dabei.  <\/p><p>Wir bieten Ihnen zwei Veranstaltungen an, die Ihnen dabei helfen, den \u00dcbergang vom Studium ins Referendariat gut zu meistern. Das ist zum einen unser kostenloser Erste-Hilfe-Kurs, den Sie f\u00fcr das Referendariat brauchen. Zum anderen gibt es die Veranstaltung \u201eFit ins Referendariat \u2013 Workshop f\u00fcr angehende Lehramtsreferendare\u201c.<\/p><p>Zus\u00e4tzlich bieten wir Ihnen die M\u00f6glichkeit, in einem pers\u00f6nlichen Beratungsgespr\u00e4ch alle wichtigen finanziellen Fragen, die sich zum Beginn des Referendariats ergeben, mit einem unserer Experten ausf\u00fchrlich zu besprechen. <a href=\"https:\/\/mayflower-capital.de\/nds-de\/erste-hilfe-referendariat\/beratung\/\">Mehr erfahren<\/a>.<\/p><p>Als unabh\u00e4ngige Berater verschaffen wir Ihnen einen neutralen und durchsichtigen \u00dcberblick \u00fcber den Markt. Wir beraten Sie dabei v\u00f6llig frei von den Interessen anderer.<\/p><p>Wir analysieren Deine individuelle Situation auf Basis der <a href=\"https:\/\/mayflower-capital.de\/nds-de\/beratung-services\/analyse-nach-din\/\">DIN 77230<\/a>. Hier erf\u00e4hrst Du mehr. <\/p><\/div>\t\t\t\t\t\t\t\t<\/div>\n\t\t\t\t<\/div>\n\t\t\t\t<div class=\"elementor-element elementor-element-f50c451 elementor-widget elementor-widget-ucaddon_post_grid_partner\" data-id=\"f50c451\" data-element_type=\"widget\" data-e-type=\"widget\" data-widget_type=\"ucaddon_post_grid_partner.default\">\n\t\t\t\t<div class=\"elementor-widget-container\">\n\t\t\t\t\t\n<!-- start Post Grid - Partner -->\n<style>\/* widget: Post Grid - Partner *\/\n\n#uc_post_grid_partner_elementor_f50c451.uc_post_grid_style_one .uc_post_grid_style_one_wrap {\n   grid-template-columns: repeat(5, 1fr);\n   display:grid;\n}\n\n#uc_post_grid_partner_elementor_f50c451 .uc_post_grid_style_one_item\n{\n  overflow:hidden;\n  position:relative;\n}\n\n#uc_post_grid_partner_elementor_f50c451 .uc_post_image\n{\n  background-size:cover;\n  background-position:center;\n}\n\n#uc_post_grid_partner_elementor_f50c451 .uc_more_btn{\n\n  display:inline-block;\n  text-align:center;\n  text-decoration:none;\n  transition:0.3s;\n}\n\n.uc_post_title\n{\n  font-size:21px;\n}\n\n\n#uc_post_grid_partner_elementor_f50c451 .ue_post_grid_item\n{\n  display:flex;\n  flex-direction:column;\n}\n\n#uc_post_grid_partner_elementor_f50c451.uc_post_grid_style_one .uc_content{\n flex-grow:1;\n}\n\n#uc_post_grid_partner_elementor_f50c451.uc_post_grid_style_one .uc_content > div\n{\n  height:100%;\n  display:flex;\n  flex-direction:column;\n}\n\n#uc_post_grid_partner_elementor_f50c451 .uc_post_button\n{\n  margin-top:auto;\n}\n\n\n\n\n\n\n\n\n\n@media (max-width:1366px){\n\t#uc_post_grid_partner_elementor_f50c451.uc_post_grid_style_one .uc_post_grid_style_one_wrap {\n\t\tgrid-template-columns: repeat(4, 1fr);\n\t}\n}\n@media (max-width:1200px){\n\t#uc_post_grid_partner_elementor_f50c451.uc_post_grid_style_one .uc_post_grid_style_one_wrap {\n\t\tgrid-template-columns: repeat(3, 1fr);\n\t}\n}\n@media (max-width:1023px){\n\t#uc_post_grid_partner_elementor_f50c451.uc_post_grid_style_one .uc_post_grid_style_one_wrap {\n\t\tgrid-template-columns: repeat(2, 1fr);\n\t}\n}\n@media (max-width:880px){\n\t#uc_post_grid_partner_elementor_f50c451.uc_post_grid_style_one .uc_post_grid_style_one_wrap {\n\t\tgrid-template-columns: repeat(2, 1fr);\n\t}\n}\n@media (max-width:639px){\n\t#uc_post_grid_partner_elementor_f50c451.uc_post_grid_style_one .uc_post_grid_style_one_wrap {\n\t\tgrid-template-columns: repeat(1, 1fr);\n\t}\n}\n\n\n\n\n\n\n\n\n\n\n<\/style>\n\n<div class=\"uc_post_grid_style_one\" id=\"uc_post_grid_partner_elementor_f50c451\"  style=\"direction:ltr;text-align:center;\">\n\t\t<div class=\"uc_post_grid_style_one_wrap ue_post_grid uc-items-wrapper\">\n\t\t\t<div class=\"uc_post_grid_style_one_item ue_post_grid_item\">\n <a target=_blank class=\"uc_post_grid_style_one_image\" href=\"https:\/\/mayflower-capital.de\/nds-de\/berater\/felix-paape\/\">\n   <div class=\"uc_post_image\" style=\"background-image: url(https:\/\/mayflower-capital.de\/wp-content\/uploads\/2020\/02\/1_Paape_Felix_4.jpg);\"><\/div>\n  <\/a>\n \n <div class=\"uc_content\">\n    <div>\n      <div class=\"uc_post_date\"><p><\/p><\/div>\n      <div class=\"uc_post_title\"><a style=\"color: black\" target=_blank href=\"https:\/\/mayflower-capital.de\/nds-de\/berater\/felix-paape\/\">Felix Paape<\/a><\/div>      <div class=\"uc_post_date\"><p>Partner<\/p><\/div>\n      <div><ul class=\"elementor-icon-list-items\">\n\t\t\t\t\t\t\t<li class=\"elementor-icon-list-item e-mail\">\n\t\t\t\t\t\t\t\t\t\t\t<a href='mailto:felix.paape@mayflower-capital.de'>\n\t\t\t\t\t\t\t\t\t\t<span class=\"partner-contact\">felix.paape@mayflower-capital.de<\/span>\n\t\t\t\t\t\t\t\t\t\t\t<\/a>\n\t\t\t\t\t\t\t\t\t<\/li>\n\t\t\t\t\t\t<\/ul><\/div>\n      \n     <div><ul class=\"elementor-icon-list-items\">\n\t\t\t\t\t\t\t<li class=\"elementor-icon-list-item phone\">\n\t\t\t\t\t\t\t\t\t\t\t<a href='tel:+494088889432'>\n\t\t\t\t\t\t\t\t\t\t<span class=\"partner-contact\">+49 (0)40 88889 432<\/span>\n\t\t\t\t\t\t\t\t\t\t\t<\/a>\n\t\t\t\t\t\t\t\t\t<\/li>\n\t\t\t\t\t\t<\/ul><\/div>\n           <div class=\"partner-auszeichnung\"><i class=\"fas fa-medal fa-baufinanzierung-2023 auszeichnung\"><\/i>\r\n<i class=\"fas fa-medal fa-altersvorsorge-2023 auszeichnung\"><\/i>\r\n<i class=\"fas fa-medal fa-gruenes-wohnen-2023 auszeichnung\"><\/i>\r\n<i class=\"fas fa-medal fa-top-2023 auszeichnung\"><\/i>\r\n<i class=\"fas fa-medal fa-top-2024 auszeichnung\"><\/i>\r\n<i class=\"fas fa-medal fa-bu-2024 auszeichnung\"><\/i>\r\n<i class=\"fas fa-medal fa-geldanlage-2024 auszeichnung\"><\/i>\r\n<p id=\"baufinanzierung-2023\">Top Berater - Baufinanzierung 2023<\/p>\r\n<p id=\"altersvorsorge-2023\">Top Berater \u2013 Altersvorsorge 2023<\/p>\r\n<p id=\"gruenes-wohnen-2023\">Top Berater \u2013 Gr\u00fcnes Wohnen 2023<\/p>\r\n<p id=\"top-2023\">Top Berater \u2013 2023<\/p>\r\n<p id=\"top-2024\">Top Berater \u2013 2024<\/p>\r\n<p id=\"bu-2024\">Top Berater \u2013 Berufsunf\u00e4higkeit 2024<\/p>\r\n<p id=\"geldanlage-2024\">Top Berater - Geldanlage 2024<\/p><\/div>\n      \n             \t<\/div>\n  <\/div>\n<\/div>\n<div class=\"uc_post_grid_style_one_item ue_post_grid_item\">\n <a target=_blank class=\"uc_post_grid_style_one_image\" href=\"https:\/\/mayflower-capital.de\/nds-de\/berater\/philippe-lavies\/\">\n   <div class=\"uc_post_image\" style=\"background-image: url(https:\/\/mayflower-capital.de\/wp-content\/uploads\/2020\/01\/philippe_lavies.jpg);\"><\/div>\n  <\/a>\n \n <div class=\"uc_content\">\n    <div>\n      <div class=\"uc_post_date\"><p><\/p><\/div>\n      <div class=\"uc_post_title\"><a style=\"color: black\" target=_blank href=\"https:\/\/mayflower-capital.de\/nds-de\/berater\/philippe-lavies\/\">Philippe Lavies<\/a><\/div>      <div class=\"uc_post_date\"><p>Partner<\/p><\/div>\n      <div><ul class=\"elementor-icon-list-items\">\n\t\t\t\t\t\t\t<li class=\"elementor-icon-list-item e-mail\">\n\t\t\t\t\t\t\t\t\t\t\t<a href='mailto:philippe.lavies@mayflower-capital.de'>\n\t\t\t\t\t\t\t\t\t\t<span class=\"partner-contact\">philippe.lavies@mayflower-capital.de<\/span>\n\t\t\t\t\t\t\t\t\t\t\t<\/a>\n\t\t\t\t\t\t\t\t\t<\/li>\n\t\t\t\t\t\t<\/ul><\/div>\n      \n     <div><ul class=\"elementor-icon-list-items\">\n\t\t\t\t\t\t\t<li class=\"elementor-icon-list-item phone\">\n\t\t\t\t\t\t\t\t\t\t\t<a href='tel:+494088889227'>\n\t\t\t\t\t\t\t\t\t\t<span class=\"partner-contact\">+49 (0)40 8888 9227<\/span>\n\t\t\t\t\t\t\t\t\t\t\t<\/a>\n\t\t\t\t\t\t\t\t\t<\/li>\n\t\t\t\t\t\t<\/ul><\/div>\n           <div class=\"partner-auszeichnung\"><i class=\"fas fa-medal fa-geldanlage-2023 auszeichnung\"><\/i>\u00a0\r\n<i class=\"fas fa-medal fa-altersvorsorge-2023 auszeichnung\"><\/i>\r\n<i class=\"fas fa-medal fa-baufinanzierung-2023 auszeichnung\"><\/i>\r\n<i class=\"fas fa-medal fa-top-2024 auszeichnung\"><\/i>\u00a0\r\n<i class=\"fas fa-medal fa-top-2024 auszeichnung\"><\/i>\u00a0\r\n<i class=\"fas fa-medal fa-bu-2024 auszeichnung\"><\/i>\u00a0\r\n<i class=\"fas fa-medal fa-eigenheimbesitzer-2024 auszeichnung\"><\/i>\u00a0\r\n<i class=\"fas fa-medal fa-baufinanzierung-2024 auszeichnung\"><\/i>\r\n<p id=\"geldanlage-2023\">Top Berater - Geldanlage 2023<\/p>\r\n<p id=\"altersvorsorge-2023\">Top Berater - Altersvorsorge 2023<\/p>\r\n<p id=\"baufinanzierung-2023\">Top Berater - Baufinanzierung 2023<\/p>\r\n<p id=\"top-2024\">Top Berater \u2013 2024<\/p>\r\n<p id=\"bu-2024\">Top Berater \u2013 Berufsunf\u00e4higkeit 2024<\/p>\r\n<p id=\"eigenheimbesitzer-2024\">Top Berater \u2013 Eigenheimbesitzer 2024<\/p>\r\n<p id=\"baufinanzierung-2024\">Top Berater - Baufinanzierung 2024<\/p><\/div>\n      \n             \t<\/div>\n  <\/div>\n<\/div>\n\n\t\t<\/div>\n\t<\/div>\n<!-- end Post Grid - Partner -->\t\t\t\t<\/div>\n\t\t\t\t<\/div>\n\t\t\t\t<div class=\"elementor-element elementor-element-b4ef62f elementor-widget-laptop__width-initial elementor-widget elementor-widget-heading\" data-id=\"b4ef62f\" data-element_type=\"widget\" data-e-type=\"widget\" data-widget_type=\"heading.default\">\n\t\t\t\t<div class=\"elementor-widget-container\">\n\t\t\t\t\t<h4 class=\"elementor-heading-title elementor-size-default\"><div id=\"eut-theme-wrapper\" class=\"\" data-mask-layer=\"2\"><div class=\"eut-wrapper-inner\"><div id=\"eut-theme-content\"><div class=\"eut-single-wrapper\"><div id=\"eut-content\" class=\"clearfix \"><div class=\"eut-content-wrapper\"><div id=\"eut-main-content\"><div class=\"eut-main-content-wrapper clearfix\"><div id=\"page-124\" class=\"post-124 page type-page status-publish hentry\"><div class=\"eut-section eut-row-section eut-fullwidth-background eut-padding-top-3x eut-padding-bottom-1x eut-bg-fixed\" data-tablet-sm-height-ratio=\"0\" data-mobile-height-ratio=\"0\"><div class=\"eut-container\"><div class=\"eut-row eut-bookmark eut-columns-gap-default eut-mobile-vertical-gap-30\"><div class=\"eut-column wpb_column eut-bookmark eut-column-1\"><div class=\"eut-column-wrapper\"><div class=\"eut-column-content\"><div class=\"eut-element eut-text\">\n\t\t\t<h4 class=\"testklasse\">DANKE F\u00dcR IHR VERTRAUEN<\/h4><\/div><\/div><\/div><\/div><\/div><\/div><\/div><\/div><\/div><\/div><\/div><\/div><\/div><\/div><\/div><\/div><\/h4>\t\t\t\t<\/div>\n\t\t\t\t<\/div>\n\t\t\t\t\t<\/div>\n\t\t\t\t<\/div>\n\t\t\t\t<\/div>\n\t\t","protected":false},"excerpt":{"rendered":"<p>DAS TEAM \u201e\u00dcBER UNS\u201c Wir, das sind Philippe Lavies und Felix Paape.Als Spezialisten f\u00fcr den \u00d6ffentlichen Dienst konzentrieren wir uns auf Beamte und besonders auf Lehrer. Wir zeigen Ihnen, wie Sie schon w\u00e4hrend Ihres Studiums die Weichen richtig stellen k\u00f6nnen, um sp\u00e4ter im Berufsleben optimal aufgestellt zu sein \u2013 sowohl beim Start ins Referendariat als [&hellip;]<\/p>\n","protected":false},"author":14,"featured_media":21475,"parent":22000,"menu_order":0,"comment_status":"closed","ping_status":"closed","template":"","meta":{"_acf_changed":false,"footnotes":""},"folder":[905],"class_list":["post-22006","page","type-page","status-publish","has-post-thumbnail","hentry"],"acf":[],"yoast_head":"<!-- This site is optimized with the Yoast SEO plugin v27.4 - https:\/\/yoast.com\/product\/yoast-seo-wordpress\/ -->\n<title>Team - Mayflower Capital<\/title>\n<meta name=\"description\" content=\"Lernen Sie das Team von Mayflower Capital kennen \u2013 Experten f\u00fcr unabh\u00e4ngige Finanzberatung im \u00f6ffentlichen Dienst.\" \/>\n<meta name=\"robots\" content=\"index, follow, max-snippet:-1, max-image-preview:large, max-video-preview:-1\" \/>\n<link rel=\"canonical\" href=\"https:\/\/mayflower-capital.de\/nds-de\/erste-hilfe-referendariat\/team\/\" \/>\n<meta property=\"og:locale\" content=\"en_US\" \/>\n<meta property=\"og:type\" content=\"article\" \/>\n<meta property=\"og:title\" content=\"Team - Mayflower Capital\" \/>\n<meta property=\"og:description\" content=\"Lernen Sie das Team von Mayflower Capital kennen \u2013 Experten f\u00fcr unabh\u00e4ngige Finanzberatung im \u00f6ffentlichen Dienst.\" \/>\n<meta property=\"og:url\" content=\"https:\/\/mayflower-capital.de\/nds-de\/erste-hilfe-referendariat\/team\/\" \/>\n<meta property=\"og:site_name\" content=\"Mayflower Capital\" \/>\n<meta property=\"article:publisher\" content=\"https:\/\/www.facebook.com\/MayflowerCapital\" \/>\n<meta property=\"article:modified_time\" content=\"2025-06-10T10:28:25+00:00\" \/>\n<meta property=\"og:image\" content=\"https:\/\/mayflower-capital.de\/wp-content\/uploads\/2021\/06\/interna.jpg\" \/>\n\t<meta property=\"og:image:width\" content=\"1920\" \/>\n\t<meta property=\"og:image:height\" content=\"823\" \/>\n\t<meta property=\"og:image:type\" content=\"image\/jpeg\" \/>\n<meta name=\"twitter:card\" content=\"summary_large_image\" \/>\n<meta name=\"twitter:label1\" content=\"Est. reading time\" \/>\n\t<meta name=\"twitter:data1\" content=\"1 minute\" \/>\n<script type=\"application\/ld+json\" class=\"yoast-schema-graph\">{\"@context\":\"https:\\\/\\\/schema.org\",\"@graph\":[{\"@type\":\"WebPage\",\"@id\":\"https:\\\/\\\/mayflower-capital.de\\\/nds-de\\\/erste-hilfe-referendariat\\\/team\\\/\",\"url\":\"https:\\\/\\\/mayflower-capital.de\\\/nds-de\\\/erste-hilfe-referendariat\\\/team\\\/\",\"name\":\"Team - Mayflower Capital\",\"isPartOf\":{\"@id\":\"https:\\\/\\\/mayflower-capital.de\\\/#website\"},\"primaryImageOfPage\":{\"@id\":\"https:\\\/\\\/mayflower-capital.de\\\/nds-de\\\/erste-hilfe-referendariat\\\/team\\\/#primaryimage\"},\"image\":{\"@id\":\"https:\\\/\\\/mayflower-capital.de\\\/nds-de\\\/erste-hilfe-referendariat\\\/team\\\/#primaryimage\"},\"thumbnailUrl\":\"https:\\\/\\\/mayflower-capital.de\\\/wp-content\\\/uploads\\\/2021\\\/06\\\/interna.jpg\",\"datePublished\":\"2024-04-12T11:23:31+00:00\",\"dateModified\":\"2025-06-10T10:28:25+00:00\",\"description\":\"Lernen Sie das Team von Mayflower Capital kennen \u2013 Experten f\u00fcr unabh\u00e4ngige Finanzberatung im \u00f6ffentlichen Dienst.\",\"breadcrumb\":{\"@id\":\"https:\\\/\\\/mayflower-capital.de\\\/nds-de\\\/erste-hilfe-referendariat\\\/team\\\/#breadcrumb\"},\"inLanguage\":\"nds-DE\",\"potentialAction\":[{\"@type\":\"ReadAction\",\"target\":[\"https:\\\/\\\/mayflower-capital.de\\\/nds-de\\\/erste-hilfe-referendariat\\\/team\\\/\"]}]},{\"@type\":\"ImageObject\",\"inLanguage\":\"nds-DE\",\"@id\":\"https:\\\/\\\/mayflower-capital.de\\\/nds-de\\\/erste-hilfe-referendariat\\\/team\\\/#primaryimage\",\"url\":\"https:\\\/\\\/mayflower-capital.de\\\/wp-content\\\/uploads\\\/2021\\\/06\\\/interna.jpg\",\"contentUrl\":\"https:\\\/\\\/mayflower-capital.de\\\/wp-content\\\/uploads\\\/2021\\\/06\\\/interna.jpg\",\"width\":1920,\"height\":823},{\"@type\":\"BreadcrumbList\",\"@id\":\"https:\\\/\\\/mayflower-capital.de\\\/nds-de\\\/erste-hilfe-referendariat\\\/team\\\/#breadcrumb\",\"itemListElement\":[{\"@type\":\"ListItem\",\"position\":1,\"name\":\"Home\",\"item\":\"https:\\\/\\\/mayflower-capital.de\\\/nds-de\\\/home\\\/\"},{\"@type\":\"ListItem\",\"position\":2,\"name\":\"Erste Hilfe Referendariat\",\"item\":\"https:\\\/\\\/mayflower-capital.de\\\/nds-de\\\/erste-hilfe-referendariat\\\/\"},{\"@type\":\"ListItem\",\"position\":3,\"name\":\"Team\"}]},{\"@type\":\"WebSite\",\"@id\":\"https:\\\/\\\/mayflower-capital.de\\\/#website\",\"url\":\"https:\\\/\\\/mayflower-capital.de\\\/\",\"name\":\"Mayflower Capital\",\"description\":\"Die unabh\u00e4ngige Finanzberatung\",\"publisher\":{\"@id\":\"https:\\\/\\\/mayflower-capital.de\\\/#organization\"},\"potentialAction\":[{\"@type\":\"SearchAction\",\"target\":{\"@type\":\"EntryPoint\",\"urlTemplate\":\"https:\\\/\\\/mayflower-capital.de\\\/?s={search_term_string}\"},\"query-input\":{\"@type\":\"PropertyValueSpecification\",\"valueRequired\":true,\"valueName\":\"search_term_string\"}}],\"inLanguage\":\"nds-DE\"},{\"@type\":\"Organization\",\"@id\":\"https:\\\/\\\/mayflower-capital.de\\\/#organization\",\"name\":\"Mayflower Capital\",\"url\":\"https:\\\/\\\/mayflower-capital.de\\\/\",\"logo\":{\"@type\":\"ImageObject\",\"inLanguage\":\"nds-DE\",\"@id\":\"https:\\\/\\\/mayflower-capital.de\\\/#\\\/schema\\\/logo\\\/image\\\/\",\"url\":\"https:\\\/\\\/mayflower-capital.de\\\/wp-content\\\/uploads\\\/2023\\\/09\\\/Logo_Mayflower_RGB.svg\",\"contentUrl\":\"https:\\\/\\\/mayflower-capital.de\\\/wp-content\\\/uploads\\\/2023\\\/09\\\/Logo_Mayflower_RGB.svg\",\"width\":272,\"height\":149,\"caption\":\"Mayflower Capital\"},\"image\":{\"@id\":\"https:\\\/\\\/mayflower-capital.de\\\/#\\\/schema\\\/logo\\\/image\\\/\"},\"sameAs\":[\"https:\\\/\\\/www.facebook.com\\\/MayflowerCapital\",\"https:\\\/\\\/www.instagram.com\\\/mayflowercapital\\\/\",\"https:\\\/\\\/www.linkedin.com\\\/company\\\/mayflowercapital-ag\\\/\"]}]}<\/script>\n<!-- \/ Yoast SEO plugin. -->","yoast_head_json":{"title":"Team - Mayflower Capital","description":"Lernen Sie das Team von Mayflower Capital kennen \u2013 Experten f\u00fcr unabh\u00e4ngige Finanzberatung im \u00f6ffentlichen Dienst.","robots":{"index":"index","follow":"follow","max-snippet":"max-snippet:-1","max-image-preview":"max-image-preview:large","max-video-preview":"max-video-preview:-1"},"canonical":"https:\/\/mayflower-capital.de\/nds-de\/erste-hilfe-referendariat\/team\/","og_locale":"en_US","og_type":"article","og_title":"Team - Mayflower Capital","og_description":"Lernen Sie das Team von Mayflower Capital kennen \u2013 Experten f\u00fcr unabh\u00e4ngige Finanzberatung im \u00f6ffentlichen Dienst.","og_url":"https:\/\/mayflower-capital.de\/nds-de\/erste-hilfe-referendariat\/team\/","og_site_name":"Mayflower Capital","article_publisher":"https:\/\/www.facebook.com\/MayflowerCapital","article_modified_time":"2025-06-10T10:28:25+00:00","og_image":[{"width":1920,"height":823,"url":"https:\/\/mayflower-capital.de\/wp-content\/uploads\/2021\/06\/interna.jpg","type":"image\/jpeg"}],"twitter_card":"summary_large_image","twitter_misc":{"Est. reading time":"1 minute"},"schema":{"@context":"https:\/\/schema.org","@graph":[{"@type":"WebPage","@id":"https:\/\/mayflower-capital.de\/nds-de\/erste-hilfe-referendariat\/team\/","url":"https:\/\/mayflower-capital.de\/nds-de\/erste-hilfe-referendariat\/team\/","name":"Team - Mayflower Capital","isPartOf":{"@id":"https:\/\/mayflower-capital.de\/#website"},"primaryImageOfPage":{"@id":"https:\/\/mayflower-capital.de\/nds-de\/erste-hilfe-referendariat\/team\/#primaryimage"},"image":{"@id":"https:\/\/mayflower-capital.de\/nds-de\/erste-hilfe-referendariat\/team\/#primaryimage"},"thumbnailUrl":"https:\/\/mayflower-capital.de\/wp-content\/uploads\/2021\/06\/interna.jpg","datePublished":"2024-04-12T11:23:31+00:00","dateModified":"2025-06-10T10:28:25+00:00","description":"Lernen Sie das Team von Mayflower Capital kennen \u2013 Experten f\u00fcr unabh\u00e4ngige Finanzberatung im \u00f6ffentlichen Dienst.","breadcrumb":{"@id":"https:\/\/mayflower-capital.de\/nds-de\/erste-hilfe-referendariat\/team\/#breadcrumb"},"inLanguage":"nds-DE","potentialAction":[{"@type":"ReadAction","target":["https:\/\/mayflower-capital.de\/nds-de\/erste-hilfe-referendariat\/team\/"]}]},{"@type":"ImageObject","inLanguage":"nds-DE","@id":"https:\/\/mayflower-capital.de\/nds-de\/erste-hilfe-referendariat\/team\/#primaryimage","url":"https:\/\/mayflower-capital.de\/wp-content\/uploads\/2021\/06\/interna.jpg","contentUrl":"https:\/\/mayflower-capital.de\/wp-content\/uploads\/2021\/06\/interna.jpg","width":1920,"height":823},{"@type":"BreadcrumbList","@id":"https:\/\/mayflower-capital.de\/nds-de\/erste-hilfe-referendariat\/team\/#breadcrumb","itemListElement":[{"@type":"ListItem","position":1,"name":"Home","item":"https:\/\/mayflower-capital.de\/nds-de\/home\/"},{"@type":"ListItem","position":2,"name":"Erste Hilfe Referendariat","item":"https:\/\/mayflower-capital.de\/nds-de\/erste-hilfe-referendariat\/"},{"@type":"ListItem","position":3,"name":"Team"}]},{"@type":"WebSite","@id":"https:\/\/mayflower-capital.de\/#website","url":"https:\/\/mayflower-capital.de\/","name":"Mayflower Capital","description":"Die unabh\u00e4ngige Finanzberatung","publisher":{"@id":"https:\/\/mayflower-capital.de\/#organization"},"potentialAction":[{"@type":"SearchAction","target":{"@type":"EntryPoint","urlTemplate":"https:\/\/mayflower-capital.de\/?s={search_term_string}"},"query-input":{"@type":"PropertyValueSpecification","valueRequired":true,"valueName":"search_term_string"}}],"inLanguage":"nds-DE"},{"@type":"Organization","@id":"https:\/\/mayflower-capital.de\/#organization","name":"Mayflower Capital","url":"https:\/\/mayflower-capital.de\/","logo":{"@type":"ImageObject","inLanguage":"nds-DE","@id":"https:\/\/mayflower-capital.de\/#\/schema\/logo\/image\/","url":"https:\/\/mayflower-capital.de\/wp-content\/uploads\/2023\/09\/Logo_Mayflower_RGB.svg","contentUrl":"https:\/\/mayflower-capital.de\/wp-content\/uploads\/2023\/09\/Logo_Mayflower_RGB.svg","width":272,"height":149,"caption":"Mayflower Capital"},"image":{"@id":"https:\/\/mayflower-capital.de\/#\/schema\/logo\/image\/"},"sameAs":["https:\/\/www.facebook.com\/MayflowerCapital","https:\/\/www.instagram.com\/mayflowercapital\/","https:\/\/www.linkedin.com\/company\/mayflowercapital-ag\/"]}]}},"_links":{"self":[{"href":"https:\/\/mayflower-capital.de\/nds-de\/wp-json\/wp\/v2\/pages\/22006","targetHints":{"allow":["GET"]}}],"collection":[{"href":"https:\/\/mayflower-capital.de\/nds-de\/wp-json\/wp\/v2\/pages"}],"about":[{"href":"https:\/\/mayflower-capital.de\/nds-de\/wp-json\/wp\/v2\/types\/page"}],"author":[{"embeddable":true,"href":"https:\/\/mayflower-capital.de\/nds-de\/wp-json\/wp\/v2\/users\/14"}],"replies":[{"embeddable":true,"href":"https:\/\/mayflower-capital.de\/nds-de\/wp-json\/wp\/v2\/comments?post=22006"}],"version-history":[{"count":1,"href":"https:\/\/mayflower-capital.de\/nds-de\/wp-json\/wp\/v2\/pages\/22006\/revisions"}],"predecessor-version":[{"id":22007,"href":"https:\/\/mayflower-capital.de\/nds-de\/wp-json\/wp\/v2\/pages\/22006\/revisions\/22007"}],"up":[{"embeddable":true,"href":"https:\/\/mayflower-capital.de\/nds-de\/wp-json\/wp\/v2\/pages\/22000"}],"wp:featuredmedia":[{"embeddable":true,"href":"https:\/\/mayflower-capital.de\/nds-de\/wp-json\/wp\/v2\/media\/21475"}],"wp:attachment":[{"href":"https:\/\/mayflower-capital.de\/nds-de\/wp-json\/wp\/v2\/media?parent=22006"}],"wp:term":[{"taxonomy":"folder","embeddable":true,"href":"https:\/\/mayflower-capital.de\/nds-de\/wp-json\/wp\/v2\/folder?post=22006"}],"curies":[{"name":"wp","href":"https:\/\/api.w.org\/{rel}","templated":true}]}}