{"id":21998,"date":"2024-04-12T10:55:51","date_gmt":"2024-04-12T08:55:51","guid":{"rendered":"https:\/\/mayflower-capital.de\/kontakt\/"},"modified":"2025-06-10T12:15:00","modified_gmt":"2025-06-10T10:15:00","slug":"kontakt","status":"publish","type":"page","link":"https:\/\/mayflower-capital.de\/nds-de\/erste-hilfe-referendariat\/kontakt\/","title":{"rendered":"Kontakt"},"content":{"rendered":"\t\t<div data-elementor-type=\"wp-page\" data-elementor-id=\"21998\" class=\"elementor elementor-21998 elementor-8763\" data-elementor-post-type=\"page\">\n\t\t\t\t<div class=\"elementor-element elementor-element-b63591a e-flex e-con-boxed e-con e-parent\" data-id=\"b63591a\" data-element_type=\"container\" data-e-type=\"container\">\n\t\t\t\t\t<div class=\"e-con-inner\">\n\t\t<div class=\"elementor-element elementor-element-27c55c0 e-con-full e-flex e-con e-child\" data-id=\"27c55c0\" data-element_type=\"container\" data-e-type=\"container\">\n\t\t\t\t<div class=\"elementor-element elementor-element-8575dbd elementor-widget elementor-widget-heading\" data-id=\"8575dbd\" data-element_type=\"widget\" data-e-type=\"widget\" data-widget_type=\"heading.default\">\n\t\t\t\t<div class=\"elementor-widget-container\">\n\t\t\t\t\t<h4 class=\"elementor-heading-title elementor-size-default\">MAYFLOWER CAPITAL AG<\/h4>\t\t\t\t<\/div>\n\t\t\t\t<\/div>\n\t\t\t\t<div class=\"elementor-element elementor-element-266020c elementor-icon-list--layout-traditional elementor-list-item-link-full_width elementor-widget elementor-widget-icon-list\" data-id=\"266020c\" data-element_type=\"widget\" data-e-type=\"widget\" data-widget_type=\"icon-list.default\">\n\t\t\t\t<div class=\"elementor-widget-container\">\n\t\t\t\t\t\t\t<ul class=\"elementor-icon-list-items\">\n\t\t\t\t\t\t\t<li class=\"elementor-icon-list-item\">\n\t\t\t\t\t\t\t\t\t\t\t<a href=\"https:\/\/goo.gl\/maps\/gMbbFktqd9bMMiXP8\" target=\"_blank\">\n\n\t\t\t\t\t\t\t\t\t\t\t\t<span class=\"elementor-icon-list-icon\">\n\t\t\t\t\t\t\t<i aria-hidden=\"true\" class=\"fas fa-building\"><\/i>\t\t\t\t\t\t<\/span>\n\t\t\t\t\t\t\t\t\t\t<span class=\"elementor-icon-list-text\">Falkenried 88, 20251 Hamburg<\/span>\n\t\t\t\t\t\t\t\t\t\t\t<\/a>\n\t\t\t\t\t\t\t\t\t<\/li>\n\t\t\t\t\t\t\t\t<li class=\"elementor-icon-list-item\">\n\t\t\t\t\t\t\t\t\t\t\t<a href=\"tel:+494088889432\">\n\n\t\t\t\t\t\t\t\t\t\t\t\t<span class=\"elementor-icon-list-icon\">\n\t\t\t\t\t\t\t<i aria-hidden=\"true\" class=\"fas fa-phone\"><\/i>\t\t\t\t\t\t<\/span>\n\t\t\t\t\t\t\t\t\t\t<span class=\"elementor-icon-list-text\">+49 (0) 40 88889 432<\/span>\n\t\t\t\t\t\t\t\t\t\t\t<\/a>\n\t\t\t\t\t\t\t\t\t<\/li>\n\t\t\t\t\t\t\t\t<li class=\"elementor-icon-list-item\">\n\t\t\t\t\t\t\t\t\t\t\t<a href=\"tel:+49408888944432\">\n\n\t\t\t\t\t\t\t\t\t\t\t\t<span class=\"elementor-icon-list-icon\">\n\t\t\t\t\t\t\t<i aria-hidden=\"true\" class=\"fas fa-fax\"><\/i>\t\t\t\t\t\t<\/span>\n\t\t\t\t\t\t\t\t\t\t<span class=\"elementor-icon-list-text\">+49 (0) 40 88889 44432<\/span>\n\t\t\t\t\t\t\t\t\t\t\t<\/a>\n\t\t\t\t\t\t\t\t\t<\/li>\n\t\t\t\t\t\t\t\t<li class=\"elementor-icon-list-item\">\n\t\t\t\t\t\t\t\t\t\t\t<a href=\"mailto:felix.paape@mayflower-capital.de\">\n\n\t\t\t\t\t\t\t\t\t\t\t\t<span class=\"elementor-icon-list-icon\">\n\t\t\t\t\t\t\t<i aria-hidden=\"true\" class=\"fas fa-envelope\"><\/i>\t\t\t\t\t\t<\/span>\n\t\t\t\t\t\t\t\t\t\t<span class=\"elementor-icon-list-text\">felix.paape@mayflower-capital.de<\/span>\n\t\t\t\t\t\t\t\t\t\t\t<\/a>\n\t\t\t\t\t\t\t\t\t<\/li>\n\t\t\t\t\t\t<\/ul>\n\t\t\t\t\t\t<\/div>\n\t\t\t\t<\/div>\n\t\t\t\t<\/div>\n\t\t<div class=\"elementor-element elementor-element-1e762b9 e-con-full e-flex e-con e-child\" data-id=\"1e762b9\" data-element_type=\"container\" data-e-type=\"container\">\n\t\t\t\t<div class=\"elementor-element elementor-element-26f4c2f dc-has-condition dc-condition-empty elementor-widget elementor-widget-uael-google-map\" data-id=\"26f4c2f\" data-element_type=\"widget\" data-e-type=\"widget\" data-settings=\"{&quot;advance_marker&quot;:&quot;no&quot;,&quot;zoom_control&quot;:&quot;yes&quot;,&quot;fullscreen_control&quot;:&quot;yes&quot;}\" data-widget_type=\"uael-google-map.default\">\n\t\t\t\t<div class=\"elementor-widget-container\">\n\t\t\t\t\t\t\t<div class=\"uael-google-map-wrap\">\n\t\t\t<div id=\"uael-google-map-26f4c2f\" class=\"uael-google-map\" data-map_options=\"{&quot;zoom&quot;:14,&quot;mapTypeId&quot;:&quot;roadmap&quot;,&quot;mapTypeControl&quot;:false,&quot;streetViewControl&quot;:false,&quot;zoomControl&quot;:true,&quot;fullscreenControl&quot;:true,&quot;gestureHandling&quot;:true}\" data-cluster=\"no\" data-cluster-attr=\"[]\" data-max-width=\"250\" data-locations=\"[[&quot;53.586140&quot;,&quot;9.971440&quot;,false,&quot;Mayflower Capital AG&quot;,null,&quot;custom&quot;,&quot;https:\\\/\\\/mayflower-capital.de\\\/wp-content\\\/uploads\\\/2020\\\/02\\\/raute-weiss.png&quot;,30,&quot;&quot;]]\" data-animate=\"\" data-auto-center=\"center\" data-map-id=\"\" data-advance-marker=\"no\" data-predefined-style=\"dark\"><\/div>\n\t\t<\/div>\n\t\t\t\t\t\t<\/div>\n\t\t\t\t<\/div>\n\t\t\t\t<\/div>\n\t\t<div class=\"elementor-element elementor-element-f80c59c e-con-full e-flex e-con e-child\" data-id=\"f80c59c\" data-element_type=\"container\" data-e-type=\"container\">\n\t\t\t\t<div class=\"elementor-element elementor-element-f7000a1 elementor-widget elementor-widget-template\" data-id=\"f7000a1\" data-element_type=\"widget\" data-e-type=\"widget\" data-widget_type=\"template.default\">\n\t\t\t\t<div class=\"elementor-widget-container\">\n\t\t\t\t\t\t\t<div class=\"elementor-template\">\n\t\t\t\t\t<div data-elementor-type=\"section\" data-elementor-id=\"6810\" class=\"elementor elementor-6810\" data-elementor-post-type=\"elementor_library\">\n\t\t\t<div class=\"elementor-element elementor-element-0f1caee e-flex e-con-boxed e-con e-parent\" data-id=\"0f1caee\" data-element_type=\"container\" data-e-type=\"container\">\n\t\t\t\t\t<div class=\"e-con-inner\">\n\t\t\t\t<div class=\"elementor-element elementor-element-751e00d elementor-button-align-start textblock-full-width-margin-left elementor-widget elementor-widget-form\" data-id=\"751e00d\" data-element_type=\"widget\" data-e-type=\"widget\" data-settings=\"{&quot;step_next_label&quot;:&quot;N\\u00e4chster&quot;,&quot;step_previous_label&quot;:&quot;Voriger&quot;,&quot;button_width&quot;:&quot;100&quot;,&quot;step_type&quot;:&quot;number_text&quot;,&quot;step_icon_shape&quot;:&quot;circle&quot;}\" data-widget_type=\"form.default\">\n\t\t\t\t<div class=\"elementor-widget-container\">\n\t\t\t\t\t\t\t<form class=\"elementor-form\" method=\"post\" name=\"Neues Formular\" aria-label=\"Neues Formular\">\n\t\t\t<input type=\"hidden\" name=\"post_id\" value=\"6810\"\/>\n\t\t\t<input type=\"hidden\" name=\"form_id\" value=\"751e00d\"\/>\n\t\t\t<input type=\"hidden\" name=\"referer_title\" value=\"Kontakt - Mayflower Capital\" \/>\n\n\t\t\t\t\t\t\t<input type=\"hidden\" name=\"queried_id\" value=\"21734\"\/>\n\t\t\t\n\t\t\t<div class=\"elementor-form-fields-wrapper elementor-labels-above\">\n\t\t\t\t\t\t\t\t<div class=\"elementor-field-type-select elementor-field-group elementor-column elementor-field-group-field_aee5488 elementor-col-100\">\n\t\t\t\t\t\t\t\t\t\t\t\t<label for=\"form-field-field_aee5488\" class=\"elementor-field-label\">\n\t\t\t\t\t\t\t\tAnrede\t\t\t\t\t\t\t<\/label>\n\t\t\t\t\t\t\t\t<div class=\"elementor-field elementor-select-wrapper remove-before \">\n\t\t\t<div class=\"select-caret-down-wrapper\">\n\t\t\t\t<i aria-hidden=\"true\" class=\"eicon-caret-down\"><\/i>\t\t\t<\/div>\n\t\t\t<select name=\"form_fields[field_aee5488]\" id=\"form-field-field_aee5488\" class=\"elementor-field-textual elementor-size-sm\">\n\t\t\t\t\t\t\t\t\t<option value=\"\u2013 Bitte Ausw\u00e4hlen \u2013\">\u2013 Bitte Ausw\u00e4hlen \u2013<\/option>\n\t\t\t\t\t\t\t\t\t<option value=\"Herr\">Herr<\/option>\n\t\t\t\t\t\t\t\t\t<option value=\"Frau\">Frau<\/option>\n\t\t\t\t\t\t\t\t\t<option value=\"Divers\">Divers<\/option>\n\t\t\t\t\t\t\t<\/select>\n\t\t<\/div>\n\t\t\t\t\t\t<\/div>\n\t\t\t\t\t\t\t\t<div class=\"elementor-field-type-text elementor-field-group elementor-column elementor-field-group-name elementor-col-100 elementor-field-required elementor-mark-required\">\n\t\t\t\t\t\t\t\t\t\t\t\t<label for=\"form-field-name\" class=\"elementor-field-label\">\n\t\t\t\t\t\t\t\tIhr Name (Pflichtfeld)\t\t\t\t\t\t\t<\/label>\n\t\t\t\t\t\t\t\t\t\t\t\t\t\t<input size=\"1\" type=\"text\" name=\"form_fields[name]\" id=\"form-field-name\" class=\"elementor-field elementor-size-sm  elementor-field-textual\" placeholder=\"Name\" required=\"required\">\n\t\t\t\t\t\t\t\t\t\t\t<\/div>\n\t\t\t\t\t\t\t\t<div class=\"elementor-field-type-email elementor-field-group elementor-column elementor-field-group-field_13b7eb7 elementor-col-100 elementor-field-required elementor-mark-required\">\n\t\t\t\t\t\t\t\t\t\t\t\t<label for=\"form-field-field_13b7eb7\" class=\"elementor-field-label\">\n\t\t\t\t\t\t\t\tIhre E-Mail-Adresse (Pflichtfeld)\t\t\t\t\t\t\t<\/label>\n\t\t\t\t\t\t\t\t\t\t\t\t\t\t<input size=\"1\" type=\"email\" name=\"form_fields[field_13b7eb7]\" id=\"form-field-field_13b7eb7\" class=\"elementor-field elementor-size-sm  elementor-field-textual\" placeholder=\"E-Mail\" required=\"required\">\n\t\t\t\t\t\t\t\t\t\t\t<\/div>\n\t\t\t\t\t\t\t\t<div class=\"elementor-field-type-text elementor-field-group elementor-column elementor-field-group-email elementor-col-100\">\n\t\t\t\t\t\t\t\t\t\t\t\t<label for=\"form-field-email\" class=\"elementor-field-label\">\n\t\t\t\t\t\t\t\tBetreff\t\t\t\t\t\t\t<\/label>\n\t\t\t\t\t\t\t\t\t\t\t\t\t\t<input size=\"1\" type=\"text\" name=\"form_fields[email]\" id=\"form-field-email\" class=\"elementor-field elementor-size-sm  elementor-field-textual\" placeholder=\"Betreff\">\n\t\t\t\t\t\t\t\t\t\t\t<\/div>\n\t\t\t\t\t\t\t\t<div class=\"elementor-field-type-textarea elementor-field-group elementor-column elementor-field-group-message elementor-col-100\">\n\t\t\t\t\t\t\t\t\t\t\t\t<label for=\"form-field-message\" class=\"elementor-field-label\">\n\t\t\t\t\t\t\t\tNachricht\t\t\t\t\t\t\t<\/label>\n\t\t\t\t\t\t<textarea class=\"elementor-field-textual elementor-field  elementor-size-sm\" name=\"form_fields[message]\" id=\"form-field-message\" rows=\"4\" placeholder=\"Nachricht\"><\/textarea>\t\t\t\t<\/div>\n\t\t\t\t\t\t\t\t<div class=\"elementor-field-type-acceptance elementor-field-group elementor-column elementor-field-group-field_3ab27bb elementor-col-100 elementor-field-required elementor-mark-required\">\n\t\t\t\t\t\t\t<div class=\"elementor-field-subgroup\">\n\t\t\t<span class=\"elementor-field-option\">\n\t\t\t\t<input type=\"checkbox\" name=\"form_fields[field_3ab27bb]\" id=\"form-field-field_3ab27bb\" class=\"elementor-field elementor-size-sm  elementor-acceptance-field\" required=\"required\">\n\t\t\t\t<label for=\"form-field-field_3ab27bb\">Ich habe die <a href=\"\/datenschutz\/\">Datenschutzerkl\u00e4rung<\/a> zur Kenntnis genommen und akzeptiert. (Pflichtfeld)<\/label>\t\t\t<\/span>\n\t\t<\/div>\n\t\t\t\t\t\t<\/div>\n\t\t\t\t\t\t\t\t<div class=\"elementor-field-type-acceptance elementor-field-group elementor-column elementor-field-group-field_66a0ff9 elementor-col-100 elementor-field-required elementor-mark-required\">\n\t\t\t\t\t\t\t<div class=\"elementor-field-subgroup\">\n\t\t\t<span class=\"elementor-field-option\">\n\t\t\t\t<input type=\"checkbox\" name=\"form_fields[field_66a0ff9]\" id=\"form-field-field_66a0ff9\" class=\"elementor-field elementor-size-sm  elementor-acceptance-field\" required=\"required\">\n\t\t\t\t<label for=\"form-field-field_66a0ff9\">Ich stimme zu, dass meine Formularangaben zur Kontaktaufnahme bzw. zur Bearbeitung meines Anliegens gespeichert werden. Ich bin damit einverstanden, dass die Mayflower Capital AG mich per Telefon und\/oder auf elektronischem Wege (bspw. SMS, Fax, E-Mail) kontaktiert, um mein Anliegen zu kl\u00e4ren. (Pflichtfeld)<\/label>\t\t\t<\/span>\n\t\t<\/div>\n\t\t\t\t\t\t<\/div>\n\t\t\t\t\t\t\t\t<div class=\"elementor-field-type-acceptance elementor-field-group elementor-column elementor-field-group-field_fb03d22 elementor-col-100\">\n\t\t\t\t\t\t\t<div class=\"elementor-field-subgroup\">\n\t\t\t<span class=\"elementor-field-option\">\n\t\t\t\t<input type=\"checkbox\" name=\"form_fields[field_fb03d22]\" id=\"form-field-field_fb03d22\" class=\"elementor-field elementor-size-sm  elementor-acceptance-field\">\n\t\t\t\t<label for=\"form-field-field_fb03d22\">Ich willige ein, dass die Mayflower Capital AG meine personenbezogenen Daten nutzen darf, um mich \u00fcber Aktuelles und Wissenswertes aus der Versicherungs- und Finanzdienstleistungsbranche per Telefon, Post und auf elektronischem Wege (z.B. SMS, Fax, E-Mail, etc.) zu informieren. Diese Einwilligung kann ich ohne Einfluss auf die vertraglichen Beziehungen zur Mayflower Capital AG jederzeit f\u00fcr die Zukunft in Textform widerrufen. Meine von mir \u00fcberlassenen personenbezogenen Daten verarbeitet die Mayflower Capital AG unter Einhaltung der datenschutzrechtlichen Gesetze nur zum daf\u00fcr vorgesehenen Zweck. Meine personenbezogenen Daten speichert die Mayflower Capital AG unter Einhaltung des Bundesdatenschutzgesetzes\/Datenschutzgrundverordnung nur zum daf\u00fcr vorgesehenen Zweck. Auf meinen Wunsch hin wird die Mayflower Capital AG jederzeit eine \u00c4nderung, Besichtigung, Sperrung oder ggf. L\u00f6schung der personenbezogenen Daten vornehmen. (Optional)<\/label>\t\t\t<\/span>\n\t\t<\/div>\n\t\t\t\t\t\t<\/div>\n\t\t\t\t<div class=\"elementor-field-type-text elementor-field-group elementor-column elementor-field-group-text elementor-col-100 elementor-field-required\"><input type=\"hidden\" name=\"php_start_time\" value=\"1777729887.9636\" \/><input type=\"hidden\" name=\"js_end_time\" class=\"js_end_time\" value=\"\" \/><input type=\"hidden\" name=\"js_start_time\" class=\"js_start_time\" value=\"\" \/><input id=\"f12_captcha\" type=\"text\" style=\"visibility:hidden!important; opacity:1!important; height:0!important; width:0!important; margin:0!important; padding:0!important;\" name=\"f12_captcha\" value=\"\"\/><\/div>\t\t\t\t<div class=\"elementor-field-type-text\">\n\t\t\t\t\t<input size=\"1\" type=\"text\" name=\"form_fields[field_4e353e6]\" id=\"form-field-field_4e353e6\" class=\"elementor-field elementor-size-sm \" style=\"display:none !important;\">\t\t\t\t<\/div>\n\t\t\t\t\t\t\t\t<div class=\"elementor-field-group elementor-column elementor-field-type-submit elementor-col-100 e-form__buttons\">\n\t\t\t\t\t<button class=\"elementor-button elementor-size-sm\" type=\"submit\">\n\t\t\t\t\t\t<span class=\"elementor-button-content-wrapper\">\n\t\t\t\t\t\t\t\t\t\t\t\t\t\t\t\t\t\t\t\t\t\t<span class=\"elementor-button-text\">Senden<\/span>\n\t\t\t\t\t\t\t\t\t\t\t\t\t<\/span>\n\t\t\t\t\t<\/button>\n\t\t\t\t<\/div>\n\t\t\t<\/div>\n\t\t<\/form>\n\t\t\t\t\t\t<\/div>\n\t\t\t\t<\/div>\n\t\t\t\t\t<\/div>\n\t\t\t\t<\/div>\n\t\t\t\t<\/div>\n\t\t\t\t<\/div>\n\t\t\t\t\t\t<\/div>\n\t\t\t\t<\/div>\n\t\t\t\t<\/div>\n\t\t\t\t\t<\/div>\n\t\t\t\t<\/div>\n\t\t<div class=\"elementor-element elementor-element-69ea5c50 e-flex e-con-boxed e-con e-parent\" data-id=\"69ea5c50\" data-element_type=\"container\" data-e-type=\"container\">\n\t\t\t\t\t<div class=\"e-con-inner\">\n\t\t\t\t\t<\/div>\n\t\t\t\t<\/div>\n\t\t\t\t<\/div>\n\t\t","protected":false},"excerpt":{"rendered":"<p>MAYFLOWER CAPITAL AG Falkenried 88, 20251 Hamburg +49 (0) 40 88889 432 +49 (0) 40 88889 44432 felix.paape@mayflower-capital.de<\/p>\n","protected":false},"author":1,"featured_media":21329,"parent":22000,"menu_order":0,"comment_status":"closed","ping_status":"closed","template":"","meta":{"_acf_changed":false,"footnotes":""},"folder":[905],"class_list":["post-21998","page","type-page","status-publish","has-post-thumbnail","hentry"],"acf":[],"yoast_head":"<!-- This site is optimized with the Yoast SEO plugin v27.4 - https:\/\/yoast.com\/product\/yoast-seo-wordpress\/ -->\n<title>Kontakt - Mayflower Capital<\/title>\n<meta name=\"description\" content=\"Kontaktieren Sie Mayflower Capital f\u00fcr Informationen zu Erste-Hilfe-Kursen und Beratung f\u00fcr angehende Lehrkr\u00e4fte.\" \/>\n<meta name=\"robots\" content=\"index, follow, max-snippet:-1, max-image-preview:large, max-video-preview:-1\" \/>\n<link rel=\"canonical\" href=\"https:\/\/mayflower-capital.de\/nds-de\/erste-hilfe-referendariat\/kontakt\/\" \/>\n<meta property=\"og:locale\" content=\"en_US\" \/>\n<meta property=\"og:type\" content=\"article\" \/>\n<meta property=\"og:title\" content=\"Kontakt - Mayflower Capital\" \/>\n<meta property=\"og:description\" content=\"Kontaktieren Sie Mayflower Capital f\u00fcr Informationen zu Erste-Hilfe-Kursen und Beratung f\u00fcr angehende Lehrkr\u00e4fte.\" \/>\n<meta property=\"og:url\" content=\"https:\/\/mayflower-capital.de\/nds-de\/erste-hilfe-referendariat\/kontakt\/\" \/>\n<meta property=\"og:site_name\" content=\"Mayflower Capital\" \/>\n<meta property=\"article:publisher\" content=\"https:\/\/www.facebook.com\/MayflowerCapital\" \/>\n<meta property=\"article:modified_time\" content=\"2025-06-10T10:15:00+00:00\" \/>\n<meta property=\"og:image\" content=\"https:\/\/mayflower-capital.de\/wp-content\/uploads\/2020\/09\/downloads.jpg\" \/>\n\t<meta property=\"og:image:width\" content=\"1920\" \/>\n\t<meta property=\"og:image:height\" content=\"823\" \/>\n\t<meta property=\"og:image:type\" content=\"image\/jpeg\" \/>\n<meta name=\"twitter:card\" content=\"summary_large_image\" \/>\n<script type=\"application\/ld+json\" class=\"yoast-schema-graph\">{\"@context\":\"https:\\\/\\\/schema.org\",\"@graph\":[{\"@type\":\"WebPage\",\"@id\":\"https:\\\/\\\/mayflower-capital.de\\\/nds-de\\\/erste-hilfe-referendariat\\\/kontakt\\\/\",\"url\":\"https:\\\/\\\/mayflower-capital.de\\\/nds-de\\\/erste-hilfe-referendariat\\\/kontakt\\\/\",\"name\":\"Kontakt - Mayflower Capital\",\"isPartOf\":{\"@id\":\"https:\\\/\\\/mayflower-capital.de\\\/#website\"},\"primaryImageOfPage\":{\"@id\":\"https:\\\/\\\/mayflower-capital.de\\\/nds-de\\\/erste-hilfe-referendariat\\\/kontakt\\\/#primaryimage\"},\"image\":{\"@id\":\"https:\\\/\\\/mayflower-capital.de\\\/nds-de\\\/erste-hilfe-referendariat\\\/kontakt\\\/#primaryimage\"},\"thumbnailUrl\":\"https:\\\/\\\/mayflower-capital.de\\\/wp-content\\\/uploads\\\/2020\\\/09\\\/downloads.jpg\",\"datePublished\":\"2024-04-12T08:55:51+00:00\",\"dateModified\":\"2025-06-10T10:15:00+00:00\",\"description\":\"Kontaktieren Sie Mayflower Capital f\u00fcr Informationen zu Erste-Hilfe-Kursen und Beratung f\u00fcr angehende Lehrkr\u00e4fte.\",\"breadcrumb\":{\"@id\":\"https:\\\/\\\/mayflower-capital.de\\\/nds-de\\\/erste-hilfe-referendariat\\\/kontakt\\\/#breadcrumb\"},\"inLanguage\":\"nds-DE\",\"potentialAction\":[{\"@type\":\"ReadAction\",\"target\":[\"https:\\\/\\\/mayflower-capital.de\\\/nds-de\\\/erste-hilfe-referendariat\\\/kontakt\\\/\"]}]},{\"@type\":\"ImageObject\",\"inLanguage\":\"nds-DE\",\"@id\":\"https:\\\/\\\/mayflower-capital.de\\\/nds-de\\\/erste-hilfe-referendariat\\\/kontakt\\\/#primaryimage\",\"url\":\"https:\\\/\\\/mayflower-capital.de\\\/wp-content\\\/uploads\\\/2020\\\/09\\\/downloads.jpg\",\"contentUrl\":\"https:\\\/\\\/mayflower-capital.de\\\/wp-content\\\/uploads\\\/2020\\\/09\\\/downloads.jpg\",\"width\":1920,\"height\":823,\"caption\":\"Mayflower Capital: Downloads\"},{\"@type\":\"BreadcrumbList\",\"@id\":\"https:\\\/\\\/mayflower-capital.de\\\/nds-de\\\/erste-hilfe-referendariat\\\/kontakt\\\/#breadcrumb\",\"itemListElement\":[{\"@type\":\"ListItem\",\"position\":1,\"name\":\"Home\",\"item\":\"https:\\\/\\\/mayflower-capital.de\\\/nds-de\\\/home\\\/\"},{\"@type\":\"ListItem\",\"position\":2,\"name\":\"Erste Hilfe Referendariat\",\"item\":\"https:\\\/\\\/mayflower-capital.de\\\/nds-de\\\/erste-hilfe-referendariat\\\/\"},{\"@type\":\"ListItem\",\"position\":3,\"name\":\"Kontakt\"}]},{\"@type\":\"WebSite\",\"@id\":\"https:\\\/\\\/mayflower-capital.de\\\/#website\",\"url\":\"https:\\\/\\\/mayflower-capital.de\\\/\",\"name\":\"Mayflower Capital\",\"description\":\"Die unabh\u00e4ngige Finanzberatung\",\"publisher\":{\"@id\":\"https:\\\/\\\/mayflower-capital.de\\\/#organization\"},\"potentialAction\":[{\"@type\":\"SearchAction\",\"target\":{\"@type\":\"EntryPoint\",\"urlTemplate\":\"https:\\\/\\\/mayflower-capital.de\\\/?s={search_term_string}\"},\"query-input\":{\"@type\":\"PropertyValueSpecification\",\"valueRequired\":true,\"valueName\":\"search_term_string\"}}],\"inLanguage\":\"nds-DE\"},{\"@type\":\"Organization\",\"@id\":\"https:\\\/\\\/mayflower-capital.de\\\/#organization\",\"name\":\"Mayflower Capital\",\"url\":\"https:\\\/\\\/mayflower-capital.de\\\/\",\"logo\":{\"@type\":\"ImageObject\",\"inLanguage\":\"nds-DE\",\"@id\":\"https:\\\/\\\/mayflower-capital.de\\\/#\\\/schema\\\/logo\\\/image\\\/\",\"url\":\"https:\\\/\\\/mayflower-capital.de\\\/wp-content\\\/uploads\\\/2023\\\/09\\\/Logo_Mayflower_RGB.svg\",\"contentUrl\":\"https:\\\/\\\/mayflower-capital.de\\\/wp-content\\\/uploads\\\/2023\\\/09\\\/Logo_Mayflower_RGB.svg\",\"width\":272,\"height\":149,\"caption\":\"Mayflower Capital\"},\"image\":{\"@id\":\"https:\\\/\\\/mayflower-capital.de\\\/#\\\/schema\\\/logo\\\/image\\\/\"},\"sameAs\":[\"https:\\\/\\\/www.facebook.com\\\/MayflowerCapital\",\"https:\\\/\\\/www.instagram.com\\\/mayflowercapital\\\/\",\"https:\\\/\\\/www.linkedin.com\\\/company\\\/mayflowercapital-ag\\\/\"]}]}<\/script>\n<!-- \/ Yoast SEO plugin. -->","yoast_head_json":{"title":"Kontakt - Mayflower Capital","description":"Kontaktieren Sie Mayflower Capital f\u00fcr Informationen zu Erste-Hilfe-Kursen und Beratung f\u00fcr angehende Lehrkr\u00e4fte.","robots":{"index":"index","follow":"follow","max-snippet":"max-snippet:-1","max-image-preview":"max-image-preview:large","max-video-preview":"max-video-preview:-1"},"canonical":"https:\/\/mayflower-capital.de\/nds-de\/erste-hilfe-referendariat\/kontakt\/","og_locale":"en_US","og_type":"article","og_title":"Kontakt - Mayflower Capital","og_description":"Kontaktieren Sie Mayflower Capital f\u00fcr Informationen zu Erste-Hilfe-Kursen und Beratung f\u00fcr angehende Lehrkr\u00e4fte.","og_url":"https:\/\/mayflower-capital.de\/nds-de\/erste-hilfe-referendariat\/kontakt\/","og_site_name":"Mayflower Capital","article_publisher":"https:\/\/www.facebook.com\/MayflowerCapital","article_modified_time":"2025-06-10T10:15:00+00:00","og_image":[{"width":1920,"height":823,"url":"https:\/\/mayflower-capital.de\/wp-content\/uploads\/2020\/09\/downloads.jpg","type":"image\/jpeg"}],"twitter_card":"summary_large_image","schema":{"@context":"https:\/\/schema.org","@graph":[{"@type":"WebPage","@id":"https:\/\/mayflower-capital.de\/nds-de\/erste-hilfe-referendariat\/kontakt\/","url":"https:\/\/mayflower-capital.de\/nds-de\/erste-hilfe-referendariat\/kontakt\/","name":"Kontakt - Mayflower Capital","isPartOf":{"@id":"https:\/\/mayflower-capital.de\/#website"},"primaryImageOfPage":{"@id":"https:\/\/mayflower-capital.de\/nds-de\/erste-hilfe-referendariat\/kontakt\/#primaryimage"},"image":{"@id":"https:\/\/mayflower-capital.de\/nds-de\/erste-hilfe-referendariat\/kontakt\/#primaryimage"},"thumbnailUrl":"https:\/\/mayflower-capital.de\/wp-content\/uploads\/2020\/09\/downloads.jpg","datePublished":"2024-04-12T08:55:51+00:00","dateModified":"2025-06-10T10:15:00+00:00","description":"Kontaktieren Sie Mayflower Capital f\u00fcr Informationen zu Erste-Hilfe-Kursen und Beratung f\u00fcr angehende Lehrkr\u00e4fte.","breadcrumb":{"@id":"https:\/\/mayflower-capital.de\/nds-de\/erste-hilfe-referendariat\/kontakt\/#breadcrumb"},"inLanguage":"nds-DE","potentialAction":[{"@type":"ReadAction","target":["https:\/\/mayflower-capital.de\/nds-de\/erste-hilfe-referendariat\/kontakt\/"]}]},{"@type":"ImageObject","inLanguage":"nds-DE","@id":"https:\/\/mayflower-capital.de\/nds-de\/erste-hilfe-referendariat\/kontakt\/#primaryimage","url":"https:\/\/mayflower-capital.de\/wp-content\/uploads\/2020\/09\/downloads.jpg","contentUrl":"https:\/\/mayflower-capital.de\/wp-content\/uploads\/2020\/09\/downloads.jpg","width":1920,"height":823,"caption":"Mayflower Capital: Downloads"},{"@type":"BreadcrumbList","@id":"https:\/\/mayflower-capital.de\/nds-de\/erste-hilfe-referendariat\/kontakt\/#breadcrumb","itemListElement":[{"@type":"ListItem","position":1,"name":"Home","item":"https:\/\/mayflower-capital.de\/nds-de\/home\/"},{"@type":"ListItem","position":2,"name":"Erste Hilfe Referendariat","item":"https:\/\/mayflower-capital.de\/nds-de\/erste-hilfe-referendariat\/"},{"@type":"ListItem","position":3,"name":"Kontakt"}]},{"@type":"WebSite","@id":"https:\/\/mayflower-capital.de\/#website","url":"https:\/\/mayflower-capital.de\/","name":"Mayflower Capital","description":"Die unabh\u00e4ngige Finanzberatung","publisher":{"@id":"https:\/\/mayflower-capital.de\/#organization"},"potentialAction":[{"@type":"SearchAction","target":{"@type":"EntryPoint","urlTemplate":"https:\/\/mayflower-capital.de\/?s={search_term_string}"},"query-input":{"@type":"PropertyValueSpecification","valueRequired":true,"valueName":"search_term_string"}}],"inLanguage":"nds-DE"},{"@type":"Organization","@id":"https:\/\/mayflower-capital.de\/#organization","name":"Mayflower Capital","url":"https:\/\/mayflower-capital.de\/","logo":{"@type":"ImageObject","inLanguage":"nds-DE","@id":"https:\/\/mayflower-capital.de\/#\/schema\/logo\/image\/","url":"https:\/\/mayflower-capital.de\/wp-content\/uploads\/2023\/09\/Logo_Mayflower_RGB.svg","contentUrl":"https:\/\/mayflower-capital.de\/wp-content\/uploads\/2023\/09\/Logo_Mayflower_RGB.svg","width":272,"height":149,"caption":"Mayflower Capital"},"image":{"@id":"https:\/\/mayflower-capital.de\/#\/schema\/logo\/image\/"},"sameAs":["https:\/\/www.facebook.com\/MayflowerCapital","https:\/\/www.instagram.com\/mayflowercapital\/","https:\/\/www.linkedin.com\/company\/mayflowercapital-ag\/"]}]}},"_links":{"self":[{"href":"https:\/\/mayflower-capital.de\/nds-de\/wp-json\/wp\/v2\/pages\/21998","targetHints":{"allow":["GET"]}}],"collection":[{"href":"https:\/\/mayflower-capital.de\/nds-de\/wp-json\/wp\/v2\/pages"}],"about":[{"href":"https:\/\/mayflower-capital.de\/nds-de\/wp-json\/wp\/v2\/types\/page"}],"author":[{"embeddable":true,"href":"https:\/\/mayflower-capital.de\/nds-de\/wp-json\/wp\/v2\/users\/1"}],"replies":[{"embeddable":true,"href":"https:\/\/mayflower-capital.de\/nds-de\/wp-json\/wp\/v2\/comments?post=21998"}],"version-history":[{"count":1,"href":"https:\/\/mayflower-capital.de\/nds-de\/wp-json\/wp\/v2\/pages\/21998\/revisions"}],"predecessor-version":[{"id":21999,"href":"https:\/\/mayflower-capital.de\/nds-de\/wp-json\/wp\/v2\/pages\/21998\/revisions\/21999"}],"up":[{"embeddable":true,"href":"https:\/\/mayflower-capital.de\/nds-de\/wp-json\/wp\/v2\/pages\/22000"}],"wp:featuredmedia":[{"embeddable":true,"href":"https:\/\/mayflower-capital.de\/nds-de\/wp-json\/wp\/v2\/media\/21329"}],"wp:attachment":[{"href":"https:\/\/mayflower-capital.de\/nds-de\/wp-json\/wp\/v2\/media?parent=21998"}],"wp:term":[{"taxonomy":"folder","embeddable":true,"href":"https:\/\/mayflower-capital.de\/nds-de\/wp-json\/wp\/v2\/folder?post=21998"}],"curies":[{"name":"wp","href":"https:\/\/api.w.org\/{rel}","templated":true}]}}