{"id":21980,"date":"2020-09-27T23:33:11","date_gmt":"2020-09-27T21:33:11","guid":{"rendered":"https:\/\/mayflower-capital.de\/dienstleistungen\/rechtliche-vorsorge\/"},"modified":"2025-06-10T11:52:52","modified_gmt":"2025-06-10T09:52:52","slug":"rechtliche-vorsorge","status":"publish","type":"page","link":"https:\/\/mayflower-capital.de\/nds-de\/dienstleistungen\/rechtliche-vorsorge\/","title":{"rendered":"Rechtliche Vorsorge"},"content":{"rendered":"\t\t<div data-elementor-type=\"wp-page\" data-elementor-id=\"21980\" class=\"elementor elementor-21980 elementor-3389\" data-elementor-post-type=\"page\">\n\t\t\t\t<div class=\"elementor-element elementor-element-de2e371 e-flex e-con-boxed e-con e-parent\" data-id=\"de2e371\" data-element_type=\"container\" data-e-type=\"container\">\n\t\t\t\t\t<div class=\"e-con-inner\">\n\t\t\t\t<div class=\"elementor-element elementor-element-d40239b page-direct-anchormenu elementor-widget elementor-widget-html\" data-id=\"d40239b\" data-element_type=\"widget\" data-e-type=\"widget\" data-widget_type=\"html.default\">\n\t\t\t\t<div class=\"elementor-widget-container\">\n\t\t\t\t\t<a href=\"#18\">Ab 18 \u2013 selbstbestimmt<\/a> <a href=\"#weiterhin\">Weiterhin selbstbestimmt<\/a>\t\t\t\t<\/div>\n\t\t\t\t<\/div>\n\t\t\t\t<div class=\"elementor-element elementor-element-a53ef77 elementor-widget elementor-widget-spacer\" data-id=\"a53ef77\" data-element_type=\"widget\" data-e-type=\"widget\" data-widget_type=\"spacer.default\">\n\t\t\t\t<div class=\"elementor-widget-container\">\n\t\t\t\t\t\t\t<div class=\"elementor-spacer\">\n\t\t\t<div class=\"elementor-spacer-inner\"><\/div>\n\t\t<\/div>\n\t\t\t\t\t\t<\/div>\n\t\t\t\t<\/div>\n\t\t\t\t<div class=\"elementor-element elementor-element-ae22daa elementor-widget elementor-widget-menu-anchor\" data-id=\"ae22daa\" data-element_type=\"widget\" data-e-type=\"widget\" data-widget_type=\"menu-anchor.default\">\n\t\t\t\t<div class=\"elementor-widget-container\">\n\t\t\t\t\t\t\t<div class=\"elementor-menu-anchor\" id=\"18\"><\/div>\n\t\t\t\t\t\t<\/div>\n\t\t\t\t<\/div>\n\t\t\t\t\t<\/div>\n\t\t\t\t<\/div>\n\t\t<div class=\"elementor-element elementor-element-6b2a5cc e-flex e-con-boxed e-con e-parent\" data-id=\"6b2a5cc\" data-element_type=\"container\" data-e-type=\"container\">\n\t\t\t\t\t<div class=\"e-con-inner\">\n\t\t\t\t<div class=\"elementor-element elementor-element-24477b6 elementor-widget elementor-widget-heading\" data-id=\"24477b6\" data-element_type=\"widget\" data-e-type=\"widget\" data-widget_type=\"heading.default\">\n\t\t\t\t<div class=\"elementor-widget-container\">\n\t\t\t\t\t<h4 class=\"elementor-heading-title elementor-size-default\">RECHTSSICHER<\/h4>\t\t\t\t<\/div>\n\t\t\t\t<\/div>\n\t\t\t\t<div class=\"elementor-element elementor-element-5e937bb elementor-widget elementor-widget-heading\" data-id=\"5e937bb\" data-element_type=\"widget\" data-e-type=\"widget\" data-widget_type=\"heading.default\">\n\t\t\t\t<div class=\"elementor-widget-container\">\n\t\t\t\t\t<h2 class=\"elementor-heading-title elementor-size-default\">AB 18 \u2013 SELBSTBESTIMMT NUR MIT VOLLMACHTEN<\/h2>\t\t\t\t<\/div>\n\t\t\t\t<\/div>\n\t\t\t\t<div class=\"elementor-element elementor-element-ed16ade textblock-full-width-margin-left elementor-widget elementor-widget-text-editor\" data-id=\"ed16ade\" data-element_type=\"widget\" data-e-type=\"widget\" data-widget_type=\"text-editor.default\">\n\t\t\t\t<div class=\"elementor-widget-container\">\n\t\t\t\t\t\t\t\t\t<p>Sobald Sie vollj\u00e4hrig sind, sind Sie juristisch eigenst\u00e4ndig. Das bedeutet, Sie k\u00f6nnen rechtlich selbst f\u00fcr sich entscheiden und handeln. Dann d\u00fcrfen auch Ihre Eltern nicht mehr f\u00fcr Sie entscheiden oder handeln, wenn Sie vor\u00fcbergehend oder dauerhaft nicht in der Lage sind, selbst zuzustimmen \u2013 zum Beispiel, weil Sie bewusstlos sind. Selbst Ihre Krankenakten d\u00fcrfen sie dann nicht mehr einsehen. Es kann durch einen Unfall oder eine Krankheit schnell passieren, dass wir unsere Angelegenheiten nicht mehr selbst regeln k\u00f6nnen.   <\/p><p>Wenn Sie keine Vollmachten haben, entscheiden und handeln unter Umst\u00e4nden fremde Personen f\u00fcr Sie. Das kann Bereiche wie Ihre Gesundheit, Ihre Finanzen, Beh\u00f6rdenangelegenheiten, Postangelegenheiten und bei Selbstst\u00e4ndigen sogar Ihr Gesch\u00e4ft betreffen. Denn rechtlich wirksam kann nur jemand f\u00fcr Sie handeln, den Sie auch dazu bevollm\u00e4chtigt haben.<br><br>Falls keine Vorsorgevollmacht (eine schriftliche Erlaubnis, die Sie jemandem geben, damit er oder sie f\u00fcr Sie handeln kann, wenn Sie es selbst nicht mehr k\u00f6nnen) vorliegt, muss das Betreuungsgericht (ein Gericht, das sich um Menschen k\u00fcmmert, die ihre Angelegenheiten nicht mehr selbst regeln k\u00f6nnen) einen Betreuer f\u00fcr Sie einsetzen. Das Gericht sucht daf\u00fcr zwar meistens ein Familienmitglied aus, aber es ist immer ein gerichtliches Verfahren mit einer Anh\u00f6rung und einem \u00e4rztlichen oder psychiatrischen Gutachten verbunden.<br><br>Mit einer Vorsorgevollmacht ersparen Sie sich dieses staatliche Verfahren. Wenn eine Vorsorgevollmacht vorliegt, darf das zust\u00e4ndige Gericht keinen Betreuer f\u00fcr Sie bestimmen.     <\/p><p>Eine <a href=\"https:\/\/mayflower-capital.de\/finanztipps\/2021\/11\/10\/patientenverfuegung-und-vorsorgevollmacht\/\">Vorsorgevollmacht (die Erlaubnis an eine Person, f\u00fcr Sie zu handeln) ist nicht dasselbe wie eine Patientenverf\u00fcgun<\/a>g. Mit einer Patientenverf\u00fcgung k\u00f6nnen Sie festlegen, welche medizinischen Behandlungen Sie w\u00fcnschen oder ablehnen, falls Sie unheilbar krank werden und sich nicht mehr \u00e4u\u00dfern k\u00f6nnen.<br><br>Diese Verf\u00fcgung richtet sich immer an den behandelnden Arzt und an eine Person, die Ihre W\u00fcnsche bez\u00fcglich der \u00e4rztlichen Behandlung durchsetzen soll.  <\/p><p>Rechtsanw\u00e4lte raten Personen ab 18 Jahren dazu, eine umfassende Gesamtvollmacht erstellen zu lassen. Diese sollte eine Patientenverf\u00fcgung (hier legen Sie medizinische Behandlungen fest), eine Betreuungsverf\u00fcgung (hier bestimmen Sie, wer Ihr Betreuer werden soll, falls n\u00f6tig) und eine Vorsorgevollmacht (hier bevollm\u00e4chtigen Sie jemanden, in Ihrem Namen zu handeln) enthalten. Wenn Sie selbstst\u00e4ndig oder freiberuflich arbeiten, sollte in dieser Vollmacht auch eine Unternehmervollmacht (eine spezielle Vollmacht f\u00fcr Ihr Gesch\u00e4ft) enthalten sein. <\/p>\t\t\t\t\t\t\t\t<\/div>\n\t\t\t\t<\/div>\n\t\t\t\t<div class=\"elementor-element elementor-element-dc037f0 elementor-widget elementor-widget-menu-anchor\" data-id=\"dc037f0\" data-element_type=\"widget\" data-e-type=\"widget\" data-widget_type=\"menu-anchor.default\">\n\t\t\t\t<div class=\"elementor-widget-container\">\n\t\t\t\t\t\t\t<div class=\"elementor-menu-anchor\" id=\"weiterhin\"><\/div>\n\t\t\t\t\t\t<\/div>\n\t\t\t\t<\/div>\n\t\t\t\t\t<\/div>\n\t\t\t\t<\/div>\n\t\t<div class=\"elementor-element elementor-element-c7d34fc e-flex e-con-boxed e-con e-parent\" data-id=\"c7d34fc\" data-element_type=\"container\" data-e-type=\"container\">\n\t\t\t\t\t<div class=\"e-con-inner\">\n\t\t\t\t<div class=\"elementor-element elementor-element-d44ca09 elementor-widget elementor-widget-heading\" data-id=\"d44ca09\" data-element_type=\"widget\" data-e-type=\"widget\" data-widget_type=\"heading.default\">\n\t\t\t\t<div class=\"elementor-widget-container\">\n\t\t\t\t\t<h4 class=\"elementor-heading-title elementor-size-default\">GEPR\u00dcFT UND VERBINDLICH<\/h4>\t\t\t\t<\/div>\n\t\t\t\t<\/div>\n\t\t\t\t<div class=\"elementor-element elementor-element-08081fa elementor-widget elementor-widget-heading\" data-id=\"08081fa\" data-element_type=\"widget\" data-e-type=\"widget\" data-widget_type=\"heading.default\">\n\t\t\t\t<div class=\"elementor-widget-container\">\n\t\t\t\t\t<h2 class=\"elementor-heading-title elementor-size-default\">WEITERHIN SELBSTBESTIMMT<\/h2>\t\t\t\t<\/div>\n\t\t\t\t<\/div>\n\t\t\t\t<div class=\"elementor-element elementor-element-b1947ae textblock-full-width-margin-left elementor-widget elementor-widget-text-editor\" data-id=\"b1947ae\" data-element_type=\"widget\" data-e-type=\"widget\" data-widget_type=\"text-editor.default\">\n\t\t\t\t<div class=\"elementor-widget-container\">\n\t\t\t\t\t\t\t\t\t<p>Wir verbinden Sie mit dem passenden Anwalt: Unser Partner arbeitet mit Anwaltskanzleien zusammen, die f\u00fcr Sie Patientenverf\u00fcgungen (hier legen Sie medizinische Behandlungen fest), Betreuungsverf\u00fcgungen (hier bestimmen Sie, wer Ihr Betreuer werden soll), Vorsorgevollmachten (hier bevollm\u00e4chtigen Sie jemanden, in Ihrem Namen zu handeln), Unternehmervollmachten (eine spezielle Vollmacht f\u00fcr Ihr Gesch\u00e4ft) und Sorgerechtsverf\u00fcgungen (hier legen Sie fest, wer sich um Ihre Kinder k\u00fcmmern soll, falls Ihnen etwas zust\u00f6\u00dft) erstellen.<\/p><p>Sie tragen Ihre Daten, W\u00fcnsche und Vorstellungen in eine spezielle Software ein. Wir stellen sicher, dass Ihre W\u00fcnsche datenschutzkonform (also unter Einhaltung aller Regeln zum Schutz Ihrer pers\u00f6nlichen Daten) an den beauftragten Rechtsanwalt \u00fcbertragen werden. Der Anwalt pr\u00fcft dann den Inhalt und bewertet Ihre Angaben rechtlich. Danach erstellt er f\u00fcr Sie rechtlich gepr\u00fcfte und verbindliche Vollmachten (offizielle, g\u00fcltige Dokumente), die genau Ihren pers\u00f6nlichen Vorstellungen entsprechen.  <\/p><p>Die rechtsanwaltlichen Vollmachten (also die offiziellen Papiere, die ein Anwalt f\u00fcr Sie erstellt hat) sind ein wichtiger erster Schritt, damit Sie selbst bestimmen k\u00f6nnen, was mit Ihnen geschieht. Genauso wichtig ist es, dass Sie Ihre Dokumente dauerhaft sorgf\u00e4ltig behandeln. Denn Vorsorgedokumente sollten immer aktuell sein, also an Ihre aktuellen Lebensumst\u00e4nde und neue Gesetze angepasst werden. Au\u00dferdem m\u00fcssen sie sicher und schnell verf\u00fcgbar sein. Unser Kooperationspartner k\u00fcmmert sich darum mit einer besonderen Kombination von Leistungen  <\/p>\t\t\t\t\t\t\t\t<\/div>\n\t\t\t\t<\/div>\n\t\t\t\t\t<\/div>\n\t\t\t\t<\/div>\n\t\t\t\t<\/div>\n\t\t","protected":false},"excerpt":{"rendered":"<p>IHR UNABH\u00c4NGIGER FINANZPARTNER<\/p>\n","protected":false},"author":1,"featured_media":21351,"parent":21736,"menu_order":0,"comment_status":"closed","ping_status":"closed","template":"","meta":{"_acf_changed":false,"footnotes":""},"folder":[837],"class_list":["post-21980","page","type-page","status-publish","has-post-thumbnail","hentry"],"acf":[],"yoast_head":"<!-- This site is optimized with the Yoast SEO plugin v27.4 - https:\/\/yoast.com\/product\/yoast-seo-wordpress\/ -->\n<title>Rechtliche Vorsorge - Mayflower Capital<\/title>\n<meta name=\"description\" content=\"Mayflower Capital bietet rechtliche Vorsorge mit gepr\u00fcften Vollmachten und Verf\u00fcgungen f\u00fcr Ihre Selbstbestimmung.\" \/>\n<meta name=\"robots\" content=\"index, follow, max-snippet:-1, max-image-preview:large, max-video-preview:-1\" \/>\n<link rel=\"canonical\" href=\"https:\/\/mayflower-capital.de\/nds-de\/dienstleistungen\/rechtliche-vorsorge\/\" \/>\n<meta property=\"og:locale\" content=\"en_US\" \/>\n<meta property=\"og:type\" content=\"article\" \/>\n<meta property=\"og:title\" content=\"Rechtliche Vorsorge - Mayflower Capital\" \/>\n<meta property=\"og:description\" content=\"Mayflower Capital bietet rechtliche Vorsorge mit gepr\u00fcften Vollmachten und Verf\u00fcgungen f\u00fcr Ihre Selbstbestimmung.\" \/>\n<meta property=\"og:url\" content=\"https:\/\/mayflower-capital.de\/nds-de\/dienstleistungen\/rechtliche-vorsorge\/\" \/>\n<meta property=\"og:site_name\" content=\"Mayflower Capital\" \/>\n<meta property=\"article:publisher\" content=\"https:\/\/www.facebook.com\/MayflowerCapital\" \/>\n<meta property=\"article:modified_time\" content=\"2025-06-10T09:52:52+00:00\" \/>\n<meta property=\"og:image\" content=\"https:\/\/mayflower-capital.de\/wp-content\/uploads\/2020\/09\/rechtliche-vorsorge.jpg\" \/>\n\t<meta property=\"og:image:width\" content=\"1920\" \/>\n\t<meta property=\"og:image:height\" content=\"823\" \/>\n\t<meta property=\"og:image:type\" content=\"image\/jpeg\" \/>\n<meta name=\"twitter:card\" content=\"summary_large_image\" \/>\n<meta name=\"twitter:label1\" content=\"Est. reading time\" \/>\n\t<meta name=\"twitter:data1\" content=\"3 minutes\" \/>\n<script type=\"application\/ld+json\" class=\"yoast-schema-graph\">{\"@context\":\"https:\\\/\\\/schema.org\",\"@graph\":[{\"@type\":\"WebPage\",\"@id\":\"https:\\\/\\\/mayflower-capital.de\\\/nds-de\\\/dienstleistungen\\\/rechtliche-vorsorge\\\/\",\"url\":\"https:\\\/\\\/mayflower-capital.de\\\/nds-de\\\/dienstleistungen\\\/rechtliche-vorsorge\\\/\",\"name\":\"Rechtliche Vorsorge - Mayflower Capital\",\"isPartOf\":{\"@id\":\"https:\\\/\\\/mayflower-capital.de\\\/#website\"},\"primaryImageOfPage\":{\"@id\":\"https:\\\/\\\/mayflower-capital.de\\\/nds-de\\\/dienstleistungen\\\/rechtliche-vorsorge\\\/#primaryimage\"},\"image\":{\"@id\":\"https:\\\/\\\/mayflower-capital.de\\\/nds-de\\\/dienstleistungen\\\/rechtliche-vorsorge\\\/#primaryimage\"},\"thumbnailUrl\":\"https:\\\/\\\/mayflower-capital.de\\\/wp-content\\\/uploads\\\/2020\\\/09\\\/rechtliche-vorsorge.jpg\",\"datePublished\":\"2020-09-27T21:33:11+00:00\",\"dateModified\":\"2025-06-10T09:52:52+00:00\",\"description\":\"Mayflower Capital bietet rechtliche Vorsorge mit gepr\u00fcften Vollmachten und Verf\u00fcgungen f\u00fcr Ihre Selbstbestimmung.\",\"breadcrumb\":{\"@id\":\"https:\\\/\\\/mayflower-capital.de\\\/nds-de\\\/dienstleistungen\\\/rechtliche-vorsorge\\\/#breadcrumb\"},\"inLanguage\":\"nds-DE\",\"potentialAction\":[{\"@type\":\"ReadAction\",\"target\":[\"https:\\\/\\\/mayflower-capital.de\\\/nds-de\\\/dienstleistungen\\\/rechtliche-vorsorge\\\/\"]}]},{\"@type\":\"ImageObject\",\"inLanguage\":\"nds-DE\",\"@id\":\"https:\\\/\\\/mayflower-capital.de\\\/nds-de\\\/dienstleistungen\\\/rechtliche-vorsorge\\\/#primaryimage\",\"url\":\"https:\\\/\\\/mayflower-capital.de\\\/wp-content\\\/uploads\\\/2020\\\/09\\\/rechtliche-vorsorge.jpg\",\"contentUrl\":\"https:\\\/\\\/mayflower-capital.de\\\/wp-content\\\/uploads\\\/2020\\\/09\\\/rechtliche-vorsorge.jpg\",\"width\":1920,\"height\":823,\"caption\":\"Mayflower Capital: Rechtliche Vorsorge\"},{\"@type\":\"BreadcrumbList\",\"@id\":\"https:\\\/\\\/mayflower-capital.de\\\/nds-de\\\/dienstleistungen\\\/rechtliche-vorsorge\\\/#breadcrumb\",\"itemListElement\":[{\"@type\":\"ListItem\",\"position\":1,\"name\":\"Home\",\"item\":\"https:\\\/\\\/mayflower-capital.de\\\/nds-de\\\/home\\\/\"},{\"@type\":\"ListItem\",\"position\":2,\"name\":\"Dienstleistungen\",\"item\":\"https:\\\/\\\/mayflower-capital.de\\\/dienstleistungen\\\/\"},{\"@type\":\"ListItem\",\"position\":3,\"name\":\"Rechtliche Vorsorge\"}]},{\"@type\":\"WebSite\",\"@id\":\"https:\\\/\\\/mayflower-capital.de\\\/#website\",\"url\":\"https:\\\/\\\/mayflower-capital.de\\\/\",\"name\":\"Mayflower Capital\",\"description\":\"Die unabh\u00e4ngige Finanzberatung\",\"publisher\":{\"@id\":\"https:\\\/\\\/mayflower-capital.de\\\/#organization\"},\"potentialAction\":[{\"@type\":\"SearchAction\",\"target\":{\"@type\":\"EntryPoint\",\"urlTemplate\":\"https:\\\/\\\/mayflower-capital.de\\\/?s={search_term_string}\"},\"query-input\":{\"@type\":\"PropertyValueSpecification\",\"valueRequired\":true,\"valueName\":\"search_term_string\"}}],\"inLanguage\":\"nds-DE\"},{\"@type\":\"Organization\",\"@id\":\"https:\\\/\\\/mayflower-capital.de\\\/#organization\",\"name\":\"Mayflower Capital\",\"url\":\"https:\\\/\\\/mayflower-capital.de\\\/\",\"logo\":{\"@type\":\"ImageObject\",\"inLanguage\":\"nds-DE\",\"@id\":\"https:\\\/\\\/mayflower-capital.de\\\/#\\\/schema\\\/logo\\\/image\\\/\",\"url\":\"https:\\\/\\\/mayflower-capital.de\\\/wp-content\\\/uploads\\\/2023\\\/09\\\/Logo_Mayflower_RGB.svg\",\"contentUrl\":\"https:\\\/\\\/mayflower-capital.de\\\/wp-content\\\/uploads\\\/2023\\\/09\\\/Logo_Mayflower_RGB.svg\",\"width\":272,\"height\":149,\"caption\":\"Mayflower Capital\"},\"image\":{\"@id\":\"https:\\\/\\\/mayflower-capital.de\\\/#\\\/schema\\\/logo\\\/image\\\/\"},\"sameAs\":[\"https:\\\/\\\/www.facebook.com\\\/MayflowerCapital\",\"https:\\\/\\\/www.instagram.com\\\/mayflowercapital\\\/\",\"https:\\\/\\\/www.linkedin.com\\\/company\\\/mayflowercapital-ag\\\/\"]}]}<\/script>\n<!-- \/ Yoast SEO plugin. -->","yoast_head_json":{"title":"Rechtliche Vorsorge - Mayflower Capital","description":"Mayflower Capital bietet rechtliche Vorsorge mit gepr\u00fcften Vollmachten und Verf\u00fcgungen f\u00fcr Ihre Selbstbestimmung.","robots":{"index":"index","follow":"follow","max-snippet":"max-snippet:-1","max-image-preview":"max-image-preview:large","max-video-preview":"max-video-preview:-1"},"canonical":"https:\/\/mayflower-capital.de\/nds-de\/dienstleistungen\/rechtliche-vorsorge\/","og_locale":"en_US","og_type":"article","og_title":"Rechtliche Vorsorge - Mayflower Capital","og_description":"Mayflower Capital bietet rechtliche Vorsorge mit gepr\u00fcften Vollmachten und Verf\u00fcgungen f\u00fcr Ihre Selbstbestimmung.","og_url":"https:\/\/mayflower-capital.de\/nds-de\/dienstleistungen\/rechtliche-vorsorge\/","og_site_name":"Mayflower Capital","article_publisher":"https:\/\/www.facebook.com\/MayflowerCapital","article_modified_time":"2025-06-10T09:52:52+00:00","og_image":[{"width":1920,"height":823,"url":"https:\/\/mayflower-capital.de\/wp-content\/uploads\/2020\/09\/rechtliche-vorsorge.jpg","type":"image\/jpeg"}],"twitter_card":"summary_large_image","twitter_misc":{"Est. reading time":"3 minutes"},"schema":{"@context":"https:\/\/schema.org","@graph":[{"@type":"WebPage","@id":"https:\/\/mayflower-capital.de\/nds-de\/dienstleistungen\/rechtliche-vorsorge\/","url":"https:\/\/mayflower-capital.de\/nds-de\/dienstleistungen\/rechtliche-vorsorge\/","name":"Rechtliche Vorsorge - Mayflower Capital","isPartOf":{"@id":"https:\/\/mayflower-capital.de\/#website"},"primaryImageOfPage":{"@id":"https:\/\/mayflower-capital.de\/nds-de\/dienstleistungen\/rechtliche-vorsorge\/#primaryimage"},"image":{"@id":"https:\/\/mayflower-capital.de\/nds-de\/dienstleistungen\/rechtliche-vorsorge\/#primaryimage"},"thumbnailUrl":"https:\/\/mayflower-capital.de\/wp-content\/uploads\/2020\/09\/rechtliche-vorsorge.jpg","datePublished":"2020-09-27T21:33:11+00:00","dateModified":"2025-06-10T09:52:52+00:00","description":"Mayflower Capital bietet rechtliche Vorsorge mit gepr\u00fcften Vollmachten und Verf\u00fcgungen f\u00fcr Ihre Selbstbestimmung.","breadcrumb":{"@id":"https:\/\/mayflower-capital.de\/nds-de\/dienstleistungen\/rechtliche-vorsorge\/#breadcrumb"},"inLanguage":"nds-DE","potentialAction":[{"@type":"ReadAction","target":["https:\/\/mayflower-capital.de\/nds-de\/dienstleistungen\/rechtliche-vorsorge\/"]}]},{"@type":"ImageObject","inLanguage":"nds-DE","@id":"https:\/\/mayflower-capital.de\/nds-de\/dienstleistungen\/rechtliche-vorsorge\/#primaryimage","url":"https:\/\/mayflower-capital.de\/wp-content\/uploads\/2020\/09\/rechtliche-vorsorge.jpg","contentUrl":"https:\/\/mayflower-capital.de\/wp-content\/uploads\/2020\/09\/rechtliche-vorsorge.jpg","width":1920,"height":823,"caption":"Mayflower Capital: Rechtliche Vorsorge"},{"@type":"BreadcrumbList","@id":"https:\/\/mayflower-capital.de\/nds-de\/dienstleistungen\/rechtliche-vorsorge\/#breadcrumb","itemListElement":[{"@type":"ListItem","position":1,"name":"Home","item":"https:\/\/mayflower-capital.de\/nds-de\/home\/"},{"@type":"ListItem","position":2,"name":"Dienstleistungen","item":"https:\/\/mayflower-capital.de\/dienstleistungen\/"},{"@type":"ListItem","position":3,"name":"Rechtliche Vorsorge"}]},{"@type":"WebSite","@id":"https:\/\/mayflower-capital.de\/#website","url":"https:\/\/mayflower-capital.de\/","name":"Mayflower Capital","description":"Die unabh\u00e4ngige Finanzberatung","publisher":{"@id":"https:\/\/mayflower-capital.de\/#organization"},"potentialAction":[{"@type":"SearchAction","target":{"@type":"EntryPoint","urlTemplate":"https:\/\/mayflower-capital.de\/?s={search_term_string}"},"query-input":{"@type":"PropertyValueSpecification","valueRequired":true,"valueName":"search_term_string"}}],"inLanguage":"nds-DE"},{"@type":"Organization","@id":"https:\/\/mayflower-capital.de\/#organization","name":"Mayflower Capital","url":"https:\/\/mayflower-capital.de\/","logo":{"@type":"ImageObject","inLanguage":"nds-DE","@id":"https:\/\/mayflower-capital.de\/#\/schema\/logo\/image\/","url":"https:\/\/mayflower-capital.de\/wp-content\/uploads\/2023\/09\/Logo_Mayflower_RGB.svg","contentUrl":"https:\/\/mayflower-capital.de\/wp-content\/uploads\/2023\/09\/Logo_Mayflower_RGB.svg","width":272,"height":149,"caption":"Mayflower Capital"},"image":{"@id":"https:\/\/mayflower-capital.de\/#\/schema\/logo\/image\/"},"sameAs":["https:\/\/www.facebook.com\/MayflowerCapital","https:\/\/www.instagram.com\/mayflowercapital\/","https:\/\/www.linkedin.com\/company\/mayflowercapital-ag\/"]}]}},"_links":{"self":[{"href":"https:\/\/mayflower-capital.de\/nds-de\/wp-json\/wp\/v2\/pages\/21980","targetHints":{"allow":["GET"]}}],"collection":[{"href":"https:\/\/mayflower-capital.de\/nds-de\/wp-json\/wp\/v2\/pages"}],"about":[{"href":"https:\/\/mayflower-capital.de\/nds-de\/wp-json\/wp\/v2\/types\/page"}],"author":[{"embeddable":true,"href":"https:\/\/mayflower-capital.de\/nds-de\/wp-json\/wp\/v2\/users\/1"}],"replies":[{"embeddable":true,"href":"https:\/\/mayflower-capital.de\/nds-de\/wp-json\/wp\/v2\/comments?post=21980"}],"version-history":[{"count":1,"href":"https:\/\/mayflower-capital.de\/nds-de\/wp-json\/wp\/v2\/pages\/21980\/revisions"}],"predecessor-version":[{"id":21981,"href":"https:\/\/mayflower-capital.de\/nds-de\/wp-json\/wp\/v2\/pages\/21980\/revisions\/21981"}],"up":[{"embeddable":true,"href":"https:\/\/mayflower-capital.de\/nds-de\/wp-json\/wp\/v2\/pages\/21736"}],"wp:featuredmedia":[{"embeddable":true,"href":"https:\/\/mayflower-capital.de\/nds-de\/wp-json\/wp\/v2\/media\/21351"}],"wp:attachment":[{"href":"https:\/\/mayflower-capital.de\/nds-de\/wp-json\/wp\/v2\/media?parent=21980"}],"wp:term":[{"taxonomy":"folder","embeddable":true,"href":"https:\/\/mayflower-capital.de\/nds-de\/wp-json\/wp\/v2\/folder?post=21980"}],"curies":[{"name":"wp","href":"https:\/\/api.w.org\/{rel}","templated":true}]}}