{"id":21760,"date":"2019-12-19T23:15:17","date_gmt":"2019-12-19T22:15:17","guid":{"rendered":"https:\/\/mayflower-capital.de\/analyse-nach-din\/"},"modified":"2025-06-05T17:49:24","modified_gmt":"2025-06-05T15:49:24","slug":"analyse-nach-din","status":"publish","type":"page","link":"https:\/\/mayflower-capital.de\/nds-de\/beratung-services\/analyse-nach-din\/","title":{"rendered":"Analyse nach DIN"},"content":{"rendered":"\t\t<div data-elementor-type=\"wp-page\" data-elementor-id=\"21760\" class=\"elementor elementor-21760 elementor-977\" data-elementor-post-type=\"page\">\n\t\t\t\t<div class=\"elementor-element elementor-element-b412810 e-flex e-con-boxed e-con e-parent\" data-id=\"b412810\" data-element_type=\"container\" data-e-type=\"container\">\n\t\t\t\t\t<div class=\"e-con-inner\">\n\t\t\t\t<div class=\"elementor-element elementor-element-c5b8c44 elementor-widget elementor-widget-heading\" data-id=\"c5b8c44\" data-element_type=\"widget\" data-e-type=\"widget\" data-widget_type=\"heading.default\">\n\t\t\t\t<div class=\"elementor-widget-container\">\n\t\t\t\t\t<h4 class=\"elementor-heading-title elementor-size-default\">Finanzanalyse auf Nummer sicher!<\/h4>\t\t\t\t<\/div>\n\t\t\t\t<\/div>\n\t\t\t\t<div class=\"elementor-element elementor-element-c3595d9 elementor-widget elementor-widget-heading\" data-id=\"c3595d9\" data-element_type=\"widget\" data-e-type=\"widget\" data-widget_type=\"heading.default\">\n\t\t\t\t<div class=\"elementor-widget-container\">\n\t\t\t\t\t<h2 class=\"elementor-heading-title elementor-size-default\">DIN 77230<\/h2>\t\t\t\t<\/div>\n\t\t\t\t<\/div>\n\t\t\t\t<div class=\"elementor-element elementor-element-1200be0 textblock-full-width-margin-left elementor-widget elementor-widget-text-editor\" data-id=\"1200be0\" data-element_type=\"widget\" data-e-type=\"widget\" data-widget_type=\"text-editor.default\">\n\t\t\t\t<div class=\"elementor-widget-container\">\n\t\t\t\t\t\t\t\t\t<p>\u201e007\u201c, \u201e911\u201c und \u201e110\u201c sind bekannte Zahlen, die wir oft im Kopf haben. Aber keine davon ist wie die 77230! Die DIN-Norm 77230 sorgt f\u00fcr eine sichere und neutrale Finanzanalyse f\u00fcr Privathaushalte. Dabei geht es um wichtige Themen wie Absicherung, Vorsorge und Verm\u00f6gensplanung.   <\/p><p>Das Deutsche Institut f\u00fcr Normung (DIN) hat mit der <a href=\"https:\/\/mayflower-capital.de\/ihr-unabhaengiger-finanzpartner\/pressebereich\/pressespiegel\/2014\/12\/12\/defino-zertifizierung-mayflower-finanzanalyse-jetzt-nach-din-standard\/\">DIN 77230 zum ersten Mal eine einheitliche Regel f\u00fcr die Finanzanalyse von Privathaushalten<\/a> geschaffen, die von verschiedenen Anbietern genutzt wird. Die Norm wurde von Experten aus dem Verbraucherschutz, der Finanzwissenschaft und der Finanzwirtschaft entwickelt. Das Ergebnis ist ein standardisierter Analyseprozess, bei dem die objektiven Bed\u00fcrfnisse des Kunden ermittelt werden. Diese Ergebnisse bilden die Grundlage f\u00fcr unsere anschlie\u00dfende Beratung und Produktempfehlungen, die den Verbraucherschutz besonders ber\u00fccksichtigen.  <\/p><p>Die Norm trennt bewusst die Finanzanalyse \u2013 \u00e4hnlich wie in der Medizin die \u201eDiagnose\u201c \u2013 von der sp\u00e4teren Finanzberatung, die man mit der \u201eTherapie\u201c oder \u201eBehandlung\u201c vergleichen kann. So entsteht eine sinnvolle und umfassende Analyse Ihrer finanziellen Lage. <\/p><p>Mayflower ist eines der ersten Finanzberatungsunternehmen, das nach der DIN 77230 zertifiziert ist und bei allen ausgebildeten Partnern die Zertifizierung erfolgreich abgeschlossen hat. Die Mayflower-Partner arbeiten vollst\u00e4ndig nach dieser Norm und betrachten nicht nur einzelne Teile. Durch die Anwendung der DIN 77230 sichern wir die Qualit\u00e4t unserer Finanzanalyse noch besser \u2013 objektiv, messbar und sicher.   <\/p>\t\t\t\t\t\t\t\t<\/div>\n\t\t\t\t<\/div>\n\t\t\t\t<div class=\"elementor-element elementor-element-6776f76 elementor-widget elementor-widget-button\" data-id=\"6776f76\" data-element_type=\"widget\" data-e-type=\"widget\" data-widget_type=\"button.default\">\n\t\t\t\t<div class=\"elementor-widget-container\">\n\t\t\t\t\t\t\t\t\t<div class=\"elementor-button-wrapper\">\n\t\t\t\t\t<a class=\"elementor-button elementor-button-link elementor-size-sm\" href=\"https:\/\/mayflower-capital.de\/ueber-mayflower-capital\/partner\/\">\n\t\t\t\t\t\t<span class=\"elementor-button-content-wrapper\">\n\t\t\t\t\t\t\t\t\t<span class=\"elementor-button-text\">Jetzt Berater finden<\/span>\n\t\t\t\t\t<\/span>\n\t\t\t\t\t<\/a>\n\t\t\t\t<\/div>\n\t\t\t\t\t\t\t\t<\/div>\n\t\t\t\t<\/div>\n\t\t\t\t<div class=\"elementor-element elementor-element-44eb629 elementor-widget elementor-widget-spacer\" data-id=\"44eb629\" data-element_type=\"widget\" data-e-type=\"widget\" data-widget_type=\"spacer.default\">\n\t\t\t\t<div class=\"elementor-widget-container\">\n\t\t\t\t\t\t\t<div class=\"elementor-spacer\">\n\t\t\t<div class=\"elementor-spacer-inner\"><\/div>\n\t\t<\/div>\n\t\t\t\t\t\t<\/div>\n\t\t\t\t<\/div>\n\t\t\t\t<div class=\"elementor-element elementor-element-3a7a7fb textblock-full-width-margin-left elementor-widget elementor-widget-image\" data-id=\"3a7a7fb\" data-element_type=\"widget\" data-e-type=\"widget\" data-widget_type=\"image.default\">\n\t\t\t\t<div class=\"elementor-widget-container\">\n\t\t\t\t\t\t\t\t\t\t\t\t\t\t\t<img fetchpriority=\"high\" decoding=\"async\" width=\"800\" height=\"290\" src=\"https:\/\/mayflower-capital.de\/wp-content\/uploads\/2020\/01\/Keyvisual_Folgeseite.gif\" class=\"attachment-large size-large wp-image-21136\" alt=\"\" \/>\t\t\t\t\t\t\t\t\t\t\t\t\t\t\t<\/div>\n\t\t\t\t<\/div>\n\t\t\t\t\t<\/div>\n\t\t\t\t<\/div>\n\t\t\t\t<\/div>\n\t\t","protected":false},"excerpt":{"rendered":"<p>Objektiv, messbar, sicher<\/p>\n","protected":false},"author":1,"featured_media":21334,"parent":21779,"menu_order":0,"comment_status":"closed","ping_status":"closed","template":"","meta":{"_acf_changed":false,"footnotes":""},"folder":[834],"class_list":["post-21760","page","type-page","status-publish","has-post-thumbnail","hentry"],"acf":[],"yoast_head":"<!-- This site is optimized with the Yoast SEO plugin v27.4 - https:\/\/yoast.com\/product\/yoast-seo-wordpress\/ -->\n<title>Analyse nach DIN - Mayflower Capital<\/title>\n<meta name=\"description\" content=\"Mayflower Capital bietet Finanzanalysen nach DIN 77230 \u2013 objektiv, messbar und sicher f\u00fcr Ihre Finanzplanung.\" \/>\n<meta name=\"robots\" content=\"index, follow, max-snippet:-1, max-image-preview:large, max-video-preview:-1\" \/>\n<link rel=\"canonical\" href=\"https:\/\/mayflower-capital.de\/nds-de\/beratung-services\/analyse-nach-din\/\" \/>\n<meta property=\"og:locale\" content=\"en_US\" \/>\n<meta property=\"og:type\" content=\"article\" \/>\n<meta property=\"og:title\" content=\"Analyse nach DIN - Mayflower Capital\" \/>\n<meta property=\"og:description\" content=\"Mayflower Capital bietet Finanzanalysen nach DIN 77230 \u2013 objektiv, messbar und sicher f\u00fcr Ihre Finanzplanung.\" \/>\n<meta property=\"og:url\" content=\"https:\/\/mayflower-capital.de\/nds-de\/beratung-services\/analyse-nach-din\/\" \/>\n<meta property=\"og:site_name\" content=\"Mayflower Capital\" \/>\n<meta property=\"article:publisher\" content=\"https:\/\/www.facebook.com\/MayflowerCapital\" \/>\n<meta property=\"article:modified_time\" content=\"2025-06-05T15:49:24+00:00\" \/>\n<meta property=\"og:image\" content=\"https:\/\/mayflower-capital.de\/wp-content\/uploads\/2020\/09\/din-77230.jpg\" \/>\n\t<meta property=\"og:image:width\" content=\"1920\" \/>\n\t<meta property=\"og:image:height\" content=\"823\" \/>\n\t<meta property=\"og:image:type\" content=\"image\/jpeg\" \/>\n<meta name=\"twitter:card\" content=\"summary_large_image\" \/>\n<meta name=\"twitter:label1\" content=\"Est. reading time\" \/>\n\t<meta name=\"twitter:data1\" content=\"1 minute\" \/>\n<script type=\"application\/ld+json\" class=\"yoast-schema-graph\">{\"@context\":\"https:\\\/\\\/schema.org\",\"@graph\":[{\"@type\":\"WebPage\",\"@id\":\"https:\\\/\\\/mayflower-capital.de\\\/nds-de\\\/beratung-services\\\/analyse-nach-din\\\/\",\"url\":\"https:\\\/\\\/mayflower-capital.de\\\/nds-de\\\/beratung-services\\\/analyse-nach-din\\\/\",\"name\":\"Analyse nach DIN - Mayflower Capital\",\"isPartOf\":{\"@id\":\"https:\\\/\\\/mayflower-capital.de\\\/#website\"},\"primaryImageOfPage\":{\"@id\":\"https:\\\/\\\/mayflower-capital.de\\\/nds-de\\\/beratung-services\\\/analyse-nach-din\\\/#primaryimage\"},\"image\":{\"@id\":\"https:\\\/\\\/mayflower-capital.de\\\/nds-de\\\/beratung-services\\\/analyse-nach-din\\\/#primaryimage\"},\"thumbnailUrl\":\"https:\\\/\\\/mayflower-capital.de\\\/wp-content\\\/uploads\\\/2020\\\/09\\\/din-77230.jpg\",\"datePublished\":\"2019-12-19T22:15:17+00:00\",\"dateModified\":\"2025-06-05T15:49:24+00:00\",\"description\":\"Mayflower Capital bietet Finanzanalysen nach DIN 77230 \u2013 objektiv, messbar und sicher f\u00fcr Ihre Finanzplanung.\",\"breadcrumb\":{\"@id\":\"https:\\\/\\\/mayflower-capital.de\\\/nds-de\\\/beratung-services\\\/analyse-nach-din\\\/#breadcrumb\"},\"inLanguage\":\"nds-DE\",\"potentialAction\":[{\"@type\":\"ReadAction\",\"target\":[\"https:\\\/\\\/mayflower-capital.de\\\/nds-de\\\/beratung-services\\\/analyse-nach-din\\\/\"]}]},{\"@type\":\"ImageObject\",\"inLanguage\":\"nds-DE\",\"@id\":\"https:\\\/\\\/mayflower-capital.de\\\/nds-de\\\/beratung-services\\\/analyse-nach-din\\\/#primaryimage\",\"url\":\"https:\\\/\\\/mayflower-capital.de\\\/wp-content\\\/uploads\\\/2020\\\/09\\\/din-77230.jpg\",\"contentUrl\":\"https:\\\/\\\/mayflower-capital.de\\\/wp-content\\\/uploads\\\/2020\\\/09\\\/din-77230.jpg\",\"width\":1920,\"height\":823,\"caption\":\"Mayflower Capital: Analyse nach DIN\"},{\"@type\":\"BreadcrumbList\",\"@id\":\"https:\\\/\\\/mayflower-capital.de\\\/nds-de\\\/beratung-services\\\/analyse-nach-din\\\/#breadcrumb\",\"itemListElement\":[{\"@type\":\"ListItem\",\"position\":1,\"name\":\"Home\",\"item\":\"https:\\\/\\\/mayflower-capital.de\\\/nds-de\\\/home\\\/\"},{\"@type\":\"ListItem\",\"position\":2,\"name\":\"Beratung &amp; Services\",\"item\":\"https:\\\/\\\/mayflower-capital.de\\\/nds-de\\\/beratung-services\\\/\"},{\"@type\":\"ListItem\",\"position\":3,\"name\":\"Analyse nach DIN\"}]},{\"@type\":\"WebSite\",\"@id\":\"https:\\\/\\\/mayflower-capital.de\\\/#website\",\"url\":\"https:\\\/\\\/mayflower-capital.de\\\/\",\"name\":\"Mayflower Capital\",\"description\":\"Die unabh\u00e4ngige Finanzberatung\",\"publisher\":{\"@id\":\"https:\\\/\\\/mayflower-capital.de\\\/#organization\"},\"potentialAction\":[{\"@type\":\"SearchAction\",\"target\":{\"@type\":\"EntryPoint\",\"urlTemplate\":\"https:\\\/\\\/mayflower-capital.de\\\/?s={search_term_string}\"},\"query-input\":{\"@type\":\"PropertyValueSpecification\",\"valueRequired\":true,\"valueName\":\"search_term_string\"}}],\"inLanguage\":\"nds-DE\"},{\"@type\":\"Organization\",\"@id\":\"https:\\\/\\\/mayflower-capital.de\\\/#organization\",\"name\":\"Mayflower Capital\",\"url\":\"https:\\\/\\\/mayflower-capital.de\\\/\",\"logo\":{\"@type\":\"ImageObject\",\"inLanguage\":\"nds-DE\",\"@id\":\"https:\\\/\\\/mayflower-capital.de\\\/#\\\/schema\\\/logo\\\/image\\\/\",\"url\":\"https:\\\/\\\/mayflower-capital.de\\\/wp-content\\\/uploads\\\/2023\\\/09\\\/Logo_Mayflower_RGB.svg\",\"contentUrl\":\"https:\\\/\\\/mayflower-capital.de\\\/wp-content\\\/uploads\\\/2023\\\/09\\\/Logo_Mayflower_RGB.svg\",\"width\":272,\"height\":149,\"caption\":\"Mayflower Capital\"},\"image\":{\"@id\":\"https:\\\/\\\/mayflower-capital.de\\\/#\\\/schema\\\/logo\\\/image\\\/\"},\"sameAs\":[\"https:\\\/\\\/www.facebook.com\\\/MayflowerCapital\",\"https:\\\/\\\/www.instagram.com\\\/mayflowercapital\\\/\",\"https:\\\/\\\/www.linkedin.com\\\/company\\\/mayflowercapital-ag\\\/\"]}]}<\/script>\n<!-- \/ Yoast SEO plugin. -->","yoast_head_json":{"title":"Analyse nach DIN - Mayflower Capital","description":"Mayflower Capital bietet Finanzanalysen nach DIN 77230 \u2013 objektiv, messbar und sicher f\u00fcr Ihre Finanzplanung.","robots":{"index":"index","follow":"follow","max-snippet":"max-snippet:-1","max-image-preview":"max-image-preview:large","max-video-preview":"max-video-preview:-1"},"canonical":"https:\/\/mayflower-capital.de\/nds-de\/beratung-services\/analyse-nach-din\/","og_locale":"en_US","og_type":"article","og_title":"Analyse nach DIN - Mayflower Capital","og_description":"Mayflower Capital bietet Finanzanalysen nach DIN 77230 \u2013 objektiv, messbar und sicher f\u00fcr Ihre Finanzplanung.","og_url":"https:\/\/mayflower-capital.de\/nds-de\/beratung-services\/analyse-nach-din\/","og_site_name":"Mayflower Capital","article_publisher":"https:\/\/www.facebook.com\/MayflowerCapital","article_modified_time":"2025-06-05T15:49:24+00:00","og_image":[{"width":1920,"height":823,"url":"https:\/\/mayflower-capital.de\/wp-content\/uploads\/2020\/09\/din-77230.jpg","type":"image\/jpeg"}],"twitter_card":"summary_large_image","twitter_misc":{"Est. reading time":"1 minute"},"schema":{"@context":"https:\/\/schema.org","@graph":[{"@type":"WebPage","@id":"https:\/\/mayflower-capital.de\/nds-de\/beratung-services\/analyse-nach-din\/","url":"https:\/\/mayflower-capital.de\/nds-de\/beratung-services\/analyse-nach-din\/","name":"Analyse nach DIN - Mayflower Capital","isPartOf":{"@id":"https:\/\/mayflower-capital.de\/#website"},"primaryImageOfPage":{"@id":"https:\/\/mayflower-capital.de\/nds-de\/beratung-services\/analyse-nach-din\/#primaryimage"},"image":{"@id":"https:\/\/mayflower-capital.de\/nds-de\/beratung-services\/analyse-nach-din\/#primaryimage"},"thumbnailUrl":"https:\/\/mayflower-capital.de\/wp-content\/uploads\/2020\/09\/din-77230.jpg","datePublished":"2019-12-19T22:15:17+00:00","dateModified":"2025-06-05T15:49:24+00:00","description":"Mayflower Capital bietet Finanzanalysen nach DIN 77230 \u2013 objektiv, messbar und sicher f\u00fcr Ihre Finanzplanung.","breadcrumb":{"@id":"https:\/\/mayflower-capital.de\/nds-de\/beratung-services\/analyse-nach-din\/#breadcrumb"},"inLanguage":"nds-DE","potentialAction":[{"@type":"ReadAction","target":["https:\/\/mayflower-capital.de\/nds-de\/beratung-services\/analyse-nach-din\/"]}]},{"@type":"ImageObject","inLanguage":"nds-DE","@id":"https:\/\/mayflower-capital.de\/nds-de\/beratung-services\/analyse-nach-din\/#primaryimage","url":"https:\/\/mayflower-capital.de\/wp-content\/uploads\/2020\/09\/din-77230.jpg","contentUrl":"https:\/\/mayflower-capital.de\/wp-content\/uploads\/2020\/09\/din-77230.jpg","width":1920,"height":823,"caption":"Mayflower Capital: Analyse nach DIN"},{"@type":"BreadcrumbList","@id":"https:\/\/mayflower-capital.de\/nds-de\/beratung-services\/analyse-nach-din\/#breadcrumb","itemListElement":[{"@type":"ListItem","position":1,"name":"Home","item":"https:\/\/mayflower-capital.de\/nds-de\/home\/"},{"@type":"ListItem","position":2,"name":"Beratung &amp; Services","item":"https:\/\/mayflower-capital.de\/nds-de\/beratung-services\/"},{"@type":"ListItem","position":3,"name":"Analyse nach DIN"}]},{"@type":"WebSite","@id":"https:\/\/mayflower-capital.de\/#website","url":"https:\/\/mayflower-capital.de\/","name":"Mayflower Capital","description":"Die unabh\u00e4ngige Finanzberatung","publisher":{"@id":"https:\/\/mayflower-capital.de\/#organization"},"potentialAction":[{"@type":"SearchAction","target":{"@type":"EntryPoint","urlTemplate":"https:\/\/mayflower-capital.de\/?s={search_term_string}"},"query-input":{"@type":"PropertyValueSpecification","valueRequired":true,"valueName":"search_term_string"}}],"inLanguage":"nds-DE"},{"@type":"Organization","@id":"https:\/\/mayflower-capital.de\/#organization","name":"Mayflower Capital","url":"https:\/\/mayflower-capital.de\/","logo":{"@type":"ImageObject","inLanguage":"nds-DE","@id":"https:\/\/mayflower-capital.de\/#\/schema\/logo\/image\/","url":"https:\/\/mayflower-capital.de\/wp-content\/uploads\/2023\/09\/Logo_Mayflower_RGB.svg","contentUrl":"https:\/\/mayflower-capital.de\/wp-content\/uploads\/2023\/09\/Logo_Mayflower_RGB.svg","width":272,"height":149,"caption":"Mayflower Capital"},"image":{"@id":"https:\/\/mayflower-capital.de\/#\/schema\/logo\/image\/"},"sameAs":["https:\/\/www.facebook.com\/MayflowerCapital","https:\/\/www.instagram.com\/mayflowercapital\/","https:\/\/www.linkedin.com\/company\/mayflowercapital-ag\/"]}]}},"_links":{"self":[{"href":"https:\/\/mayflower-capital.de\/nds-de\/wp-json\/wp\/v2\/pages\/21760","targetHints":{"allow":["GET"]}}],"collection":[{"href":"https:\/\/mayflower-capital.de\/nds-de\/wp-json\/wp\/v2\/pages"}],"about":[{"href":"https:\/\/mayflower-capital.de\/nds-de\/wp-json\/wp\/v2\/types\/page"}],"author":[{"embeddable":true,"href":"https:\/\/mayflower-capital.de\/nds-de\/wp-json\/wp\/v2\/users\/1"}],"replies":[{"embeddable":true,"href":"https:\/\/mayflower-capital.de\/nds-de\/wp-json\/wp\/v2\/comments?post=21760"}],"version-history":[{"count":2,"href":"https:\/\/mayflower-capital.de\/nds-de\/wp-json\/wp\/v2\/pages\/21760\/revisions"}],"predecessor-version":[{"id":21781,"href":"https:\/\/mayflower-capital.de\/nds-de\/wp-json\/wp\/v2\/pages\/21760\/revisions\/21781"}],"up":[{"embeddable":true,"href":"https:\/\/mayflower-capital.de\/nds-de\/wp-json\/wp\/v2\/pages\/21779"}],"wp:featuredmedia":[{"embeddable":true,"href":"https:\/\/mayflower-capital.de\/nds-de\/wp-json\/wp\/v2\/media\/21334"}],"wp:attachment":[{"href":"https:\/\/mayflower-capital.de\/nds-de\/wp-json\/wp\/v2\/media?parent=21760"}],"wp:term":[{"taxonomy":"folder","embeddable":true,"href":"https:\/\/mayflower-capital.de\/nds-de\/wp-json\/wp\/v2\/folder?post=21760"}],"curies":[{"name":"wp","href":"https:\/\/api.w.org\/{rel}","templated":true}]}}