{"id":21758,"date":"2019-12-13T02:41:58","date_gmt":"2019-12-13T01:41:58","guid":{"rendered":"https:\/\/mayflower-capital.de\/dienstleistungen\/investitionen\/"},"modified":"2025-06-05T17:09:31","modified_gmt":"2025-06-05T15:09:31","slug":"investitionen","status":"publish","type":"page","link":"https:\/\/mayflower-capital.de\/nds-de\/dienstleistungen\/investitionen\/","title":{"rendered":"Investitionen"},"content":{"rendered":"\t\t<div data-elementor-type=\"wp-page\" data-elementor-id=\"21758\" class=\"elementor elementor-21758 elementor-742\" data-elementor-post-type=\"page\">\n\t\t\t\t<div class=\"elementor-element elementor-element-e14190b e-flex e-con-boxed e-con e-parent\" data-id=\"e14190b\" data-element_type=\"container\" data-e-type=\"container\">\n\t\t\t\t\t<div class=\"e-con-inner\">\n\t\t\t\t<div class=\"elementor-element elementor-element-a7760d1 page-direct-anchormenu elementor-widget elementor-widget-html\" data-id=\"a7760d1\" data-element_type=\"widget\" data-e-type=\"widget\" data-widget_type=\"html.default\">\n\t\t\t\t<div class=\"elementor-widget-container\">\n\t\t\t\t\t<a href=\"#immobilienfinanzierung\">Immobilienfinanzierung <\/a> <a href=\"#privatkredit\">Privatkredit<\/a> <a href=\"#bausparen\">Bausparen<\/a>\t\t\t\t<\/div>\n\t\t\t\t<\/div>\n\t\t\t\t<div class=\"elementor-element elementor-element-2960049 elementor-widget elementor-widget-spacer\" data-id=\"2960049\" data-element_type=\"widget\" data-e-type=\"widget\" data-widget_type=\"spacer.default\">\n\t\t\t\t<div class=\"elementor-widget-container\">\n\t\t\t\t\t\t\t<div class=\"elementor-spacer\">\n\t\t\t<div class=\"elementor-spacer-inner\"><\/div>\n\t\t<\/div>\n\t\t\t\t\t\t<\/div>\n\t\t\t\t<\/div>\n\t\t\t\t<div class=\"elementor-element elementor-element-b4b80e9 elementor-widget elementor-widget-menu-anchor\" data-id=\"b4b80e9\" data-element_type=\"widget\" data-e-type=\"widget\" data-widget_type=\"menu-anchor.default\">\n\t\t\t\t<div class=\"elementor-widget-container\">\n\t\t\t\t\t\t\t<div class=\"elementor-menu-anchor\" id=\"immobilienfinanzierung\"><\/div>\n\t\t\t\t\t\t<\/div>\n\t\t\t\t<\/div>\n\t\t\t\t\t<\/div>\n\t\t\t\t<\/div>\n\t\t<div class=\"elementor-element elementor-element-877c8fb e-flex e-con-boxed e-con e-parent\" data-id=\"877c8fb\" data-element_type=\"container\" data-e-type=\"container\">\n\t\t\t\t\t<div class=\"e-con-inner\">\n\t\t\t\t<div class=\"elementor-element elementor-element-ebdc4bd elementor-widget elementor-widget-heading\" data-id=\"ebdc4bd\" data-element_type=\"widget\" data-e-type=\"widget\" data-widget_type=\"heading.default\">\n\t\t\t\t<div class=\"elementor-widget-container\">\n\t\t\t\t\t<h4 class=\"elementor-heading-title elementor-size-default\">MA\u00dfGESCHNEIDERT<\/h4>\t\t\t\t<\/div>\n\t\t\t\t<\/div>\n\t\t\t\t<div class=\"elementor-element elementor-element-a1d845a elementor-widget elementor-widget-heading\" data-id=\"a1d845a\" data-element_type=\"widget\" data-e-type=\"widget\" data-widget_type=\"heading.default\">\n\t\t\t\t<div class=\"elementor-widget-container\">\n\t\t\t\t\t<h2 class=\"elementor-heading-title elementor-size-default\">IMMOBILIENFINANZIERUNG<\/h2>\t\t\t\t<\/div>\n\t\t\t\t<\/div>\n\t\t\t\t\t<\/div>\n\t\t\t\t<\/div>\n\t\t<div class=\"elementor-element elementor-element-42aaf5b e-flex e-con-boxed e-con e-parent\" data-id=\"42aaf5b\" data-element_type=\"container\" data-e-type=\"container\">\n\t\t\t\t\t<div class=\"e-con-inner\">\n\t\t<div class=\"elementor-element elementor-element-342dabe e-con-full e-flex e-con e-child\" data-id=\"342dabe\" data-element_type=\"container\" data-e-type=\"container\">\n\t\t\t\t<div class=\"elementor-element elementor-element-8c1102a elementor-widget elementor-widget-image\" data-id=\"8c1102a\" data-element_type=\"widget\" data-e-type=\"widget\" data-widget_type=\"image.default\">\n\t\t\t\t<div class=\"elementor-widget-container\">\n\t\t\t\t\t\t\t\t\t\t\t\t\t\t\t<img fetchpriority=\"high\" decoding=\"async\" width=\"800\" height=\"800\" src=\"https:\/\/mayflower-capital.de\/wp-content\/uploads\/2020\/09\/immofinanzierung-1024x1024.jpg\" class=\"attachment-large size-large wp-image-21348\" alt=\"Mayflower Capital: Investitionen Immobilienfinanzierung\" srcset=\"https:\/\/mayflower-capital.de\/wp-content\/uploads\/2020\/09\/immofinanzierung-1024x1024.jpg 1024w, https:\/\/mayflower-capital.de\/wp-content\/uploads\/2020\/09\/immofinanzierung-300x300.jpg 300w, https:\/\/mayflower-capital.de\/wp-content\/uploads\/2020\/09\/immofinanzierung-150x150.jpg 150w, https:\/\/mayflower-capital.de\/wp-content\/uploads\/2020\/09\/immofinanzierung-768x768.jpg 768w, https:\/\/mayflower-capital.de\/wp-content\/uploads\/2020\/09\/immofinanzierung-600x600.jpg 600w, https:\/\/mayflower-capital.de\/wp-content\/uploads\/2020\/09\/immofinanzierung-100x100.jpg 100w, https:\/\/mayflower-capital.de\/wp-content\/uploads\/2020\/09\/immofinanzierung.jpg 1080w\" sizes=\"(max-width: 800px) 100vw, 800px\" \/>\t\t\t\t\t\t\t\t\t\t\t\t\t\t\t<\/div>\n\t\t\t\t<\/div>\n\t\t\t\t<\/div>\n\t\t<div class=\"elementor-element elementor-element-49d1f43 e-con-full e-flex e-con e-child\" data-id=\"49d1f43\" data-element_type=\"container\" data-e-type=\"container\">\n\t\t\t\t<div class=\"elementor-element elementor-element-059e37c textblock-full-width-margin-left elementor-widget elementor-widget-text-editor\" data-id=\"059e37c\" data-element_type=\"widget\" data-e-type=\"widget\" data-widget_type=\"text-editor.default\">\n\t\t\t\t<div class=\"elementor-widget-container\">\n\t\t\t\t\t\t\t\t\t<p>Egal ob Neubau, Kauf, Anschlussfinanzierung, Geldbeschaffung oder Modernisierung: Wer die richtige Finanzierung sucht, braucht erfahrene Berater. Als Kunde von Mayflower Capital bekommen Sie eine umfassende und vor allem unabh\u00e4ngige Beratung, weil wir nicht im Auftrag eines Anbieters arbeiten. <\/p><p>Neben einer guten Beratung sind Ihnen auch g\u00fcnstige Konditionen wichtig? Wir vergleichen f\u00fcr Sie die Angebote von mehr als 400 Banken, Sparkassen und Versicherungen und erstellen ein Finanzierungskonzept, das genau zu Ihnen passt \u2013 mit den besten Preisen. <\/p><p>Hier die Einbettung der Prohyp Schnellrechner<\/p>\t\t\t\t\t\t\t\t<\/div>\n\t\t\t\t<\/div>\n\t\t\t\t<div class=\"elementor-element elementor-element-2839d83 elementor-widget elementor-widget-menu-anchor\" data-id=\"2839d83\" data-element_type=\"widget\" data-e-type=\"widget\" data-widget_type=\"menu-anchor.default\">\n\t\t\t\t<div class=\"elementor-widget-container\">\n\t\t\t\t\t\t\t<div class=\"elementor-menu-anchor\" id=\"privatkredit\"><\/div>\n\t\t\t\t\t\t<\/div>\n\t\t\t\t<\/div>\n\t\t\t\t<\/div>\n\t\t\t\t\t<\/div>\n\t\t\t\t<\/div>\n\t\t<div class=\"elementor-element elementor-element-6465fcc e-flex e-con-boxed e-con e-parent\" data-id=\"6465fcc\" data-element_type=\"container\" data-e-type=\"container\">\n\t\t\t\t\t<div class=\"e-con-inner\">\n\t\t\t\t<div class=\"elementor-element elementor-element-ee1b187 elementor-widget elementor-widget-heading\" data-id=\"ee1b187\" data-element_type=\"widget\" data-e-type=\"widget\" data-widget_type=\"heading.default\">\n\t\t\t\t<div class=\"elementor-widget-container\">\n\t\t\t\t\t<h4 class=\"elementor-heading-title elementor-size-default\">SCHNELL UND UNKOMPLIZIERT<\/h4>\t\t\t\t<\/div>\n\t\t\t\t<\/div>\n\t\t\t\t<div class=\"elementor-element elementor-element-eaad920 elementor-widget elementor-widget-heading\" data-id=\"eaad920\" data-element_type=\"widget\" data-e-type=\"widget\" data-widget_type=\"heading.default\">\n\t\t\t\t<div class=\"elementor-widget-container\">\n\t\t\t\t\t<h2 class=\"elementor-heading-title elementor-size-default\">PRIVATKREDIT<\/h2>\t\t\t\t<\/div>\n\t\t\t\t<\/div>\n\t\t\t\t\t<\/div>\n\t\t\t\t<\/div>\n\t\t<div class=\"elementor-element elementor-element-45aed65 e-flex e-con-boxed e-con e-parent\" data-id=\"45aed65\" data-element_type=\"container\" data-e-type=\"container\">\n\t\t\t\t\t<div class=\"e-con-inner\">\n\t\t<div class=\"elementor-element elementor-element-589a492 e-con-full e-flex e-con e-child\" data-id=\"589a492\" data-element_type=\"container\" data-e-type=\"container\">\n\t\t\t\t<div class=\"elementor-element elementor-element-8a46626 elementor-widget elementor-widget-image\" data-id=\"8a46626\" data-element_type=\"widget\" data-e-type=\"widget\" data-widget_type=\"image.default\">\n\t\t\t\t<div class=\"elementor-widget-container\">\n\t\t\t\t\t\t\t\t\t\t\t\t\t\t\t<img decoding=\"async\" width=\"800\" height=\"800\" src=\"https:\/\/mayflower-capital.de\/wp-content\/uploads\/2020\/09\/privatkredit-1024x1024.jpg\" class=\"attachment-large size-large wp-image-21350\" alt=\"Mayflower Capital: Investitionen Privatkredit\" srcset=\"https:\/\/mayflower-capital.de\/wp-content\/uploads\/2020\/09\/privatkredit-1024x1024.jpg 1024w, https:\/\/mayflower-capital.de\/wp-content\/uploads\/2020\/09\/privatkredit-300x300.jpg 300w, https:\/\/mayflower-capital.de\/wp-content\/uploads\/2020\/09\/privatkredit-150x150.jpg 150w, https:\/\/mayflower-capital.de\/wp-content\/uploads\/2020\/09\/privatkredit-768x768.jpg 768w, https:\/\/mayflower-capital.de\/wp-content\/uploads\/2020\/09\/privatkredit-600x600.jpg 600w, https:\/\/mayflower-capital.de\/wp-content\/uploads\/2020\/09\/privatkredit-100x100.jpg 100w, https:\/\/mayflower-capital.de\/wp-content\/uploads\/2020\/09\/privatkredit.jpg 1080w\" sizes=\"(max-width: 800px) 100vw, 800px\" \/>\t\t\t\t\t\t\t\t\t\t\t\t\t\t\t<\/div>\n\t\t\t\t<\/div>\n\t\t\t\t<\/div>\n\t\t<div class=\"elementor-element elementor-element-9c52ded e-con-full e-flex e-con e-child\" data-id=\"9c52ded\" data-element_type=\"container\" data-e-type=\"container\">\n\t\t\t\t<div class=\"elementor-element elementor-element-013c452 textblock-full-width-margin-left elementor-widget elementor-widget-text-editor\" data-id=\"013c452\" data-element_type=\"widget\" data-e-type=\"widget\" data-widget_type=\"text-editor.default\">\n\t\t\t\t<div class=\"elementor-widget-container\">\n\t\t\t\t\t\t\t\t\t<p>Privatkredite geben Ihnen mehr finanzielle Freiheit, damit Sie Ihre privaten W\u00fcnsche einfach und bequem erf\u00fcllen k\u00f6nnen. Wir suchen f\u00fcr Sie das beste Angebot auf dem Markt mit niedrigen Kosten, einer unkomplizierten Antragstellung und schneller Auszahlung. <\/p>\t\t\t\t\t\t\t\t<\/div>\n\t\t\t\t<\/div>\n\t\t\t\t<div class=\"elementor-element elementor-element-d6a3239 elementor-widget elementor-widget-menu-anchor\" data-id=\"d6a3239\" data-element_type=\"widget\" data-e-type=\"widget\" data-widget_type=\"menu-anchor.default\">\n\t\t\t\t<div class=\"elementor-widget-container\">\n\t\t\t\t\t\t\t<div class=\"elementor-menu-anchor\" id=\"bausparen\"><\/div>\n\t\t\t\t\t\t<\/div>\n\t\t\t\t<\/div>\n\t\t\t\t<\/div>\n\t\t\t\t\t<\/div>\n\t\t\t\t<\/div>\n\t\t<div class=\"elementor-element elementor-element-374dbe9 e-flex e-con-boxed e-con e-parent\" data-id=\"374dbe9\" data-element_type=\"container\" data-e-type=\"container\">\n\t\t\t\t\t<div class=\"e-con-inner\">\n\t\t\t\t<div class=\"elementor-element elementor-element-09d0ccd elementor-widget elementor-widget-heading\" data-id=\"09d0ccd\" data-element_type=\"widget\" data-e-type=\"widget\" data-widget_type=\"heading.default\">\n\t\t\t\t<div class=\"elementor-widget-container\">\n\t\t\t\t\t<h4 class=\"elementor-heading-title elementor-size-default\">FLEXIBEL STARTEN<\/h4>\t\t\t\t<\/div>\n\t\t\t\t<\/div>\n\t\t\t\t<div class=\"elementor-element elementor-element-dad89b6 elementor-widget elementor-widget-heading\" data-id=\"dad89b6\" data-element_type=\"widget\" data-e-type=\"widget\" data-widget_type=\"heading.default\">\n\t\t\t\t<div class=\"elementor-widget-container\">\n\t\t\t\t\t<h2 class=\"elementor-heading-title elementor-size-default\">BAUSPAREN<\/h2>\t\t\t\t<\/div>\n\t\t\t\t<\/div>\n\t\t\t\t\t<\/div>\n\t\t\t\t<\/div>\n\t\t<div class=\"elementor-element elementor-element-8a2d82f e-flex e-con-boxed e-con e-parent\" data-id=\"8a2d82f\" data-element_type=\"container\" data-e-type=\"container\">\n\t\t\t\t\t<div class=\"e-con-inner\">\n\t\t<div class=\"elementor-element elementor-element-648442c e-con-full e-flex e-con e-child\" data-id=\"648442c\" data-element_type=\"container\" data-e-type=\"container\">\n\t\t\t\t<div class=\"elementor-element elementor-element-88985cf elementor-widget elementor-widget-image\" data-id=\"88985cf\" data-element_type=\"widget\" data-e-type=\"widget\" data-widget_type=\"image.default\">\n\t\t\t\t<div class=\"elementor-widget-container\">\n\t\t\t\t\t\t\t\t\t\t\t\t\t\t\t<img decoding=\"async\" width=\"800\" height=\"800\" src=\"https:\/\/mayflower-capital.de\/wp-content\/uploads\/2020\/09\/bausparen-1024x1024.jpg\" class=\"attachment-large size-large wp-image-21349\" alt=\"Mayflower Capital: Investitionen Bausparen\" srcset=\"https:\/\/mayflower-capital.de\/wp-content\/uploads\/2020\/09\/bausparen-1024x1024.jpg 1024w, https:\/\/mayflower-capital.de\/wp-content\/uploads\/2020\/09\/bausparen-300x300.jpg 300w, https:\/\/mayflower-capital.de\/wp-content\/uploads\/2020\/09\/bausparen-150x150.jpg 150w, https:\/\/mayflower-capital.de\/wp-content\/uploads\/2020\/09\/bausparen-768x768.jpg 768w, https:\/\/mayflower-capital.de\/wp-content\/uploads\/2020\/09\/bausparen-600x600.jpg 600w, https:\/\/mayflower-capital.de\/wp-content\/uploads\/2020\/09\/bausparen-100x100.jpg 100w, https:\/\/mayflower-capital.de\/wp-content\/uploads\/2020\/09\/bausparen.jpg 1080w\" sizes=\"(max-width: 800px) 100vw, 800px\" \/>\t\t\t\t\t\t\t\t\t\t\t\t\t\t\t<\/div>\n\t\t\t\t<\/div>\n\t\t\t\t<\/div>\n\t\t<div class=\"elementor-element elementor-element-823ad6b e-con-full e-flex e-con e-child\" data-id=\"823ad6b\" data-element_type=\"container\" data-e-type=\"container\">\n\t\t\t\t<div class=\"elementor-element elementor-element-5d4bb99 textblock-full-width-margin-left elementor-widget elementor-widget-text-editor\" data-id=\"5d4bb99\" data-element_type=\"widget\" data-e-type=\"widget\" data-widget_type=\"text-editor.default\">\n\t\t\t\t<div class=\"elementor-widget-container\">\n\t\t\t\t\t\t\t\t\t<p>Auch wenn die Zinsen beim Sparen in den aktuellen Bausparvertr\u00e4gen meist sehr niedrig sind, kann ein Bausparvertrag in vielen F\u00e4llen, besonders bei Immobilienfinanzierungen, trotzdem sinnvoll sein. Ihr Mayflower-Berater sucht aus vielen Bauspartarifen den passenden f\u00fcr Sie aus. So sichern Sie sich ein g\u00fcnstiges Bauspardarlehen und eine flexible Finanzierung f\u00fcr Ihre zuk\u00fcnftigen Pl\u00e4ne.  <\/p>\t\t\t\t\t\t\t\t<\/div>\n\t\t\t\t<\/div>\n\t\t\t\t<\/div>\n\t\t\t\t\t<\/div>\n\t\t\t\t<\/div>\n\t\t\t\t<\/div>\n\t\t","protected":false},"excerpt":{"rendered":"<p>IHRE ZUKUNFT<\/p>\n","protected":false},"author":1,"featured_media":21347,"parent":21736,"menu_order":0,"comment_status":"closed","ping_status":"closed","template":"","meta":{"_acf_changed":false,"footnotes":""},"folder":[837],"class_list":["post-21758","page","type-page","status-publish","has-post-thumbnail","hentry"],"acf":[],"yoast_head":"<!-- This site is optimized with the Yoast SEO plugin v27.4 - https:\/\/yoast.com\/product\/yoast-seo-wordpress\/ -->\n<title>Investitionen - Mayflower Capital<\/title>\n<meta name=\"description\" content=\"Mayflower Capital bietet unabh\u00e4ngige Beratung f\u00fcr Immobilienfinanzierung, Privatkredite und Bausparen. Jetzt informieren.\" \/>\n<meta name=\"robots\" content=\"index, follow, max-snippet:-1, max-image-preview:large, max-video-preview:-1\" \/>\n<link rel=\"canonical\" href=\"https:\/\/mayflower-capital.de\/nds-de\/dienstleistungen\/investitionen\/\" \/>\n<meta property=\"og:locale\" content=\"en_US\" \/>\n<meta property=\"og:type\" content=\"article\" \/>\n<meta property=\"og:title\" content=\"Investitionen - Mayflower Capital\" \/>\n<meta property=\"og:description\" content=\"Mayflower Capital bietet unabh\u00e4ngige Beratung f\u00fcr Immobilienfinanzierung, Privatkredite und Bausparen. Jetzt informieren.\" \/>\n<meta property=\"og:url\" content=\"https:\/\/mayflower-capital.de\/nds-de\/dienstleistungen\/investitionen\/\" \/>\n<meta property=\"og:site_name\" content=\"Mayflower Capital\" \/>\n<meta property=\"article:publisher\" content=\"https:\/\/www.facebook.com\/MayflowerCapital\" \/>\n<meta property=\"article:modified_time\" content=\"2025-06-05T15:09:31+00:00\" \/>\n<meta property=\"og:image\" content=\"https:\/\/mayflower-capital.de\/wp-content\/uploads\/2020\/09\/investition.jpg\" \/>\n\t<meta property=\"og:image:width\" content=\"1920\" \/>\n\t<meta property=\"og:image:height\" content=\"823\" \/>\n\t<meta property=\"og:image:type\" content=\"image\/jpeg\" \/>\n<meta name=\"twitter:card\" content=\"summary_large_image\" \/>\n<meta name=\"twitter:label1\" content=\"Est. reading time\" \/>\n\t<meta name=\"twitter:data1\" content=\"1 minute\" \/>\n<script type=\"application\/ld+json\" class=\"yoast-schema-graph\">{\"@context\":\"https:\\\/\\\/schema.org\",\"@graph\":[{\"@type\":\"WebPage\",\"@id\":\"https:\\\/\\\/mayflower-capital.de\\\/nds-de\\\/dienstleistungen\\\/investitionen\\\/\",\"url\":\"https:\\\/\\\/mayflower-capital.de\\\/nds-de\\\/dienstleistungen\\\/investitionen\\\/\",\"name\":\"Investitionen - Mayflower Capital\",\"isPartOf\":{\"@id\":\"https:\\\/\\\/mayflower-capital.de\\\/#website\"},\"primaryImageOfPage\":{\"@id\":\"https:\\\/\\\/mayflower-capital.de\\\/nds-de\\\/dienstleistungen\\\/investitionen\\\/#primaryimage\"},\"image\":{\"@id\":\"https:\\\/\\\/mayflower-capital.de\\\/nds-de\\\/dienstleistungen\\\/investitionen\\\/#primaryimage\"},\"thumbnailUrl\":\"https:\\\/\\\/mayflower-capital.de\\\/wp-content\\\/uploads\\\/2020\\\/09\\\/investition.jpg\",\"datePublished\":\"2019-12-13T01:41:58+00:00\",\"dateModified\":\"2025-06-05T15:09:31+00:00\",\"description\":\"Mayflower Capital bietet unabh\u00e4ngige Beratung f\u00fcr Immobilienfinanzierung, Privatkredite und Bausparen. Jetzt informieren.\",\"breadcrumb\":{\"@id\":\"https:\\\/\\\/mayflower-capital.de\\\/nds-de\\\/dienstleistungen\\\/investitionen\\\/#breadcrumb\"},\"inLanguage\":\"nds-DE\",\"potentialAction\":[{\"@type\":\"ReadAction\",\"target\":[\"https:\\\/\\\/mayflower-capital.de\\\/nds-de\\\/dienstleistungen\\\/investitionen\\\/\"]}]},{\"@type\":\"ImageObject\",\"inLanguage\":\"nds-DE\",\"@id\":\"https:\\\/\\\/mayflower-capital.de\\\/nds-de\\\/dienstleistungen\\\/investitionen\\\/#primaryimage\",\"url\":\"https:\\\/\\\/mayflower-capital.de\\\/wp-content\\\/uploads\\\/2020\\\/09\\\/investition.jpg\",\"contentUrl\":\"https:\\\/\\\/mayflower-capital.de\\\/wp-content\\\/uploads\\\/2020\\\/09\\\/investition.jpg\",\"width\":1920,\"height\":823,\"caption\":\"Mayflower Capital: Investition\"},{\"@type\":\"BreadcrumbList\",\"@id\":\"https:\\\/\\\/mayflower-capital.de\\\/nds-de\\\/dienstleistungen\\\/investitionen\\\/#breadcrumb\",\"itemListElement\":[{\"@type\":\"ListItem\",\"position\":1,\"name\":\"Home\",\"item\":\"https:\\\/\\\/mayflower-capital.de\\\/nds-de\\\/home\\\/\"},{\"@type\":\"ListItem\",\"position\":2,\"name\":\"Dienstleistungen\",\"item\":\"https:\\\/\\\/mayflower-capital.de\\\/dienstleistungen\\\/\"},{\"@type\":\"ListItem\",\"position\":3,\"name\":\"Investitionen\"}]},{\"@type\":\"WebSite\",\"@id\":\"https:\\\/\\\/mayflower-capital.de\\\/#website\",\"url\":\"https:\\\/\\\/mayflower-capital.de\\\/\",\"name\":\"Mayflower Capital\",\"description\":\"Die unabh\u00e4ngige Finanzberatung\",\"publisher\":{\"@id\":\"https:\\\/\\\/mayflower-capital.de\\\/#organization\"},\"potentialAction\":[{\"@type\":\"SearchAction\",\"target\":{\"@type\":\"EntryPoint\",\"urlTemplate\":\"https:\\\/\\\/mayflower-capital.de\\\/?s={search_term_string}\"},\"query-input\":{\"@type\":\"PropertyValueSpecification\",\"valueRequired\":true,\"valueName\":\"search_term_string\"}}],\"inLanguage\":\"nds-DE\"},{\"@type\":\"Organization\",\"@id\":\"https:\\\/\\\/mayflower-capital.de\\\/#organization\",\"name\":\"Mayflower Capital\",\"url\":\"https:\\\/\\\/mayflower-capital.de\\\/\",\"logo\":{\"@type\":\"ImageObject\",\"inLanguage\":\"nds-DE\",\"@id\":\"https:\\\/\\\/mayflower-capital.de\\\/#\\\/schema\\\/logo\\\/image\\\/\",\"url\":\"https:\\\/\\\/mayflower-capital.de\\\/wp-content\\\/uploads\\\/2023\\\/09\\\/Logo_Mayflower_RGB.svg\",\"contentUrl\":\"https:\\\/\\\/mayflower-capital.de\\\/wp-content\\\/uploads\\\/2023\\\/09\\\/Logo_Mayflower_RGB.svg\",\"width\":272,\"height\":149,\"caption\":\"Mayflower Capital\"},\"image\":{\"@id\":\"https:\\\/\\\/mayflower-capital.de\\\/#\\\/schema\\\/logo\\\/image\\\/\"},\"sameAs\":[\"https:\\\/\\\/www.facebook.com\\\/MayflowerCapital\",\"https:\\\/\\\/www.instagram.com\\\/mayflowercapital\\\/\",\"https:\\\/\\\/www.linkedin.com\\\/company\\\/mayflowercapital-ag\\\/\"]}]}<\/script>\n<!-- \/ Yoast SEO plugin. -->","yoast_head_json":{"title":"Investitionen - Mayflower Capital","description":"Mayflower Capital bietet unabh\u00e4ngige Beratung f\u00fcr Immobilienfinanzierung, Privatkredite und Bausparen. Jetzt informieren.","robots":{"index":"index","follow":"follow","max-snippet":"max-snippet:-1","max-image-preview":"max-image-preview:large","max-video-preview":"max-video-preview:-1"},"canonical":"https:\/\/mayflower-capital.de\/nds-de\/dienstleistungen\/investitionen\/","og_locale":"en_US","og_type":"article","og_title":"Investitionen - Mayflower Capital","og_description":"Mayflower Capital bietet unabh\u00e4ngige Beratung f\u00fcr Immobilienfinanzierung, Privatkredite und Bausparen. Jetzt informieren.","og_url":"https:\/\/mayflower-capital.de\/nds-de\/dienstleistungen\/investitionen\/","og_site_name":"Mayflower Capital","article_publisher":"https:\/\/www.facebook.com\/MayflowerCapital","article_modified_time":"2025-06-05T15:09:31+00:00","og_image":[{"width":1920,"height":823,"url":"https:\/\/mayflower-capital.de\/wp-content\/uploads\/2020\/09\/investition.jpg","type":"image\/jpeg"}],"twitter_card":"summary_large_image","twitter_misc":{"Est. reading time":"1 minute"},"schema":{"@context":"https:\/\/schema.org","@graph":[{"@type":"WebPage","@id":"https:\/\/mayflower-capital.de\/nds-de\/dienstleistungen\/investitionen\/","url":"https:\/\/mayflower-capital.de\/nds-de\/dienstleistungen\/investitionen\/","name":"Investitionen - Mayflower Capital","isPartOf":{"@id":"https:\/\/mayflower-capital.de\/#website"},"primaryImageOfPage":{"@id":"https:\/\/mayflower-capital.de\/nds-de\/dienstleistungen\/investitionen\/#primaryimage"},"image":{"@id":"https:\/\/mayflower-capital.de\/nds-de\/dienstleistungen\/investitionen\/#primaryimage"},"thumbnailUrl":"https:\/\/mayflower-capital.de\/wp-content\/uploads\/2020\/09\/investition.jpg","datePublished":"2019-12-13T01:41:58+00:00","dateModified":"2025-06-05T15:09:31+00:00","description":"Mayflower Capital bietet unabh\u00e4ngige Beratung f\u00fcr Immobilienfinanzierung, Privatkredite und Bausparen. Jetzt informieren.","breadcrumb":{"@id":"https:\/\/mayflower-capital.de\/nds-de\/dienstleistungen\/investitionen\/#breadcrumb"},"inLanguage":"nds-DE","potentialAction":[{"@type":"ReadAction","target":["https:\/\/mayflower-capital.de\/nds-de\/dienstleistungen\/investitionen\/"]}]},{"@type":"ImageObject","inLanguage":"nds-DE","@id":"https:\/\/mayflower-capital.de\/nds-de\/dienstleistungen\/investitionen\/#primaryimage","url":"https:\/\/mayflower-capital.de\/wp-content\/uploads\/2020\/09\/investition.jpg","contentUrl":"https:\/\/mayflower-capital.de\/wp-content\/uploads\/2020\/09\/investition.jpg","width":1920,"height":823,"caption":"Mayflower Capital: Investition"},{"@type":"BreadcrumbList","@id":"https:\/\/mayflower-capital.de\/nds-de\/dienstleistungen\/investitionen\/#breadcrumb","itemListElement":[{"@type":"ListItem","position":1,"name":"Home","item":"https:\/\/mayflower-capital.de\/nds-de\/home\/"},{"@type":"ListItem","position":2,"name":"Dienstleistungen","item":"https:\/\/mayflower-capital.de\/dienstleistungen\/"},{"@type":"ListItem","position":3,"name":"Investitionen"}]},{"@type":"WebSite","@id":"https:\/\/mayflower-capital.de\/#website","url":"https:\/\/mayflower-capital.de\/","name":"Mayflower Capital","description":"Die unabh\u00e4ngige Finanzberatung","publisher":{"@id":"https:\/\/mayflower-capital.de\/#organization"},"potentialAction":[{"@type":"SearchAction","target":{"@type":"EntryPoint","urlTemplate":"https:\/\/mayflower-capital.de\/?s={search_term_string}"},"query-input":{"@type":"PropertyValueSpecification","valueRequired":true,"valueName":"search_term_string"}}],"inLanguage":"nds-DE"},{"@type":"Organization","@id":"https:\/\/mayflower-capital.de\/#organization","name":"Mayflower Capital","url":"https:\/\/mayflower-capital.de\/","logo":{"@type":"ImageObject","inLanguage":"nds-DE","@id":"https:\/\/mayflower-capital.de\/#\/schema\/logo\/image\/","url":"https:\/\/mayflower-capital.de\/wp-content\/uploads\/2023\/09\/Logo_Mayflower_RGB.svg","contentUrl":"https:\/\/mayflower-capital.de\/wp-content\/uploads\/2023\/09\/Logo_Mayflower_RGB.svg","width":272,"height":149,"caption":"Mayflower Capital"},"image":{"@id":"https:\/\/mayflower-capital.de\/#\/schema\/logo\/image\/"},"sameAs":["https:\/\/www.facebook.com\/MayflowerCapital","https:\/\/www.instagram.com\/mayflowercapital\/","https:\/\/www.linkedin.com\/company\/mayflowercapital-ag\/"]}]}},"_links":{"self":[{"href":"https:\/\/mayflower-capital.de\/nds-de\/wp-json\/wp\/v2\/pages\/21758","targetHints":{"allow":["GET"]}}],"collection":[{"href":"https:\/\/mayflower-capital.de\/nds-de\/wp-json\/wp\/v2\/pages"}],"about":[{"href":"https:\/\/mayflower-capital.de\/nds-de\/wp-json\/wp\/v2\/types\/page"}],"author":[{"embeddable":true,"href":"https:\/\/mayflower-capital.de\/nds-de\/wp-json\/wp\/v2\/users\/1"}],"replies":[{"embeddable":true,"href":"https:\/\/mayflower-capital.de\/nds-de\/wp-json\/wp\/v2\/comments?post=21758"}],"version-history":[{"count":1,"href":"https:\/\/mayflower-capital.de\/nds-de\/wp-json\/wp\/v2\/pages\/21758\/revisions"}],"predecessor-version":[{"id":21759,"href":"https:\/\/mayflower-capital.de\/nds-de\/wp-json\/wp\/v2\/pages\/21758\/revisions\/21759"}],"up":[{"embeddable":true,"href":"https:\/\/mayflower-capital.de\/nds-de\/wp-json\/wp\/v2\/pages\/21736"}],"wp:featuredmedia":[{"embeddable":true,"href":"https:\/\/mayflower-capital.de\/nds-de\/wp-json\/wp\/v2\/media\/21347"}],"wp:attachment":[{"href":"https:\/\/mayflower-capital.de\/nds-de\/wp-json\/wp\/v2\/media?parent=21758"}],"wp:term":[{"taxonomy":"folder","embeddable":true,"href":"https:\/\/mayflower-capital.de\/nds-de\/wp-json\/wp\/v2\/folder?post=21758"}],"curies":[{"name":"wp","href":"https:\/\/api.w.org\/{rel}","templated":true}]}}