{"id":21753,"date":"2019-12-13T02:40:59","date_gmt":"2019-12-13T01:40:59","guid":{"rendered":"https:\/\/mayflower-capital.de\/dienstleistungen\/absicherung\/"},"modified":"2025-06-05T17:02:27","modified_gmt":"2025-06-05T15:02:27","slug":"absicherung","status":"publish","type":"page","link":"https:\/\/mayflower-capital.de\/nds-de\/dienstleistungen\/absicherung\/","title":{"rendered":"Absicherung"},"content":{"rendered":"\t\t<div data-elementor-type=\"wp-page\" data-elementor-id=\"21753\" class=\"elementor elementor-21753 elementor-738\" data-elementor-post-type=\"page\">\n\t\t\t\t<div class=\"elementor-element elementor-element-f929a18 e-flex e-con-boxed e-con e-parent\" data-id=\"f929a18\" data-element_type=\"container\" data-e-type=\"container\">\n\t\t\t\t\t<div class=\"e-con-inner\">\n\t\t\t\t<div class=\"elementor-element elementor-element-f46ddb4 elementor-widget elementor-widget-heading\" data-id=\"f46ddb4\" data-element_type=\"widget\" data-e-type=\"widget\" data-widget_type=\"heading.default\">\n\t\t\t\t<div class=\"elementor-widget-container\">\n\t\t\t\t\t<h4 class=\"elementor-heading-title elementor-size-default\">AUF DER SEITE UNSERER KUNDEN<\/h4>\t\t\t\t<\/div>\n\t\t\t\t<\/div>\n\t\t\t\t<div class=\"elementor-element elementor-element-bcb9dd0 elementor-widget elementor-widget-heading\" data-id=\"bcb9dd0\" data-element_type=\"widget\" data-e-type=\"widget\" data-widget_type=\"heading.default\">\n\t\t\t\t<div class=\"elementor-widget-container\">\n\t\t\t\t\t<h2 class=\"elementor-heading-title elementor-size-default\">IHR UNABH\u00c4NGIGER FINANZPARTNER<\/h2>\t\t\t\t<\/div>\n\t\t\t\t<\/div>\n\t\t\t\t<div class=\"elementor-element elementor-element-c633185 textblock-full-width-margin-left elementor-widget elementor-widget-text-editor\" data-id=\"c633185\" data-element_type=\"widget\" data-e-type=\"widget\" data-widget_type=\"text-editor.default\">\n\t\t\t\t<div class=\"elementor-widget-container\">\n\t\t\t\t\t\t\t\t\t<h5>Schutz f\u00fcr den Fall der F\u00e4lle<\/h5><p>Im Alltag gibt es viele Risiken. Manche sind Ihnen meist gut bekannt, andere nicht. Doch gerade scheinbar kleine Dinge k\u00f6nnen zu Problemen werden, die nicht nur Ihr Geld, sondern im schlimmsten Fall sogar Ihre Existenz gef\u00e4hrden.  <\/p><p>Welche Versicherungen sind wirklich notwendig und welche nicht? In der gro\u00dfen Vielfalt an Versicherungen ist es oft schwierig, eine passende Antwort zu finden. Seit 2019 gibt es die DIN-Norm 77230, eine \u201eBasisfinanzanalyse f\u00fcr Privathaushalte\u201c. Damit pr\u00fcfen wir genau Ihre pers\u00f6nliche Situation und sagen Ihnen, welche Versicherungen wichtig sind und welche eher zus\u00e4tzlich und nicht unbedingt n\u00f6tig sind. Neben den Pflichtversicherungen gibt es meist einige Vertr\u00e4ge, die Sie unbedingt abschlie\u00dfen sollten, weil sie Sie vor gro\u00dfen finanziellen Risiken sch\u00fctzen. Das Gute daran ist: Wichtige Versicherungen m\u00fcssen nicht immer teuer sein.    <\/p>\t\t\t\t\t\t\t\t<\/div>\n\t\t\t\t<\/div>\n\t\t\t\t<div class=\"elementor-element elementor-element-de03311 textblock-full-width-margin-left elementor-widget elementor-widget-text-editor\" data-id=\"de03311\" data-element_type=\"widget\" data-e-type=\"widget\" data-widget_type=\"text-editor.default\">\n\t\t\t\t<div class=\"elementor-widget-container\">\n\t\t\t\t\t\t\t\t\t<h5>Alle wichtigen Versicherungen bequem aus einer Quelle<\/h5><p>Es gibt viele Sachversicherungen. Mit dieser Art von Versicherung sch\u00fctzen Sie Ihr Eigentum, also Ihre Sachen, vor bestimmten Gefahren. Dabei k\u00f6nnen Sie verschiedene Risiken absichern. Die h\u00e4ufigsten Sachwerte, die versichert werden, sind zum Beispiel H\u00e4user, Fahrzeuge, Haustiere, Gebrauchsgegenst\u00e4nde, Gerichtskosten oder Einrichtungsgegenst\u00e4nde. Eine Kfz-Versicherung ist zum Beispiel Pflicht, wenn Sie ein Auto fahren m\u00f6chten. Eine Hausratversicherung sch\u00fctzt Ihr eigenes Inventar. Sie ist daher sinnvoll und empfehlenswert, aber freiwillig.     <\/p>\t\t\t\t\t\t\t\t<\/div>\n\t\t\t\t<\/div>\n\t\t\t\t<div class=\"elementor-element elementor-element-cdf4bc1 textblock-full-width-margin-left elementor-widget elementor-widget-text-editor\" data-id=\"cdf4bc1\" data-element_type=\"widget\" data-e-type=\"widget\" data-widget_type=\"text-editor.default\">\n\t\t\t\t<div class=\"elementor-widget-container\">\n\t\t\t\t\t\t\t\t\t<div class=\"eut-element eut-text textblock-full-width-margin-left\"><h5>Die wichtigsten Sachversicherungen sind<\/h5><ul><li>Haftpflicht<\/li><li>Haus und Wohnen<\/li><li>Freizeit und Reise<\/li><li>Rechtsschutz<\/li><li>Verm\u00f6genswerte<\/li><li>Kfz<\/li><li>Elektronik<\/li><\/ul><p>Die <a href=\"https:\/\/mayflower-capital.de\/beratung-services\/analyse-nach-din\/\">Analyse nach DIN 77230<\/a> zeigt, welche Versicherungen f\u00fcr Ihre pers\u00f6nliche Situation sinnvoll sind. Aber welche Anbieter und Tarife passen am besten zu Ihnen? Wir vergleichen f\u00fcr Sie die Angebote auf dem Markt. Mit unserer gro\u00dfen Datenbank k\u00f6nnen wir Preise und vor allem Leistungen vergleichen. Dabei suchen wir unabh\u00e4ngig und neutral die passende Absicherung, die zu Ihrer Situation und Ihren W\u00fcnschen passt.    <\/p><\/div>\t\t\t\t\t\t\t\t<\/div>\n\t\t\t\t<\/div>\n\t\t\t\t<div class=\"elementor-element elementor-element-6f9cb15 elementor-widget elementor-widget-button\" data-id=\"6f9cb15\" data-element_type=\"widget\" data-e-type=\"widget\" data-widget_type=\"button.default\">\n\t\t\t\t<div class=\"elementor-widget-container\">\n\t\t\t\t\t\t\t\t\t<div class=\"elementor-button-wrapper\">\n\t\t\t\t\t<a class=\"elementor-button elementor-button-link elementor-size-sm\" href=\"https:\/\/mayflower-capital.de\/ueber-mayflower-capital\/kontakt\/\">\n\t\t\t\t\t\t<span class=\"elementor-button-content-wrapper\">\n\t\t\t\t\t\t\t\t\t<span class=\"elementor-button-text\">Jetzt anfragen<\/span>\n\t\t\t\t\t<\/span>\n\t\t\t\t\t<\/a>\n\t\t\t\t<\/div>\n\t\t\t\t\t\t\t\t<\/div>\n\t\t\t\t<\/div>\n\t\t\t\t\t<\/div>\n\t\t\t\t<\/div>\n\t\t\t\t<\/div>\n\t\t","protected":false},"excerpt":{"rendered":"<p>RUNDUM-SCHUTZ AUS EINER HAND<\/p>\n","protected":false},"author":1,"featured_media":21346,"parent":21736,"menu_order":0,"comment_status":"closed","ping_status":"closed","template":"","meta":{"_acf_changed":false,"footnotes":""},"folder":[837],"class_list":["post-21753","page","type-page","status-publish","has-post-thumbnail","hentry"],"acf":[],"yoast_head":"<!-- This site is optimized with the Yoast SEO plugin v27.4 - https:\/\/yoast.com\/product\/yoast-seo-wordpress\/ -->\n<title>Absicherung - Mayflower Capital<\/title>\n<meta name=\"description\" content=\"Mayflower Capital bietet unabh\u00e4ngige Beratung zur optimalen Absicherung Ihres Eigentums und Verm\u00f6gens durch individuelle Sachversicherungen.\" \/>\n<meta name=\"robots\" content=\"index, follow, max-snippet:-1, max-image-preview:large, max-video-preview:-1\" \/>\n<link rel=\"canonical\" href=\"https:\/\/mayflower-capital.de\/nds-de\/dienstleistungen\/absicherung\/\" \/>\n<meta property=\"og:locale\" content=\"en_US\" \/>\n<meta property=\"og:type\" content=\"article\" \/>\n<meta property=\"og:title\" content=\"Absicherung - Mayflower Capital\" \/>\n<meta property=\"og:description\" content=\"Mayflower Capital bietet unabh\u00e4ngige Beratung zur optimalen Absicherung Ihres Eigentums und Verm\u00f6gens durch individuelle Sachversicherungen.\" \/>\n<meta property=\"og:url\" content=\"https:\/\/mayflower-capital.de\/nds-de\/dienstleistungen\/absicherung\/\" \/>\n<meta property=\"og:site_name\" content=\"Mayflower Capital\" \/>\n<meta property=\"article:publisher\" content=\"https:\/\/www.facebook.com\/MayflowerCapital\" \/>\n<meta property=\"article:modified_time\" content=\"2025-06-05T15:02:27+00:00\" \/>\n<meta property=\"og:image\" content=\"https:\/\/mayflower-capital.de\/wp-content\/uploads\/2020\/09\/absicherung.jpg\" \/>\n\t<meta property=\"og:image:width\" content=\"1920\" \/>\n\t<meta property=\"og:image:height\" content=\"823\" \/>\n\t<meta property=\"og:image:type\" content=\"image\/jpeg\" \/>\n<meta name=\"twitter:card\" content=\"summary_large_image\" \/>\n<meta name=\"twitter:label1\" content=\"Est. reading time\" \/>\n\t<meta name=\"twitter:data1\" content=\"2 minutes\" \/>\n<script type=\"application\/ld+json\" class=\"yoast-schema-graph\">{\"@context\":\"https:\\\/\\\/schema.org\",\"@graph\":[{\"@type\":\"WebPage\",\"@id\":\"https:\\\/\\\/mayflower-capital.de\\\/nds-de\\\/dienstleistungen\\\/absicherung\\\/\",\"url\":\"https:\\\/\\\/mayflower-capital.de\\\/nds-de\\\/dienstleistungen\\\/absicherung\\\/\",\"name\":\"Absicherung - Mayflower Capital\",\"isPartOf\":{\"@id\":\"https:\\\/\\\/mayflower-capital.de\\\/#website\"},\"primaryImageOfPage\":{\"@id\":\"https:\\\/\\\/mayflower-capital.de\\\/nds-de\\\/dienstleistungen\\\/absicherung\\\/#primaryimage\"},\"image\":{\"@id\":\"https:\\\/\\\/mayflower-capital.de\\\/nds-de\\\/dienstleistungen\\\/absicherung\\\/#primaryimage\"},\"thumbnailUrl\":\"https:\\\/\\\/mayflower-capital.de\\\/wp-content\\\/uploads\\\/2020\\\/09\\\/absicherung.jpg\",\"datePublished\":\"2019-12-13T01:40:59+00:00\",\"dateModified\":\"2025-06-05T15:02:27+00:00\",\"description\":\"Mayflower Capital bietet unabh\u00e4ngige Beratung zur optimalen Absicherung Ihres Eigentums und Verm\u00f6gens durch individuelle Sachversicherungen.\",\"breadcrumb\":{\"@id\":\"https:\\\/\\\/mayflower-capital.de\\\/nds-de\\\/dienstleistungen\\\/absicherung\\\/#breadcrumb\"},\"inLanguage\":\"nds-DE\",\"potentialAction\":[{\"@type\":\"ReadAction\",\"target\":[\"https:\\\/\\\/mayflower-capital.de\\\/nds-de\\\/dienstleistungen\\\/absicherung\\\/\"]}]},{\"@type\":\"ImageObject\",\"inLanguage\":\"nds-DE\",\"@id\":\"https:\\\/\\\/mayflower-capital.de\\\/nds-de\\\/dienstleistungen\\\/absicherung\\\/#primaryimage\",\"url\":\"https:\\\/\\\/mayflower-capital.de\\\/wp-content\\\/uploads\\\/2020\\\/09\\\/absicherung.jpg\",\"contentUrl\":\"https:\\\/\\\/mayflower-capital.de\\\/wp-content\\\/uploads\\\/2020\\\/09\\\/absicherung.jpg\",\"width\":1920,\"height\":823,\"caption\":\"Mayflower Capital: Absicherung\"},{\"@type\":\"BreadcrumbList\",\"@id\":\"https:\\\/\\\/mayflower-capital.de\\\/nds-de\\\/dienstleistungen\\\/absicherung\\\/#breadcrumb\",\"itemListElement\":[{\"@type\":\"ListItem\",\"position\":1,\"name\":\"Home\",\"item\":\"https:\\\/\\\/mayflower-capital.de\\\/nds-de\\\/home\\\/\"},{\"@type\":\"ListItem\",\"position\":2,\"name\":\"Dienstleistungen\",\"item\":\"https:\\\/\\\/mayflower-capital.de\\\/dienstleistungen\\\/\"},{\"@type\":\"ListItem\",\"position\":3,\"name\":\"Absicherung\"}]},{\"@type\":\"WebSite\",\"@id\":\"https:\\\/\\\/mayflower-capital.de\\\/#website\",\"url\":\"https:\\\/\\\/mayflower-capital.de\\\/\",\"name\":\"Mayflower Capital\",\"description\":\"Die unabh\u00e4ngige Finanzberatung\",\"publisher\":{\"@id\":\"https:\\\/\\\/mayflower-capital.de\\\/#organization\"},\"potentialAction\":[{\"@type\":\"SearchAction\",\"target\":{\"@type\":\"EntryPoint\",\"urlTemplate\":\"https:\\\/\\\/mayflower-capital.de\\\/?s={search_term_string}\"},\"query-input\":{\"@type\":\"PropertyValueSpecification\",\"valueRequired\":true,\"valueName\":\"search_term_string\"}}],\"inLanguage\":\"nds-DE\"},{\"@type\":\"Organization\",\"@id\":\"https:\\\/\\\/mayflower-capital.de\\\/#organization\",\"name\":\"Mayflower Capital\",\"url\":\"https:\\\/\\\/mayflower-capital.de\\\/\",\"logo\":{\"@type\":\"ImageObject\",\"inLanguage\":\"nds-DE\",\"@id\":\"https:\\\/\\\/mayflower-capital.de\\\/#\\\/schema\\\/logo\\\/image\\\/\",\"url\":\"https:\\\/\\\/mayflower-capital.de\\\/wp-content\\\/uploads\\\/2023\\\/09\\\/Logo_Mayflower_RGB.svg\",\"contentUrl\":\"https:\\\/\\\/mayflower-capital.de\\\/wp-content\\\/uploads\\\/2023\\\/09\\\/Logo_Mayflower_RGB.svg\",\"width\":272,\"height\":149,\"caption\":\"Mayflower Capital\"},\"image\":{\"@id\":\"https:\\\/\\\/mayflower-capital.de\\\/#\\\/schema\\\/logo\\\/image\\\/\"},\"sameAs\":[\"https:\\\/\\\/www.facebook.com\\\/MayflowerCapital\",\"https:\\\/\\\/www.instagram.com\\\/mayflowercapital\\\/\",\"https:\\\/\\\/www.linkedin.com\\\/company\\\/mayflowercapital-ag\\\/\"]}]}<\/script>\n<!-- \/ Yoast SEO plugin. -->","yoast_head_json":{"title":"Absicherung - Mayflower Capital","description":"Mayflower Capital bietet unabh\u00e4ngige Beratung zur optimalen Absicherung Ihres Eigentums und Verm\u00f6gens durch individuelle Sachversicherungen.","robots":{"index":"index","follow":"follow","max-snippet":"max-snippet:-1","max-image-preview":"max-image-preview:large","max-video-preview":"max-video-preview:-1"},"canonical":"https:\/\/mayflower-capital.de\/nds-de\/dienstleistungen\/absicherung\/","og_locale":"en_US","og_type":"article","og_title":"Absicherung - Mayflower Capital","og_description":"Mayflower Capital bietet unabh\u00e4ngige Beratung zur optimalen Absicherung Ihres Eigentums und Verm\u00f6gens durch individuelle Sachversicherungen.","og_url":"https:\/\/mayflower-capital.de\/nds-de\/dienstleistungen\/absicherung\/","og_site_name":"Mayflower Capital","article_publisher":"https:\/\/www.facebook.com\/MayflowerCapital","article_modified_time":"2025-06-05T15:02:27+00:00","og_image":[{"width":1920,"height":823,"url":"https:\/\/mayflower-capital.de\/wp-content\/uploads\/2020\/09\/absicherung.jpg","type":"image\/jpeg"}],"twitter_card":"summary_large_image","twitter_misc":{"Est. reading time":"2 minutes"},"schema":{"@context":"https:\/\/schema.org","@graph":[{"@type":"WebPage","@id":"https:\/\/mayflower-capital.de\/nds-de\/dienstleistungen\/absicherung\/","url":"https:\/\/mayflower-capital.de\/nds-de\/dienstleistungen\/absicherung\/","name":"Absicherung - Mayflower Capital","isPartOf":{"@id":"https:\/\/mayflower-capital.de\/#website"},"primaryImageOfPage":{"@id":"https:\/\/mayflower-capital.de\/nds-de\/dienstleistungen\/absicherung\/#primaryimage"},"image":{"@id":"https:\/\/mayflower-capital.de\/nds-de\/dienstleistungen\/absicherung\/#primaryimage"},"thumbnailUrl":"https:\/\/mayflower-capital.de\/wp-content\/uploads\/2020\/09\/absicherung.jpg","datePublished":"2019-12-13T01:40:59+00:00","dateModified":"2025-06-05T15:02:27+00:00","description":"Mayflower Capital bietet unabh\u00e4ngige Beratung zur optimalen Absicherung Ihres Eigentums und Verm\u00f6gens durch individuelle Sachversicherungen.","breadcrumb":{"@id":"https:\/\/mayflower-capital.de\/nds-de\/dienstleistungen\/absicherung\/#breadcrumb"},"inLanguage":"nds-DE","potentialAction":[{"@type":"ReadAction","target":["https:\/\/mayflower-capital.de\/nds-de\/dienstleistungen\/absicherung\/"]}]},{"@type":"ImageObject","inLanguage":"nds-DE","@id":"https:\/\/mayflower-capital.de\/nds-de\/dienstleistungen\/absicherung\/#primaryimage","url":"https:\/\/mayflower-capital.de\/wp-content\/uploads\/2020\/09\/absicherung.jpg","contentUrl":"https:\/\/mayflower-capital.de\/wp-content\/uploads\/2020\/09\/absicherung.jpg","width":1920,"height":823,"caption":"Mayflower Capital: Absicherung"},{"@type":"BreadcrumbList","@id":"https:\/\/mayflower-capital.de\/nds-de\/dienstleistungen\/absicherung\/#breadcrumb","itemListElement":[{"@type":"ListItem","position":1,"name":"Home","item":"https:\/\/mayflower-capital.de\/nds-de\/home\/"},{"@type":"ListItem","position":2,"name":"Dienstleistungen","item":"https:\/\/mayflower-capital.de\/dienstleistungen\/"},{"@type":"ListItem","position":3,"name":"Absicherung"}]},{"@type":"WebSite","@id":"https:\/\/mayflower-capital.de\/#website","url":"https:\/\/mayflower-capital.de\/","name":"Mayflower Capital","description":"Die unabh\u00e4ngige Finanzberatung","publisher":{"@id":"https:\/\/mayflower-capital.de\/#organization"},"potentialAction":[{"@type":"SearchAction","target":{"@type":"EntryPoint","urlTemplate":"https:\/\/mayflower-capital.de\/?s={search_term_string}"},"query-input":{"@type":"PropertyValueSpecification","valueRequired":true,"valueName":"search_term_string"}}],"inLanguage":"nds-DE"},{"@type":"Organization","@id":"https:\/\/mayflower-capital.de\/#organization","name":"Mayflower Capital","url":"https:\/\/mayflower-capital.de\/","logo":{"@type":"ImageObject","inLanguage":"nds-DE","@id":"https:\/\/mayflower-capital.de\/#\/schema\/logo\/image\/","url":"https:\/\/mayflower-capital.de\/wp-content\/uploads\/2023\/09\/Logo_Mayflower_RGB.svg","contentUrl":"https:\/\/mayflower-capital.de\/wp-content\/uploads\/2023\/09\/Logo_Mayflower_RGB.svg","width":272,"height":149,"caption":"Mayflower Capital"},"image":{"@id":"https:\/\/mayflower-capital.de\/#\/schema\/logo\/image\/"},"sameAs":["https:\/\/www.facebook.com\/MayflowerCapital","https:\/\/www.instagram.com\/mayflowercapital\/","https:\/\/www.linkedin.com\/company\/mayflowercapital-ag\/"]}]}},"_links":{"self":[{"href":"https:\/\/mayflower-capital.de\/nds-de\/wp-json\/wp\/v2\/pages\/21753","targetHints":{"allow":["GET"]}}],"collection":[{"href":"https:\/\/mayflower-capital.de\/nds-de\/wp-json\/wp\/v2\/pages"}],"about":[{"href":"https:\/\/mayflower-capital.de\/nds-de\/wp-json\/wp\/v2\/types\/page"}],"author":[{"embeddable":true,"href":"https:\/\/mayflower-capital.de\/nds-de\/wp-json\/wp\/v2\/users\/1"}],"replies":[{"embeddable":true,"href":"https:\/\/mayflower-capital.de\/nds-de\/wp-json\/wp\/v2\/comments?post=21753"}],"version-history":[{"count":1,"href":"https:\/\/mayflower-capital.de\/nds-de\/wp-json\/wp\/v2\/pages\/21753\/revisions"}],"predecessor-version":[{"id":21754,"href":"https:\/\/mayflower-capital.de\/nds-de\/wp-json\/wp\/v2\/pages\/21753\/revisions\/21754"}],"up":[{"embeddable":true,"href":"https:\/\/mayflower-capital.de\/nds-de\/wp-json\/wp\/v2\/pages\/21736"}],"wp:featuredmedia":[{"embeddable":true,"href":"https:\/\/mayflower-capital.de\/nds-de\/wp-json\/wp\/v2\/media\/21346"}],"wp:attachment":[{"href":"https:\/\/mayflower-capital.de\/nds-de\/wp-json\/wp\/v2\/media?parent=21753"}],"wp:term":[{"taxonomy":"folder","embeddable":true,"href":"https:\/\/mayflower-capital.de\/nds-de\/wp-json\/wp\/v2\/folder?post=21753"}],"curies":[{"name":"wp","href":"https:\/\/api.w.org\/{rel}","templated":true}]}}